{"id":330311,"date":"2023-12-21T09:28:02","date_gmt":"2023-12-21T08:28:02","guid":{"rendered":"https:\/\/ccielyon.com\/conseil-dadministration\/"},"modified":"2024-01-10T16:17:34","modified_gmt":"2024-01-10T15:17:34","slug":"conseil-dadministration","status":"publish","type":"page","link":"https:\/\/ccielyon.com\/fr\/conseil-dadministration\/","title":{"rendered":"Conseil d&rsquo;administration"},"content":{"rendered":"\n<div class=\"wp-block-cover alignfull is-light\" style=\"min-height:300px;aspect-ratio:unset;\"><span aria-hidden=\"true\" class=\"wp-block-cover__background has-background-dim\"><\/span><img decoding=\"async\" width=\"2500\" height=\"600\" class=\"wp-block-cover__image-background wp-image-968\" alt=\"\" src=\"https:\/\/ccielyon.com\/wp-content\/uploads\/2020\/07\/Consiglio-2500x600-1.jpg\" data-object-fit=\"cover\" srcset=\"https:\/\/ccielyon.com\/wp-content\/uploads\/2020\/07\/Consiglio-2500x600-1.jpg 2500w, https:\/\/ccielyon.com\/wp-content\/uploads\/2020\/07\/Consiglio-2500x600-1-300x72.jpg 300w, https:\/\/ccielyon.com\/wp-content\/uploads\/2020\/07\/Consiglio-2500x600-1-1024x246.jpg 1024w, https:\/\/ccielyon.com\/wp-content\/uploads\/2020\/07\/Consiglio-2500x600-1-768x184.jpg 768w, https:\/\/ccielyon.com\/wp-content\/uploads\/2020\/07\/Consiglio-2500x600-1-1536x369.jpg 1536w, https:\/\/ccielyon.com\/wp-content\/uploads\/2020\/07\/Consiglio-2500x600-1-2048x492.jpg 2048w\" sizes=\"(max-width: 2500px) 100vw, 2500px\" \/><div class=\"wp-block-cover__inner-container is-layout-flow wp-block-cover-is-layout-flow\">\n<h1 class=\"wp-block-heading has-text-align-center has-base-3-color has-text-color\">Conseil d&rsquo;administration<\/h1>\n<\/div><\/div>\n\n\n\n<p>La Chambre de Commerce Italienne est repr\u00e9sent\u00e9e par son Pr\u00e9sident et g\u00e9r\u00e9e par un Conseil d\u2019Administration dont les membres sont \u00e9lus par l\u2019Assembl\u00e9e G\u00e9n\u00e9rale des associ\u00e9s pour une dur\u00e9e de trois ans.<\/p>\n\n\n\n<h2 class=\"wp-block-heading has-text-align-center\">Bureau de la pr\u00e9sidence<\/h2>\n\n\n\n<div class=\"wp-block-columns is-layout-flex wp-container-core-columns-is-layout-9d6595d7 wp-block-columns-is-layout-flex\">\n<div class=\"wp-block-column is-layout-flow wp-block-column-is-layout-flow\"><div class=\"wp-block-image is-style-circle-mask is-style-default\">\n<figure class=\"aligncenter size-full is-resized\"><img decoding=\"async\" width=\"768\" height=\"1024\" src=\"https:\/\/ccielyon.com\/wp-content\/uploads\/2024\/01\/2023_01_08_presidente_igor_stamboulian.jpg\" alt=\"\" class=\"wp-image-342034\" style=\"object-fit:cover;width:250px;height:250px\" srcset=\"https:\/\/ccielyon.com\/wp-content\/uploads\/2024\/01\/2023_01_08_presidente_igor_stamboulian.jpg 768w, https:\/\/ccielyon.com\/wp-content\/uploads\/2024\/01\/2023_01_08_presidente_igor_stamboulian-225x300.jpg 225w\" sizes=\"(max-width: 768px) 100vw, 768px\" \/><\/figure><\/div>\n\n\n<p><\/p>\n\n\n\n<p class=\"has-text-align-center\">Stamboulian Igor<\/p>\n\n\n\n<p class=\"has-text-align-center\"><strong><a href=\"http:\/\/www.delsolavocats.com\/Accueil\" target=\"_blank\" rel=\"noreferrer noopener\"><\/a><strong><a href=\"https:\/\/www.comptoir-produits-italiens.fr\/\" target=\"_blank\" rel=\"noreferrer noopener\">COFI Comptoir France Italie<\/a><\/strong><\/strong><\/p>\n<\/div>\n<\/div>\n\n\n\n<div class=\"wp-block-columns is-layout-flex wp-container-core-columns-is-layout-9d6595d7 wp-block-columns-is-layout-flex\">\n<div class=\"wp-block-column is-layout-flow wp-block-column-is-layout-flow\"><div class=\"wp-block-image is-style-circle-mask\">\n<figure class=\"aligncenter size-thumbnail is-resized\"><img decoding=\"async\" width=\"150\" height=\"150\" src=\"https:\/\/ccielyon.com\/wp-content\/uploads\/2023\/11\/Dario-Dalgo-Architecte-150x150.jpeg\" alt=\"\" class=\"wp-image-305548\" style=\"object-fit:cover;width:250px;height:250px\"\/><\/figure><\/div>\n\n\n<p><\/p>\n\n\n\n<p class=\"has-text-align-center\">Dalgo Dario<\/p>\n\n\n\n<p class=\"has-text-align-center\"><strong>Agence DDA Architecture<\/strong><\/p>\n<\/div>\n\n\n\n<div class=\"wp-block-column is-layout-flow wp-block-column-is-layout-flow\"><div class=\"wp-block-image is-style-circle-mask\">\n<figure class=\"aligncenter size-full is-resized\"><img decoding=\"async\" width=\"256\" height=\"290\" src=\"https:\/\/ccielyon.com\/wp-content\/uploads\/2023\/07\/dumez-philippe.jpg\" alt=\"\" class=\"wp-image-240196\" style=\"object-fit:cover;width:250px;height:250px\"\/><\/figure><\/div>\n\n\n<p><\/p>\n\n\n\n<p class=\"has-text-align-center\">Dumez Philippe<\/p>\n\n\n\n<p class=\"has-text-align-center\"><strong><a href=\"http:\/\/www.delsolavocats.com\/Accueil\" target=\"_blank\" rel=\"noreferrer noopener\">Cabinet d&rsquo;Avocats Delsol<\/a><\/strong><\/p>\n<\/div>\n\n\n\n<div class=\"wp-block-column is-layout-flow wp-block-column-is-layout-flow\"><div class=\"wp-block-image is-style-circle-mask\">\n<figure class=\"aligncenter size-full is-resized\"><img decoding=\"async\" width=\"247\" height=\"232\" src=\"https:\/\/ccielyon.com\/wp-content\/uploads\/2023\/07\/MANCUSO-JOEL.jpg\" alt=\"\" class=\"wp-image-240198\" style=\"object-fit:cover;width:250px;height:250px\"\/><\/figure><\/div>\n\n\n<p><\/p>\n\n\n\n<p class=\"has-text-align-center\">Mancuso Jo\u00ebl<\/p>\n\n\n\n<p class=\"has-text-align-center\"><strong><a href=\"http:\/\/www.delsolavocats.com\/Accueil\" target=\"_blank\" rel=\"noreferrer noopener\"><strong><\/strong><\/a><strong><a href=\"https:\/\/cabinetmancuso.fr\/\" target=\"_blank\" rel=\"noreferrer noopener\">Cabinet comptable Mancuso<\/a><\/strong><\/strong><\/p>\n<\/div>\n<\/div>\n\n\n\n<hr class=\"wp-block-separator has-alpha-channel-opacity\"\/>\n\n\n\n<h2 class=\"wp-block-heading has-text-align-center\">Administrateurs<\/h2>\n\n\n\n<div class=\"wp-block-columns is-layout-flex wp-container-core-columns-is-layout-9d6595d7 wp-block-columns-is-layout-flex\">\n<div class=\"wp-block-column is-layout-flow wp-block-column-is-layout-flow\"><div class=\"wp-block-image is-style-circle-mask\">\n<figure class=\"aligncenter size-full is-resized\"><img decoding=\"async\" width=\"247\" height=\"262\" src=\"https:\/\/ccielyon.com\/wp-content\/uploads\/2023\/07\/AMICUCCI-PATRICK.jpg\" alt=\"\" class=\"wp-image-240190\" style=\"object-fit:cover;width:250px;height:250px\"\/><\/figure><\/div>\n\n\n<p><\/p>\n\n\n\n<p class=\"has-text-align-center\">Amicucci Patrick<\/p>\n\n\n\n<p class=\"has-text-align-center\"><strong><a href=\"https:\/\/elyfec.fr\/\" target=\"_blank\" rel=\"noreferrer noopener\">Elyfec<\/a><\/strong><\/p>\n<\/div>\n\n\n\n<div class=\"wp-block-column is-layout-flow wp-block-column-is-layout-flow\"><div class=\"wp-block-image is-style-circle-mask\">\n<figure class=\"aligncenter size-full is-resized\"><img decoding=\"async\" width=\"700\" height=\"795\" src=\"https:\/\/ccielyon.com\/wp-content\/uploads\/2023\/12\/Argan.jpg\" alt=\"\" class=\"wp-image-325336\" style=\"object-fit:cover;width:250px;height:250px\" srcset=\"https:\/\/ccielyon.com\/wp-content\/uploads\/2023\/12\/Argan.jpg 700w, https:\/\/ccielyon.com\/wp-content\/uploads\/2023\/12\/Argan-264x300.jpg 264w\" sizes=\"(max-width: 700px) 100vw, 700px\" \/><\/figure><\/div>\n\n\n<p><\/p>\n\n\n\n<p class=\"has-text-align-center\">Argan Massimo&nbsp;<\/p>\n\n\n\n<p class=\"has-text-align-center\"><strong><a href=\"http:\/\/www.cabinetargan.fr\/\" target=\"_blank\" rel=\"noreferrer noopener\">Cabinet d&rsquo;Avocats Argan<\/a><\/strong><\/p>\n<\/div>\n<\/div>\n\n\n\n<div class=\"wp-block-columns is-layout-flex wp-container-core-columns-is-layout-9d6595d7 wp-block-columns-is-layout-flex\">\n<div class=\"wp-block-column is-layout-flow wp-block-column-is-layout-flow\">\n<figure class=\"wp-block-gallery aligncenter has-nested-images columns-default is-cropped wp-block-gallery-1 is-layout-flex wp-block-gallery-is-layout-flex\"><div class=\"wp-block-image is-style-circle-mask\">\n<figure class=\"aligncenter size-full\"><img decoding=\"async\" width=\"279\" height=\"275\" data-id=\"330866\" src=\"https:\/\/ccielyon.com\/wp-content\/uploads\/2023\/12\/Capture-decran-2023-12-22-a-15.18.09.png\" alt=\"\" class=\"wp-image-330866\" style=\"object-fit:cover\"\/><\/figure><\/div><\/figure>\n\n\n\n<p><\/p>\n\n\n\n<p class=\"has-text-align-center\">Bonnet Thierry<\/p>\n\n\n\n<p class=\"has-text-align-center\"><strong><a href=\"http:\/\/www.castaldipartners.com\" target=\"_blank\" rel=\"noreferrer noopener\">Cabinet d&rsquo;Avocats CastaldiPartners<\/a><\/strong><\/p>\n<\/div>\n\n\n\n<div class=\"wp-block-column is-layout-flow wp-block-column-is-layout-flow\"><div class=\"wp-block-image is-style-circle-mask\">\n<figure class=\"aligncenter size-full is-resized\"><img decoding=\"async\" width=\"247\" height=\"247\" src=\"https:\/\/ccielyon.com\/wp-content\/uploads\/2023\/07\/KAMIL-ADRIAN.jpg\" alt=\"\" class=\"wp-image-240214\" style=\"object-fit:cover;width:250px;height:250px\" srcset=\"https:\/\/ccielyon.com\/wp-content\/uploads\/2023\/07\/KAMIL-ADRIAN.jpg 247w, https:\/\/ccielyon.com\/wp-content\/uploads\/2023\/07\/KAMIL-ADRIAN-150x150.jpg 150w\" sizes=\"(max-width: 247px) 100vw, 247px\" \/><\/figure><\/div>\n\n\n<p><\/p>\n\n\n\n<p class=\"has-text-align-center\">Kamil Adrian<\/p>\n\n\n\n<p class=\"has-text-align-center\"><strong><a href=\"http:\/\/www.konectik.link\/contact-konectik-lyon\/\" target=\"_blank\" rel=\"noreferrer noopener\">Konectik informatique<\/a><\/strong><\/p>\n<\/div>\n<\/div>\n\n\n\n<div class=\"wp-block-columns is-layout-flex wp-container-core-columns-is-layout-9d6595d7 wp-block-columns-is-layout-flex\">\n<div class=\"wp-block-column is-layout-flow wp-block-column-is-layout-flow\"><div class=\"wp-block-image is-style-circle-mask\">\n<figure class=\"aligncenter size-full is-resized\"><img decoding=\"async\" width=\"250\" height=\"247\" src=\"https:\/\/ccielyon.com\/wp-content\/uploads\/2023\/07\/LAFFIN-BAPTISTE.jpg\" alt=\"\" class=\"wp-image-240216\" style=\"object-fit:cover;width:250px;height:250px\"\/><\/figure><\/div>\n\n\n<p><\/p>\n\n\n\n<p class=\"has-text-align-center\">Laffin Baptiste<\/p>\n\n\n\n<p class=\"has-text-align-center\"><strong><a href=\"https:\/\/kume-consulting.com\" target=\"_blank\" rel=\"noreferrer noopener\">K\u00fcme SAS<\/a><\/strong><\/p>\n<\/div>\n\n\n\n<div class=\"wp-block-column is-layout-flow wp-block-column-is-layout-flow\"><div class=\"wp-block-image is-style-circle-mask\">\n<figure class=\"aligncenter size-full is-resized\"><img decoding=\"async\" width=\"600\" height=\"600\" src=\"https:\/\/ccielyon.com\/wp-content\/uploads\/2023\/12\/Mele.jpg\" alt=\"\" class=\"wp-image-325333\" style=\"object-fit:cover;width:250px;height:250px\" srcset=\"https:\/\/ccielyon.com\/wp-content\/uploads\/2023\/12\/Mele.jpg 600w, https:\/\/ccielyon.com\/wp-content\/uploads\/2023\/12\/Mele-300x300.jpg 300w, https:\/\/ccielyon.com\/wp-content\/uploads\/2023\/12\/Mele-150x150.jpg 150w\" sizes=\"(max-width: 600px) 100vw, 600px\" \/><\/figure><\/div>\n\n\n<p><\/p>\n\n\n\n<p class=\"has-text-align-center\">Mele Raffaella<\/p>\n\n\n\n<p class=\"has-text-align-center\"><a href=\"https:\/\/www.dorelan.fr\/fr\/\" target=\"_blank\" rel=\"noreferrer noopener\"><strong>Dorelan France<\/strong><\/a><\/p>\n<\/div>\n<\/div>\n\n\n\n<div class=\"wp-block-columns is-layout-flex wp-container-core-columns-is-layout-9d6595d7 wp-block-columns-is-layout-flex\">\n<div class=\"wp-block-column is-layout-flow wp-block-column-is-layout-flow\"><div class=\"wp-block-image is-style-circle-mask\">\n<figure class=\"aligncenter size-full is-resized\"><img decoding=\"async\" width=\"250\" height=\"250\" src=\"https:\/\/ccielyon.com\/wp-content\/uploads\/2023\/07\/MINICILLO-CHRISTOPHE.jpg\" alt=\"\" class=\"wp-image-240200\" style=\"object-fit:cover;width:250px;height:250px\" srcset=\"https:\/\/ccielyon.com\/wp-content\/uploads\/2023\/07\/MINICILLO-CHRISTOPHE.jpg 250w, https:\/\/ccielyon.com\/wp-content\/uploads\/2023\/07\/MINICILLO-CHRISTOPHE-150x150.jpg 150w\" sizes=\"(max-width: 250px) 100vw, 250px\" \/><\/figure><\/div>\n\n\n<p><\/p>\n\n\n\n<p class=\"has-text-align-center\">Minicillo Christophe &nbsp;<\/p>\n\n\n\n<p class=\"has-text-align-center\"><strong><strong><a href=\"http:\/\/www.credit-agricole.fr\/\" target=\"_blank\" rel=\"noreferrer noopener\">Credit Agricole Centre-Est<\/a><\/strong><\/strong><\/p>\n<\/div>\n\n\n\n<div class=\"wp-block-column is-layout-flow wp-block-column-is-layout-flow\"><div class=\"wp-block-image is-style-circle-mask\">\n<figure class=\"aligncenter size-full is-resized\"><img decoding=\"async\" width=\"150\" height=\"182\" src=\"https:\/\/ccielyon.com\/wp-content\/uploads\/2023\/07\/PASCHETTA-ANDREA.jpg\" alt=\"\" class=\"wp-image-240188\" style=\"object-fit:cover;width:250px;height:250px\"\/><\/figure><\/div>\n\n\n<p><\/p>\n\n\n\n<p class=\"has-text-align-center\">Paschetta Andrea<\/p>\n\n\n\n<p class=\"has-text-align-center\"><strong><a href=\"http:\/\/www.safeside.life\/fr\/\" target=\"_blank\" rel=\"noreferrer noopener\">Consultant en entreprise<\/a><\/strong><\/p>\n<\/div>\n<\/div>\n\n\n\n<div class=\"wp-block-columns is-layout-flex wp-container-core-columns-is-layout-9d6595d7 wp-block-columns-is-layout-flex\">\n<div class=\"wp-block-column is-layout-flow wp-block-column-is-layout-flow\"><div class=\"wp-block-image is-style-circle-mask\">\n<figure class=\"aligncenter size-full is-resized\"><img decoding=\"async\" width=\"152\" height=\"186\" src=\"https:\/\/ccielyon.com\/wp-content\/uploads\/2023\/07\/PIGNATTI-MORANO-LODOVICO-.jpg\" alt=\"\" class=\"wp-image-240186\" style=\"object-fit:cover;width:250px;height:250px\"\/><\/figure><\/div>\n\n\n<p><\/p>\n\n\n\n<p class=\"has-text-align-center\">Pignatti Morano Lodovico &nbsp;<\/p>\n\n\n\n<p class=\"has-text-align-center\"><strong><a href=\"http:\/\/www.italy-sothebysrealty.com\" target=\"_blank\" rel=\"noreferrer noopener\">Italy Sotheby\u2019s International Realty<\/a><\/strong><\/p>\n\n\n\n<p><\/p>\n<\/div>\n\n\n\n<div class=\"wp-block-column is-layout-flow wp-block-column-is-layout-flow\"><div class=\"wp-block-image is-style-circle-mask\">\n<figure class=\"aligncenter size-full is-resized\"><img decoding=\"async\" width=\"247\" height=\"296\" src=\"https:\/\/ccielyon.com\/wp-content\/uploads\/2023\/07\/SEVINO-ALDO.jpg\" alt=\"\" class=\"wp-image-240184\" style=\"object-fit:cover;width:250px;height:250px\"\/><\/figure><\/div>\n\n\n<p><\/p>\n\n\n\n<p class=\"has-text-align-center\">Sevino Aldo<\/p>\n\n\n\n<p class=\"has-text-align-center\"><strong><strong><a href=\"http:\/\/www.asea-avocats.com\" target=\"_blank\" rel=\"noreferrer noopener\">Cabinet d&rsquo;Avocats ASEA<\/a><\/strong><\/strong><\/p>\n<\/div>\n<\/div>\n\n\n\n<div class=\"wp-block-columns is-layout-flex wp-container-core-columns-is-layout-9d6595d7 wp-block-columns-is-layout-flex\"><\/div>\n","protected":false},"excerpt":{"rendered":"<p>La Chambre de Commerce Italienne est repr\u00e9sent\u00e9e par son Pr\u00e9sident et g\u00e9r\u00e9e par un Conseil d\u2019Administration dont les membres sont \u00e9lus par l\u2019Assembl\u00e9e G\u00e9n\u00e9rale des associ\u00e9s pour une dur\u00e9e de trois ans. Bureau de la pr\u00e9sidence Stamboulian Igor COFI Comptoir France Italie Dalgo Dario Agence DDA Architecture Dumez Philippe Cabinet d&rsquo;Avocats Delsol Mancuso Jo\u00ebl Cabinet &#8230; <a title=\"Conseil d&rsquo;administration\" class=\"read-more\" href=\"https:\/\/ccielyon.com\/fr\/conseil-dadministration\/\" aria-label=\"En savoir plus sur Conseil d&rsquo;administration\">(+)<\/a><\/p>\n","protected":false},"author":2,"featured_media":0,"parent":0,"menu_order":0,"comment_status":"closed","ping_status":"closed","template":"","meta":{"footnotes":""},"class_list":["post-330311","page","type-page","status-publish"],"_links":{"self":[{"href":"https:\/\/ccielyon.com\/fr\/wp-json\/wp\/v2\/pages\/330311","targetHints":{"allow":["GET"]}}],"collection":[{"href":"https:\/\/ccielyon.com\/fr\/wp-json\/wp\/v2\/pages"}],"about":[{"href":"https:\/\/ccielyon.com\/fr\/wp-json\/wp\/v2\/types\/page"}],"author":[{"embeddable":true,"href":"https:\/\/ccielyon.com\/fr\/wp-json\/wp\/v2\/users\/2"}],"replies":[{"embeddable":true,"href":"https:\/\/ccielyon.com\/fr\/wp-json\/wp\/v2\/comments?post=330311"}],"version-history":[{"count":0,"href":"https:\/\/ccielyon.com\/fr\/wp-json\/wp\/v2\/pages\/330311\/revisions"}],"wp:attachment":[{"href":"https:\/\/ccielyon.com\/fr\/wp-json\/wp\/v2\/media?parent=330311"}],"curies":[{"name":"wp","href":"https:\/\/api.w.org\/{rel}","templated":true}]}}