{"id":236077,"date":"2023-07-18T12:14:23","date_gmt":"2023-07-18T10:14:23","guid":{"rendered":"https:\/\/ccielyon.com\/?page_id=236077"},"modified":"2023-07-18T12:15:43","modified_gmt":"2023-07-18T10:15:43","slug":"projets","status":"publish","type":"page","link":"https:\/\/ccielyon.com\/fr\/projets\/","title":{"rendered":"Projets"},"content":{"rendered":"\n<div class=\"wp-block-cover alignfull is-light\" style=\"min-height:300px;aspect-ratio:unset;\"><span aria-hidden=\"true\" class=\"wp-block-cover__background has-background-dim\"><\/span><img decoding=\"async\" width=\"986\" height=\"660\" class=\"wp-block-cover__image-background wp-image-236070\" alt=\"\" src=\"https:\/\/ccielyon.com\/wp-content\/uploads\/2023\/07\/progetti.jpg\" data-object-fit=\"cover\" srcset=\"https:\/\/ccielyon.com\/wp-content\/uploads\/2023\/07\/progetti.jpg 986w, https:\/\/ccielyon.com\/wp-content\/uploads\/2023\/07\/progetti-300x201.jpg 300w, https:\/\/ccielyon.com\/wp-content\/uploads\/2023\/07\/progetti-768x514.jpg 768w\" sizes=\"(max-width: 986px) 100vw, 986px\" \/><div class=\"wp-block-cover__inner-container is-layout-flow wp-block-cover-is-layout-flow\">\n<h1 class=\"wp-block-heading has-text-align-center has-base-3-color has-text-color\">PROJETS<\/h1>\n<\/div><\/div>\n\n\n\n<p>La Chambre de commerce italienne de Lyon m\u00e8ne un certain nombre de projets visant \u00e0 promouvoir le commerce entre l&rsquo;Italie et la r\u00e9gion lyonnaise en France.&nbsp;<\/p>\n\n\n\n<p>Ces projets comprennent l&rsquo;organisation de foires et d&rsquo;\u00e9v\u00e9nements commerciaux, qui offrent aux entreprises italiennes des opportunit\u00e9s de r\u00e9seautage et de pr\u00e9sentation de leurs produits et services sur le march\u00e9 fran\u00e7ais.&nbsp;<\/p>\n\n\n\n<p>En outre, la Chambre de commerce italienne apporte son soutien et ses conseils aux entreprises d\u00e9sireuses de s&rsquo;implanter dans la r\u00e9gion lyonnaise, en leur facilitant l&rsquo;acc\u00e8s \u00e0 des informations et \u00e0 des ressources utiles.&nbsp;<\/p>\n\n\n\n<p>La promotion de la culture et de l&rsquo;excellence italiennes est un ult\u00e9rieur objectif, que nous atteignons \u00e0 travers des initiatives culturelles, artistiques et gastronomiques visant \u00e0 renforcer l&rsquo;identit\u00e9 italienne dans la r\u00e9gion de Lyon.<\/p>\n\n\n\n<hr class=\"wp-block-separator has-text-color has-cyan-bluish-gray-color has-css-opacity has-cyan-bluish-gray-background-color has-background\"\/>\n\n\n\n<div class=\"wp-block-columns is-layout-flex wp-container-core-columns-is-layout-9d6595d7 wp-block-columns-is-layout-flex\">\n<div class=\"wp-block-column is-layout-flow wp-block-column-is-layout-flow\" style=\"flex-basis:33.33%\">\n<figure class=\"wp-block-image size-full\"><img decoding=\"async\" width=\"684\" height=\"270\" src=\"https:\/\/ccielyon.com\/wp-content\/uploads\/2023\/07\/Stay-export.png\" alt=\"\" class=\"wp-image-236074\" srcset=\"https:\/\/ccielyon.com\/wp-content\/uploads\/2023\/07\/Stay-export.png 684w, https:\/\/ccielyon.com\/wp-content\/uploads\/2023\/07\/Stay-export-300x118.png 300w\" sizes=\"(max-width: 684px) 100vw, 684px\" \/><\/figure>\n<\/div>\n\n\n\n<div class=\"wp-block-column is-layout-flow wp-block-column-is-layout-flow\" style=\"flex-basis:66.66%\">\n<h2 class=\"wp-block-heading\">STAY EXPORT<\/h2>\n\n\n\n<p>\u00ab\u00a0Stay Export\u00a0\u00bb est un projet de l&rsquo;Unioncamere mis en \u0153uvre en coop\u00e9ration avec l&rsquo;Assocamerestero, qui implique donc les chambres de commerce italiennes en Italie et \u00e0 l&rsquo;\u00e9tranger, et est cofinanc\u00e9 par le Fonds interchambres de l&rsquo;Unioncamere.<\/p>\n\n\n\n<p><a href=\"https:\/\/www.italchamind.org.uk\/projects\/stay-export-2\/\" target=\"_blank\" rel=\"noreferrer noopener\">https:\/\/www.italchamind.org.uk\/projects\/stay-export-2\/<\/a><\/p>\n<\/div>\n<\/div>\n\n\n\n<div class=\"wp-block-columns is-layout-flex wp-container-core-columns-is-layout-9d6595d7 wp-block-columns-is-layout-flex\">\n<div class=\"wp-block-column is-layout-flow wp-block-column-is-layout-flow\" style=\"flex-basis:33.33%\">\n<figure class=\"wp-block-image size-full\"><img decoding=\"async\" width=\"450\" height=\"300\" src=\"https:\/\/ccielyon.com\/wp-content\/uploads\/2023\/07\/Fondi-Export-.png\" alt=\"\" class=\"wp-image-236072\" srcset=\"https:\/\/ccielyon.com\/wp-content\/uploads\/2023\/07\/Fondi-Export-.png 450w, https:\/\/ccielyon.com\/wp-content\/uploads\/2023\/07\/Fondi-Export--300x200.png 300w\" sizes=\"(max-width: 450px) 100vw, 450px\" \/><\/figure>\n<\/div>\n\n\n\n<div class=\"wp-block-column is-layout-flow wp-block-column-is-layout-flow\" style=\"flex-basis:66.66%\">\n<h2 class=\"wp-block-heading\">FONDI EXPORT<\/h2>\n\n\n\n<p>FondiExport.it est le nouveau portail italien o\u00f9 vous pouvez trouver les appels d&rsquo;offres actifs en mati\u00e8re d&rsquo;internationalisation financ\u00e9s par les institutions italiennes, les chambres de commerce italiennes et les r\u00e9gions sur une seule plateforme num\u00e9rique.<\/p>\n\n\n\n<p><a href=\"https:\/\/fondiexport.it\/attivita-export\/europa\/francia\/camera-di-commercio-italiana-per-la-francia-di-lione\/eventi-fiere-export-in-francia-a-lione.html\" target=\"_blank\" rel=\"noreferrer noopener\">https:\/\/fondiexport.it\/attivita-export\/europa\/francia\/camera-di-commercio-italiana-per-la-francia-di-lione\/eventi-fiere-export-in-francia-a-lione.html<\/a><\/p>\n<\/div>\n<\/div>\n","protected":false},"excerpt":{"rendered":"<p>La Chambre de commerce italienne de Lyon m\u00e8ne un certain nombre de projets visant \u00e0 promouvoir le commerce entre l&rsquo;Italie et la r\u00e9gion lyonnaise en France.&nbsp; Ces projets comprennent l&rsquo;organisation de foires et d&rsquo;\u00e9v\u00e9nements commerciaux, qui offrent aux entreprises italiennes des opportunit\u00e9s de r\u00e9seautage et de pr\u00e9sentation de leurs produits et services sur le march\u00e9 &#8230; <a title=\"Projets\" class=\"read-more\" href=\"https:\/\/ccielyon.com\/fr\/projets\/\" aria-label=\"En savoir plus sur Projets\">(+)<\/a><\/p>\n","protected":false},"author":5,"featured_media":236071,"parent":0,"menu_order":0,"comment_status":"closed","ping_status":"closed","template":"","meta":{"footnotes":""},"class_list":["post-236077","page","type-page","status-publish","has-post-thumbnail"],"_links":{"self":[{"href":"https:\/\/ccielyon.com\/fr\/wp-json\/wp\/v2\/pages\/236077","targetHints":{"allow":["GET"]}}],"collection":[{"href":"https:\/\/ccielyon.com\/fr\/wp-json\/wp\/v2\/pages"}],"about":[{"href":"https:\/\/ccielyon.com\/fr\/wp-json\/wp\/v2\/types\/page"}],"author":[{"embeddable":true,"href":"https:\/\/ccielyon.com\/fr\/wp-json\/wp\/v2\/users\/5"}],"replies":[{"embeddable":true,"href":"https:\/\/ccielyon.com\/fr\/wp-json\/wp\/v2\/comments?post=236077"}],"version-history":[{"count":0,"href":"https:\/\/ccielyon.com\/fr\/wp-json\/wp\/v2\/pages\/236077\/revisions"}],"wp:featuredmedia":[{"embeddable":true,"href":"https:\/\/ccielyon.com\/fr\/wp-json\/wp\/v2\/media\/236071"}],"wp:attachment":[{"href":"https:\/\/ccielyon.com\/fr\/wp-json\/wp\/v2\/media?parent=236077"}],"curies":[{"name":"wp","href":"https:\/\/api.w.org\/{rel}","templated":true}]}}