{"id":236058,"date":"2023-07-18T12:01:59","date_gmt":"2023-07-18T10:01:59","guid":{"rendered":"https:\/\/ccielyon.com\/?page_id=236058"},"modified":"2023-07-18T13:26:51","modified_gmt":"2023-07-18T11:26:51","slug":"rapports-economiques","status":"publish","type":"page","link":"https:\/\/ccielyon.com\/fr\/rapports-economiques\/","title":{"rendered":"Rapports \u00e9conomiques"},"content":{"rendered":"\n<div class=\"wp-block-cover alignfull is-light\" style=\"min-height:300px;aspect-ratio:unset;\"><span aria-hidden=\"true\" class=\"wp-block-cover__background has-background-dim\"><\/span><img decoding=\"async\" width=\"925\" height=\"260\" class=\"wp-block-cover__image-background wp-image-236100\" alt=\"\" src=\"https:\/\/ccielyon.com\/wp-content\/uploads\/2023\/07\/Rapporti-economici-1.jpg\" data-object-fit=\"cover\" srcset=\"https:\/\/ccielyon.com\/wp-content\/uploads\/2023\/07\/Rapporti-economici-1.jpg 925w, https:\/\/ccielyon.com\/wp-content\/uploads\/2023\/07\/Rapporti-economici-1-300x84.jpg 300w, https:\/\/ccielyon.com\/wp-content\/uploads\/2023\/07\/Rapporti-economici-1-768x216.jpg 768w\" sizes=\"(max-width: 925px) 100vw, 925px\" \/><div class=\"wp-block-cover__inner-container is-layout-flow wp-block-cover-is-layout-flow\">\n<h1 class=\"wp-block-heading has-text-align-center has-base-3-color has-text-color\">Rapports \u00e9conomiques<\/h1>\n<\/div><\/div>\n\n\n\n<p>Les relations \u00e9conomiques entre l&rsquo;Italie et la France sont tr\u00e8s importantes&nbsp;:<\/p>\n\n\n\n<p>Premi\u00e8rement, les deux pays sont membres de l&rsquo;Union europ\u00e9enne et entretiennent des relations commerciales \u00e9troites.&nbsp;<\/p>\n\n\n\n<p>En effet, l&rsquo;Italie exporte depuis des ann\u00e9es un large \u00e9ventail de produits vers la France, notamment des voitures, des machines sp\u00e9cialis\u00e9es, des articles de mode et des produits alimentaires, et importe des produits pharmaceutiques, des v\u00e9hicules \u00e9lectriques et de l&rsquo;\u00e9nergie.&nbsp;<\/p>\n\n\n\n<p>En outre, les entreprises italiennes et fran\u00e7aises collaborent souvent dans le cadre de partenariats et d&rsquo;accords d&rsquo;investissement.&nbsp;<\/p>\n\n\n\n<p>Le tourisme est \u00e9galement un facteur important, les deux pays \u00e9tant des destinations populaires pour les visiteurs internationaux.&nbsp;<\/p>\n\n\n\n<p>La coop\u00e9ration \u00e9conomique entre l&rsquo;Italie et la France est donc cruciale pour la croissance et la prosp\u00e9rit\u00e9 des deux pays.<\/p>\n\n\n\n<hr class=\"wp-block-separator has-text-color has-cyan-bluish-gray-color has-css-opacity has-cyan-bluish-gray-background-color has-background\"\/>\n\n\n\n<h2 class=\"wp-block-heading has-text-align-center\">RAPPORTS<\/h2>\n\n\n\n<p><strong>Rapport annuel Banque de France (2022)<\/strong><\/p>\n\n\n\n<p><a href=\"https:\/\/publications.banque-france.fr\/rapport-annuel-2022\" target=\"_blank\" rel=\"noreferrer noopener\">https:\/\/publications.banque-france.fr\/rapport-annuel-2022<\/a><\/p>\n\n\n\n<p><strong>Tableau de bord de l\u2019\u00e9conomie Fran\u00e7aise&nbsp;:<\/strong><\/p>\n\n\n\n<p><a href=\"https:\/\/www.insee.fr\/fr\/outil-interactif\/5367857\/tableau\/10_ECC\/16_CEX\" target=\"_blank\" rel=\"noreferrer noopener\">https:\/\/www.insee.fr\/fr\/outil-interactif\/5367857\/tableau\/10_ECC\/16_CEX<\/a><\/p>\n\n\n\n<p><strong>La France et ses partenaires \u00e9conomiques&nbsp;:&nbsp;<\/strong><\/p>\n\n\n\n<p><a href=\"https:\/\/www.diplomatie.gouv.fr\/fr\/politique-etrangere-de-la-france\/diplomatie-economique-et-commerce-exterieur\/la-france-et-ses-partenaires-economiques-pays-par-pays\/\" target=\"_blank\" rel=\"noreferrer noopener\">https:\/\/www.diplomatie.gouv.fr\/fr\/politique-etrangere-de-la-france\/diplomatie-economique-et-commerce-exterieur\/la-france-et-ses-partenaires-economiques-pays-par-pays\/<\/a><\/p>\n\n\n\n<p><strong>Les Chiffres du commerce Ext\u00e9rieur&nbsp;:<\/strong><\/p>\n\n\n\n<p><a href=\"https:\/\/lekiosque.finances.gouv.fr\/\">https:\/\/lekiosque.finances.gouv.fr\/<\/a><\/p>\n\n\n\n<p><strong>Relations \u00e9conomiques bilat\u00e9rales France-Italie&nbsp;:<\/strong><\/p>\n\n\n\n<p><a href=\"https:\/\/www.tresor.economie.gouv.fr\/Pays\/IT\/france-et-italie-une-relation-economique-bilaterale-forte\" target=\"_blank\" rel=\"noreferrer noopener\">https:\/\/www.tresor.economie.gouv.fr\/Pays\/IT\/france-et-italie-une-relation-economique-bilaterale-forte<\/a><\/p>\n\n\n\n<p><strong>Tendances r\u00e9gionales mai 2023&nbsp;:<\/strong><\/p>\n\n\n\n<p><a href=\"https:\/\/www.banque-france.fr\/sites\/default\/files\/medias\/documents\/tr_auvergne-rhone-alpes_mai-2023_0.pdf\" target=\"_blank\" rel=\"noreferrer noopener\">https:\/\/www.banque-france.fr\/sites\/default\/files\/medias\/documents\/tr_auvergne-rhone-alpes_mai-2023_0.pdf<\/a><\/p>\n\n\n\n<p><strong>Rapporti economici Regione Rh\u00f4ne-Alpes:<\/strong><\/p>\n\n\n\n<p>FR&nbsp;<\/p>\n\n\n\n<p><a href=\"https:\/\/www.calameo.com\/cci-ara\/read\/00678750041cc674862ee\" target=\"_blank\" rel=\"noreferrer noopener\">https:\/\/www.calameo.com\/cci-ara\/read\/00678750041cc674862ee<\/a><\/p>\n\n\n\n<p>IT<\/p>\n\n\n\n<p><a href=\"https:\/\/www.calameo.com\/cci-ara\/read\/006787500afe14cfe661f\" target=\"_blank\" rel=\"noreferrer noopener\">https:\/\/www.calameo.com\/cci-ara\/read\/006787500afe14cfe661f<\/a><\/p>\n\n\n\n<p><strong>M\u00e9tropole de Lyon&nbsp;:<\/strong><\/p>\n\n\n\n<p><a href=\"https:\/\/www.calameo.com\/cci-ara\/read\/006787500591fc1e9ff61\" target=\"_blank\" rel=\"noreferrer noopener\">https:\/\/www.calameo.com\/cci-ara\/read\/006787500591fc1e9ff61<\/a><\/p>\n","protected":false},"excerpt":{"rendered":"<p>Les relations \u00e9conomiques entre l&rsquo;Italie et la France sont tr\u00e8s importantes&nbsp;: Premi\u00e8rement, les deux pays sont membres de l&rsquo;Union europ\u00e9enne et entretiennent des relations commerciales \u00e9troites.&nbsp; En effet, l&rsquo;Italie exporte depuis des ann\u00e9es un large \u00e9ventail de produits vers la France, notamment des voitures, des machines sp\u00e9cialis\u00e9es, des articles de mode et des produits alimentaires, &#8230; <a title=\"Rapports \u00e9conomiques\" class=\"read-more\" href=\"https:\/\/ccielyon.com\/fr\/rapports-economiques\/\" aria-label=\"En savoir plus sur Rapports \u00e9conomiques\">(+)<\/a><\/p>\n","protected":false},"author":5,"featured_media":236100,"parent":0,"menu_order":0,"comment_status":"closed","ping_status":"closed","template":"","meta":{"footnotes":""},"class_list":["post-236058","page","type-page","status-publish","has-post-thumbnail"],"_links":{"self":[{"href":"https:\/\/ccielyon.com\/fr\/wp-json\/wp\/v2\/pages\/236058","targetHints":{"allow":["GET"]}}],"collection":[{"href":"https:\/\/ccielyon.com\/fr\/wp-json\/wp\/v2\/pages"}],"about":[{"href":"https:\/\/ccielyon.com\/fr\/wp-json\/wp\/v2\/types\/page"}],"author":[{"embeddable":true,"href":"https:\/\/ccielyon.com\/fr\/wp-json\/wp\/v2\/users\/5"}],"replies":[{"embeddable":true,"href":"https:\/\/ccielyon.com\/fr\/wp-json\/wp\/v2\/comments?post=236058"}],"version-history":[{"count":0,"href":"https:\/\/ccielyon.com\/fr\/wp-json\/wp\/v2\/pages\/236058\/revisions"}],"wp:featuredmedia":[{"embeddable":true,"href":"https:\/\/ccielyon.com\/fr\/wp-json\/wp\/v2\/media\/236100"}],"wp:attachment":[{"href":"https:\/\/ccielyon.com\/fr\/wp-json\/wp\/v2\/media?parent=236058"}],"curies":[{"name":"wp","href":"https:\/\/api.w.org\/{rel}","templated":true}]}}