{"id":2237,"date":"2021-11-20T17:36:55","date_gmt":"2021-11-20T16:36:55","guid":{"rendered":"http:\/\/ccielyon.com\/?page_id=2237"},"modified":"2021-12-09T13:05:29","modified_gmt":"2021-12-09T12:05:29","slug":"espace-entreprise","status":"publish","type":"page","link":"https:\/\/ccielyon.com\/fr\/espace-entreprise\/","title":{"rendered":"Espace entreprise"},"content":{"rendered":"\n<div class=\"wp-block-cover alignfull has-background-dim\" style=\"background-image:url(https:\/\/ccielyon.com\/wp-content\/uploads\/2020\/07\/Spazio-busines-2500x600-1.jpg);min-height:300px;aspect-ratio:unset;\"><div class=\"wp-block-cover__inner-container is-layout-flow wp-block-cover-is-layout-flow\">\n<h1 class=\"has-text-align-center wp-block-heading\">ESPACES ENTREPRISES<\/h1>\n<\/div><\/div>\n\n\n\n<h2 class=\"wp-block-heading\"><strong>Espace Entreprise<\/strong><\/h2>\n\n\n\n<ul class=\"wp-block-list\"><li>Vous souhaitez \u00eatre contact\u00e9 pour participer \u00e0 des \u00e9v\u00e9nements Made in Italy ou \u00e0 des missions commerciales organis\u00e9es par la CCIE Lyon ?<\/li><li>Vous souhaitez publier le profil de votre entreprise ou votre annonce commerciale sur notre panneau d&rsquo;affichage ?<\/li><\/ul>\n\n\n\n<p>La CCIF Lyon offre \u00e0 votre entreprise la possibilit\u00e9 de d\u00e9velopper un package ad hoc comprenant les services les plus utiles pour d\u00e9velopper votre activit\u00e9 sur le march\u00e9 fran\u00e7ais Pour plus d&rsquo;informations, veuillez soumettre votre demande \u00e0 l&rsquo;adresse suivante <strong>info(at)ccielyon.com<\/strong><\/p>\n\n\n\n<hr class=\"wp-block-separator\"\/>\n\n\n\n<h2 class=\"wp-block-heading\"><strong>Espace agent<\/strong><\/h2>\n\n\n\n<p>Nous soutenons le d\u00e9veloppement de votre activit\u00e9 en France en recherchant des agents commerciaux fran\u00e7ais qui correspondent \u00e0 votre profil. qui correspondent \u00e0 votre profil.<\/p>\n\n\n\n<p>Nous s\u00e9lectionnerons les meilleurs profils d&rsquo;agents int\u00e9ress\u00e9s \u00e0 travailler avec vous et, \u00e0 votre demande, nous organiserons un agenda de rencontres (en personne, en ligne ou par t\u00e9l\u00e9phone) avec les candidats les plus int\u00e9ressants. Nos services sont modulaires et vous pouvez d\u00e9cider de nous confier une seule phase ou la recherche compl\u00e8te.<\/p>\n\n\n\n<div class=\"wp-block-buttons is-content-justification-center is-layout-flex wp-container-core-buttons-is-layout-16018d1d wp-block-buttons-is-layout-flex\">\n<div class=\"wp-block-button\"><a class=\"wp-block-button__link wp-element-button\" href=\"https:\/\/ccielyon.com\/fr\/contatti\/\" style=\"border-radius:5px\">Contact<\/a><\/div>\n<\/div>\n","protected":false},"excerpt":{"rendered":"<p>Espace Entreprise Vous souhaitez \u00eatre contact\u00e9 pour participer \u00e0 des \u00e9v\u00e9nements Made in Italy ou \u00e0 des missions commerciales organis\u00e9es par la CCIE Lyon ? Vous souhaitez publier le profil de votre entreprise ou votre annonce commerciale sur notre panneau d&rsquo;affichage ? La CCIF Lyon offre \u00e0 votre entreprise la possibilit\u00e9 de d\u00e9velopper un package &#8230; <a title=\"Espace entreprise\" class=\"read-more\" href=\"https:\/\/ccielyon.com\/fr\/espace-entreprise\/\" aria-label=\"En savoir plus sur Espace entreprise\">(+)<\/a><\/p>\n","protected":false},"author":5,"featured_media":0,"parent":0,"menu_order":0,"comment_status":"closed","ping_status":"closed","template":"","meta":{"footnotes":""},"class_list":["post-2237","page","type-page","status-publish"],"_links":{"self":[{"href":"https:\/\/ccielyon.com\/fr\/wp-json\/wp\/v2\/pages\/2237","targetHints":{"allow":["GET"]}}],"collection":[{"href":"https:\/\/ccielyon.com\/fr\/wp-json\/wp\/v2\/pages"}],"about":[{"href":"https:\/\/ccielyon.com\/fr\/wp-json\/wp\/v2\/types\/page"}],"author":[{"embeddable":true,"href":"https:\/\/ccielyon.com\/fr\/wp-json\/wp\/v2\/users\/5"}],"replies":[{"embeddable":true,"href":"https:\/\/ccielyon.com\/fr\/wp-json\/wp\/v2\/comments?post=2237"}],"version-history":[{"count":0,"href":"https:\/\/ccielyon.com\/fr\/wp-json\/wp\/v2\/pages\/2237\/revisions"}],"wp:attachment":[{"href":"https:\/\/ccielyon.com\/fr\/wp-json\/wp\/v2\/media?parent=2237"}],"curies":[{"name":"wp","href":"https:\/\/api.w.org\/{rel}","templated":true}]}}