{"id":2231,"date":"2021-11-20T17:33:23","date_gmt":"2021-11-20T16:33:23","guid":{"rendered":"http:\/\/ccielyon.com\/?page_id=2231"},"modified":"2023-07-18T13:46:33","modified_gmt":"2023-07-18T11:46:33","slug":"passione-italiana","status":"publish","type":"page","link":"https:\/\/ccielyon.com\/fr\/passione-italiana\/","title":{"rendered":"Passione Italiana"},"content":{"rendered":"\n<div class=\"wp-block-cover alignfull\" style=\"min-height:300px;aspect-ratio:unset;\"><span aria-hidden=\"true\" class=\"wp-block-cover__background has-background-dim\"><\/span><img decoding=\"async\" width=\"2500\" height=\"600\" class=\"wp-block-cover__image-background wp-image-1021\" alt=\"\" src=\"https:\/\/ccielyon.com\/wp-content\/uploads\/2020\/07\/Pasione-italiana-2500x600-1.jpg\" data-object-fit=\"cover\" srcset=\"https:\/\/ccielyon.com\/wp-content\/uploads\/2020\/07\/Pasione-italiana-2500x600-1.jpg 2500w, https:\/\/ccielyon.com\/wp-content\/uploads\/2020\/07\/Pasione-italiana-2500x600-1-300x72.jpg 300w, https:\/\/ccielyon.com\/wp-content\/uploads\/2020\/07\/Pasione-italiana-2500x600-1-1024x246.jpg 1024w, https:\/\/ccielyon.com\/wp-content\/uploads\/2020\/07\/Pasione-italiana-2500x600-1-768x184.jpg 768w, https:\/\/ccielyon.com\/wp-content\/uploads\/2020\/07\/Pasione-italiana-2500x600-1-1536x369.jpg 1536w, https:\/\/ccielyon.com\/wp-content\/uploads\/2020\/07\/Pasione-italiana-2500x600-1-2048x492.jpg 2048w\" sizes=\"(max-width: 2500px) 100vw, 2500px\" \/><div class=\"wp-block-cover__inner-container is-layout-flow wp-block-cover-is-layout-flow\">\n<h1 class=\"wp-block-heading has-text-align-center\">PASSIONE ITALIANA<\/h1>\n<\/div><\/div>\n\n\n\n<h2 class=\"wp-block-heading\">Connaitre les produits \u00ab\u00a0Made in Italy\u00a0\u00bb<\/h2>\n\n\n<div class=\"wp-block-image\">\n<figure class=\"alignleft size-large is-resized\"><img decoding=\"async\" src=\"https:\/\/ccielyon.com\/wp-content\/uploads\/2020\/07\/Pasione-italiana-02.jpg\" alt=\"\" class=\"wp-image-1219\" width=\"240\" height=\"104\" srcset=\"https:\/\/ccielyon.com\/wp-content\/uploads\/2020\/07\/Pasione-italiana-02.jpg 655w, https:\/\/ccielyon.com\/wp-content\/uploads\/2020\/07\/Pasione-italiana-02-300x130.jpg 300w\" sizes=\"(max-width: 240px) 100vw, 240px\" \/><\/figure><\/div>\n\n\n<p><strong>Passione Italiana <\/strong>est un projet de la CCIF Lyon dont l&rsquo;objectif est d&rsquo;identifier et de faire conna\u00eetre aux consommateurs fran\u00e7ais les magasins de la M\u00e9tropole de Lyon et de la r\u00e9gion Auvergne-Rh\u00f4ne-Alpes qui proposent \u00e0 la vente des produits Made in Italy dans tous les secteurs de produits : de l&rsquo;agroalimentaire au mobilier, de l&rsquo;\u00e9clairage au design, du textile-mode, de la bijouterie, de la maroquinerie, etc.<\/p>\n\n\n\n<p>Les consommateurs lyonnais, et plus g\u00e9n\u00e9ralement rh\u00f4nalpins, n&rsquo;h\u00e9sitent souvent pas \u00e0 se rendre en Italie pour faire du shopping, par exemple pendant la p\u00e9riode des soldes. Avec <strong>Passione Italiana<\/strong>, il est possible de trouver et d&rsquo;acheter des produits italiens authentiques toute l&rsquo;ann\u00e9e, m\u00eame au-del\u00e0 des Alpes\u2026 et peut-\u00eatre m\u00eame dans le magasin d&rsquo;\u00e0 c\u00f4t\u00e9 !<\/p>\n\n\n\n<iframe loading=\"lazy\" src=\"https:\/\/www.google.com\/maps\/d\/embed?mid=10rtVwNQUIH5zKoFuBFnVFtrCHF9s1Do&#038;ehbc=2E312F\" width=\"850\" height=\"480\"><\/iframe>\n\n\n\n<p>Notre projet est divis\u00e9 en plusieurs phases :<\/p>\n\n\n\n<ul class=\"wp-block-list\">\n<li>cartographie des magasins vendant d&rsquo;authentiques produits Made in Italy ;<\/li>\n\n\n\n<li>visiter les magasins pour v\u00e9rifier l&rsquo;authenticit\u00e9 italienne des produits en vente et, si la v\u00e9rification est positive, proposer la participation au projet ;<\/li>\n\n\n\n<li>r\u00e9daction d&rsquo;un contrat de participation au projet ;<\/li>\n\n\n\n<li>livraison de l&rsquo;autocollant de fen\u00eatre identifiant les magasins s\u00e9lectionn\u00e9s ;<\/li>\n\n\n\n<li>mise en \u0153uvre d&rsquo;une campagne de communication visant \u00e0 faire conna\u00eetre les magasins certifi\u00e9s gr\u00e2ce \u00e0 l&rsquo;organisation de nouveaux \u00e9v\u00e9nements ;<\/li>\n\n\n\n<li>promotionnels prestigieux consacr\u00e9s aux produits Made in Italy ;<\/li>\n\n\n\n<li>cr\u00e9ation d&rsquo;un guide semestriel en ligne des magasins \u00ab\u00a0Passion italienne\u00a0\u00bb de Lyon et de la r\u00e9gion Auvergne-Rh\u00f4ne-Alpes.<\/li>\n<\/ul>\n\n\n\n<div class=\"wp-block-columns are-vertically-aligned-center is-layout-flex wp-container-core-columns-is-layout-9d6595d7 wp-block-columns-is-layout-flex\">\n<div class=\"wp-block-column is-vertically-aligned-center is-layout-flow wp-block-column-is-layout-flow\" style=\"flex-basis:15.6%\">\n<figure class=\"wp-block-image size-large\"><img decoding=\"async\" width=\"655\" height=\"283\" src=\"https:\/\/ccielyon.com\/wp-content\/uploads\/2020\/07\/Pasione-italiana-02.jpg\" alt=\"\" class=\"wp-image-1219\" srcset=\"https:\/\/ccielyon.com\/wp-content\/uploads\/2020\/07\/Pasione-italiana-02.jpg 655w, https:\/\/ccielyon.com\/wp-content\/uploads\/2020\/07\/Pasione-italiana-02-300x130.jpg 300w\" sizes=\"(max-width: 655px) 100vw, 655px\" \/><\/figure>\n<\/div>\n\n\n\n<div class=\"wp-block-column is-vertically-aligned-center is-layout-flow wp-block-column-is-layout-flow\">\n<h2 class=\"wp-block-heading has-text-align-right\">Vous \u00eates commer\u00e7ant et entrer dans le circuit  <\/h2>\n\n\n\n<h2 class=\"wp-block-heading has-text-align-right\">\u00ab\u00a0Passione Italiana\u00a0\u00bb vous interesse ?<\/h2>\n\n\n\n<p><\/p>\n<\/div>\n\n\n\n<div class=\"wp-block-column is-vertically-aligned-center is-layout-flow wp-block-column-is-layout-flow\" style=\"flex-basis:15.5%\">\n<div class=\"wp-block-buttons is-layout-flex wp-block-buttons-is-layout-flex\">\n<div class=\"wp-block-button\"><a class=\"wp-block-button__link wp-element-button\" href=\"https:\/\/ccielyon.com\/contatti\/\" style=\"border-radius:5px\">Contactez-nous<\/a><\/div>\n<\/div>\n<\/div>\n<\/div>\n\n\n\n<hr class=\"wp-block-separator has-text-color has-cyan-bluish-gray-color has-css-opacity has-cyan-bluish-gray-background-color has-background\"\/>\n\n\n\n<h1 class=\"wp-block-heading has-text-align-center\"><strong>\u00c9v\u00e9nements Passione Italiana<\/strong><\/h1>\n\n\n\n<div style=\"height:20px\" aria-hidden=\"true\" class=\"wp-block-spacer\"><\/div>\n\n\n<style>.wp-show-posts-columns#wpsp-929 {margin-left: -2em; }.wp-show-posts-columns#wpsp-929 .wp-show-posts-inner {margin: 0 0 2em 2em; }<\/style><section id=\"wpsp-929\" class=\" wp-show-posts-columns wp-show-posts\" style=\"\"><article class=\" wp-show-posts-single post-313175 post type-post status-publish format-standard has-post-thumbnail hentry category-evenement-general category-evenements-true-italian-taste category-eventi-passione-italiana-fr category-news-generale-fr tag-export-fr tag-francia-fr tag-trueitaliantaste-2-fr wpsp-col-4\" itemtype=\"http:\/\/schema.org\/CreativeWork\" itemscope><div class=\"wp-show-posts-inner\" style=\"\">\t\t<div class=\"wp-show-posts-image  wpsp-image-center \">\n\t\t\t<a href=\"https:\/\/ccielyon.com\/fr\/la-ccif-lione-riceve-il-prestigioso-riconoscimento-di-ambasciatore-delle-eccellenze-italiane\/\"  title=\"Le CCIF Lyon re\u00e7oit le prestigieux prix \u00ab\u00a0Ambassadeur de l&rsquo;excellence italienne\u00a0\u00bb\"><img decoding=\"async\" width=\"1300\" height=\"600\" src=\"https:\/\/ccielyon.com\/wp-content\/uploads\/2023\/11\/foto4.png\" class=\"attachment-full size-full wp-post-image\" alt=\"\" itemprop=\"image\" srcset=\"https:\/\/ccielyon.com\/wp-content\/uploads\/2023\/11\/foto4.png 1300w, https:\/\/ccielyon.com\/wp-content\/uploads\/2023\/11\/foto4-300x138.png 300w, https:\/\/ccielyon.com\/wp-content\/uploads\/2023\/11\/foto4-1024x473.png 1024w, https:\/\/ccielyon.com\/wp-content\/uploads\/2023\/11\/foto4-768x354.png 768w\" sizes=\"(max-width: 1300px) 100vw, 1300px\" \/><\/a>\t\t<\/div>\n\t\t\t\t\t\t\t\t<header class=\"wp-show-posts-entry-header\">\n\t\t\t\t\t\t\t<h2 class=\"wp-show-posts-entry-title\" itemprop=\"headline\"><a href=\"https:\/\/ccielyon.com\/fr\/la-ccif-lione-riceve-il-prestigioso-riconoscimento-di-ambasciatore-delle-eccellenze-italiane\/\" rel=\"bookmark\">Le CCIF Lyon re\u00e7oit le prestigieux prix \u00ab\u00a0Ambassadeur de l&rsquo;excellence italienne\u00a0\u00bb<\/a><\/h2>\t\t\t\t\t\t<\/header><!-- .entry-header -->\n\t\t\t\t\t\t\t\t\t\t\t<div class=\"wp-show-posts-entry-summary\" itemprop=\"text\">\n\t\t\t\t\t\t\t<p>La Chambre de commerce italienne pour la France \u00e0 Lyon a re\u00e7u la prestigieuse distinction d&rsquo;\u00a0\u00bbAmbassadeur de l&rsquo;excellence italienne en France\u00a0\u00bb des mains du Ministre de l&rsquo;Agriculture, de la Souverainet\u00e9&#8230;<\/p>\n\t\t\t\t\t\t<\/div><!-- .entry-summary -->\n\t\t\t\t\t<\/div><!-- wp-show-posts-inner --><\/article><div class=\"wpsp-clear\"><\/div><\/section><!-- .wp-show-posts -->\n","protected":false},"excerpt":{"rendered":"<p>Connaitre les produits \u00ab\u00a0Made in Italy\u00a0\u00bb Passione Italiana est un projet de la CCIF Lyon dont l&rsquo;objectif est d&rsquo;identifier et de faire conna\u00eetre aux consommateurs fran\u00e7ais les magasins de la M\u00e9tropole de Lyon et de la r\u00e9gion Auvergne-Rh\u00f4ne-Alpes qui proposent \u00e0 la vente des produits Made in Italy dans tous les secteurs de produits : &#8230; <a title=\"Le CCIF Lyon re\u00e7oit le prestigieux prix \u00ab\u00a0Ambassadeur de l&rsquo;excellence italienne\u00a0\u00bb\" class=\"read-more\" href=\"https:\/\/ccielyon.com\/fr\/la-ccif-lione-riceve-il-prestigioso-riconoscimento-di-ambasciatore-delle-eccellenze-italiane\/\" aria-label=\"En savoir plus sur Le CCIF Lyon re\u00e7oit le prestigieux prix \u00ab\u00a0Ambassadeur de l&rsquo;excellence italienne\u00a0\u00bb\">(+)<\/a><\/p>\n","protected":false},"author":5,"featured_media":0,"parent":0,"menu_order":0,"comment_status":"closed","ping_status":"closed","template":"","meta":{"footnotes":""},"class_list":["post-2231","page","type-page","status-publish","hentry","generate-columns","tablet-grid-50","mobile-grid-100","grid-parent","grid-33"],"_links":{"self":[{"href":"https:\/\/ccielyon.com\/fr\/wp-json\/wp\/v2\/pages\/2231","targetHints":{"allow":["GET"]}}],"collection":[{"href":"https:\/\/ccielyon.com\/fr\/wp-json\/wp\/v2\/pages"}],"about":[{"href":"https:\/\/ccielyon.com\/fr\/wp-json\/wp\/v2\/types\/page"}],"author":[{"embeddable":true,"href":"https:\/\/ccielyon.com\/fr\/wp-json\/wp\/v2\/users\/5"}],"replies":[{"embeddable":true,"href":"https:\/\/ccielyon.com\/fr\/wp-json\/wp\/v2\/comments?post=2231"}],"version-history":[{"count":0,"href":"https:\/\/ccielyon.com\/fr\/wp-json\/wp\/v2\/pages\/2231\/revisions"}],"wp:attachment":[{"href":"https:\/\/ccielyon.com\/fr\/wp-json\/wp\/v2\/media?parent=2231"}],"curies":[{"name":"wp","href":"https:\/\/api.w.org\/{rel}","templated":true}]}}