{"id":2227,"date":"2021-11-20T17:29:32","date_gmt":"2021-11-20T16:29:32","guid":{"rendered":"http:\/\/ccielyon.com\/?page_id=2227"},"modified":"2021-12-09T13:56:21","modified_gmt":"2021-12-09T12:56:21","slug":"true-italian-taste","status":"publish","type":"page","link":"https:\/\/ccielyon.com\/fr\/true-italian-taste\/","title":{"rendered":"True Italian Taste"},"content":{"rendered":"\n<div class=\"wp-block-cover alignfull has-background-dim\" style=\"background-image:url(https:\/\/ccielyon.com\/wp-content\/uploads\/2020\/07\/Italian-Taste.jpg);min-height:300px;aspect-ratio:unset;\"><div class=\"wp-block-cover__inner-container is-layout-flow wp-block-cover-is-layout-flow\">\n<h1 class=\"has-text-align-center wp-block-heading\">TRUE ITALIAN TASTE<\/h1>\n<\/div><\/div>\n\n\n\n<h2 class=\"wp-block-heading\"><strong><strong>Projet de valorisation des produits agroalimentaires italiens authentiques<\/strong><\/strong><\/h2>\n\n\n\n<div class=\"wp-block-image\"><figure class=\"alignleft size-large is-resized\"><img decoding=\"async\" src=\"https:\/\/ccielyon.com\/wp-content\/uploads\/2020\/07\/Extraordinary-Italian-Taste-rgb-2-1024x1024.jpg\" alt=\"\" class=\"wp-image-1168\" width=\"190\" height=\"190\" srcset=\"https:\/\/ccielyon.com\/wp-content\/uploads\/2020\/07\/Extraordinary-Italian-Taste-rgb-2-1024x1024.jpg 1024w, https:\/\/ccielyon.com\/wp-content\/uploads\/2020\/07\/Extraordinary-Italian-Taste-rgb-2-300x300.jpg 300w, https:\/\/ccielyon.com\/wp-content\/uploads\/2020\/07\/Extraordinary-Italian-Taste-rgb-2-150x150.jpg 150w, https:\/\/ccielyon.com\/wp-content\/uploads\/2020\/07\/Extraordinary-Italian-Taste-rgb-2-768x768.jpg 768w, https:\/\/ccielyon.com\/wp-content\/uploads\/2020\/07\/Extraordinary-Italian-Taste-rgb-2.jpg 1134w\" sizes=\"(max-width: 190px) 100vw, 190px\" \/><\/figure><\/div>\n\n\n\n<p>Accro\u00eetre la connaissance des produits agroalimentaires italiens authentiques sur le march\u00e9 fran\u00e7ais, \u00e0 travers des campagnes de sensibilisation du consommateur finalis\u00e9es \u00e0 une prise de conscience leur permettant de reconna\u00eetre les caract\u00e9ristiques qualitatives et de production pour distinguer les vrais produits italiens des faux, qui abusent du Brand \u201cMade in Italy\u201d pour des raisons promotionnelles et commerciales (Italian sounding).<\/p>\n\n\n\n<p>Tel est l\u2019objectif du projet \u201cTrue Italian Taste\u201d, qui a d\u00e9but\u00e9 en 2016 sur les march\u00e9s des \u00c9tats Unis, du Canada et du Mexique, et a \u00e9t\u00e9 d\u00e9velopp\u00e9 en 2017 en Belgique, France, Allemagne, au Luxembourg, aux Pays Bas et au Royaume Uni, en Espagne et en Suisse, pour atteindre aujourd\u2019hui la Chine, Hong Kong, la Cor\u00e9e du Sud, le Japon, Singapour, la Tha\u00eflande, le Vietnam, l\u2019Australie, le Br\u00e9sil, l\u2019Inde, la Pologne et la Russie.<\/p>\n\n\n\n<figure class=\"wp-block-embed-youtube wp-block-embed is-type-video is-provider-youtube wp-embed-aspect-16-9 wp-has-aspect-ratio\"><div class=\"wp-block-embed__wrapper\">\n<iframe loading=\"lazy\" title=\"TRUE ITALIAN TASTE\" width=\"1200\" height=\"675\" src=\"https:\/\/www.youtube.com\/embed\/_i1zpDpNxbM?feature=oembed\" frameborder=\"0\" allow=\"accelerometer; autoplay; clipboard-write; encrypted-media; gyroscope; picture-in-picture\" allowfullscreen><\/iframe>\n<\/div><\/figure>\n\n\n\n<p>Cette campagne mondiale, promue et financ\u00e9e par le Gouvernement Italien et r\u00e9alis\u00e9e par Assocamerestero avec la collaboration des Chambres de Commerce Italiennes \u00e0 l\u2019\u00e9tranger dans les pays impliqu\u00e9s, pr\u00e9voit la r\u00e9alisation d\u2019une s\u00e9rie d\u2019actions qui combinent celles d\u2019information et de connaissance des v\u00e9ritables produits italiens avec celles de valorisation des producteurs agroalimentaires italiens.<\/p>\n\n\n\n<ul class=\"wp-block-list\"><li>Identification et implication d\u2019influenceurs sp\u00e9cialis\u00e9s (professionnels du secteur \u0153nogastronomique, journalistes, leaders d\u2019opinion, chefs, experts en alimentation etc.)<\/li><\/ul>\n\n\n\n<ul class=\"wp-block-list\"><li>Organisation de rencontres B2B en Italie, pour faciliter la pr\u00e9sence sur le march\u00e9 fran\u00e7ais des produits typiques, authentiques, certifi\u00e9s et de niche<\/li><\/ul>\n\n\n\n<ul class=\"wp-block-list\"><li>Actions promotionnelles et de formation visant \u00e0 sensibiliser les acteurs \u00e9conomiques et les consommateurs fran\u00e7ais sur les produits 100% italiens. Masterclass, showcooking, espaces dans les boutiques, d\u00e9gustations \u00e0 l\u2019aveugle, concours pour jeunes chefs et sommeliers, s\u00e9minaires et workshop, promotion dans les principales foires d\u00e9di\u00e9es \u00e0 l\u2019\u0153nogastronomie, etc\u2026<\/li><\/ul>\n\n\n\n<ul class=\"wp-block-list\"><li>The Authentic Italian Table: un grand \u00e9v\u00e9nement pour valoriser la restauration italienne li\u00e9e au projet Ospitalit\u00e0 Italiana et pour diffuser l\u2019image de la cuisine italienne r\u00e9alis\u00e9e avec des produits authentiques et tr\u00e8s repr\u00e9sentatifs des territoires d\u2019origine<\/li><\/ul>\n\n\n\n<ul class=\"wp-block-list\"><li>Campagne de communication \u00e0 travers les r\u00e9seaux sociaux, les revues sp\u00e9cialis\u00e9es, le site internet et l\u2019image graphique d\u00e9di\u00e9e au projet.<\/li><\/ul>\n\n\n\n<p>Les activit\u00e9s s\u2019adressent aux importateurs, aux distributeurs, aux responsables des achats, aux chaines hotelli\u00e8res, aux boutiques sp\u00e9cialis\u00e9es, aux chefs, food bloggers, testimonials, influencers, tous li\u00e9s d\u2019une mani\u00e8re ou d\u2019une autre \u00e0 la fili\u00e8re agroalimentaire.<\/p>\n\n\n\n<div class=\"wp-block-columns is-layout-flex wp-container-core-columns-is-layout-9d6595d7 wp-block-columns-is-layout-flex\">\n<div class=\"wp-block-column is-vertically-aligned-center is-layout-flow wp-block-column-is-layout-flow\">\n<div class=\"wp-block-image\"><figure class=\"aligncenter size-large is-resized\"><a href=\"https:\/\/www.instagram.com\/TrueItalianTasteFrance\/\" target=\"_blank\" rel=\"noopener noreferrer\"><img decoding=\"async\" src=\"https:\/\/ccielyon.com\/wp-content\/uploads\/2021\/12\/insta.png\" alt=\"\" class=\"wp-image-3357\" width=\"72\" height=\"72\" srcset=\"https:\/\/ccielyon.com\/wp-content\/uploads\/2021\/12\/insta.png 512w, https:\/\/ccielyon.com\/wp-content\/uploads\/2021\/12\/insta-300x300.png 300w, https:\/\/ccielyon.com\/wp-content\/uploads\/2021\/12\/insta-150x150.png 150w\" sizes=\"(max-width: 72px) 100vw, 72px\" \/><\/a><\/figure><\/div>\n\n\n\n<p><\/p>\n<\/div>\n\n\n\n<div class=\"wp-block-column is-vertically-aligned-center is-layout-flow wp-block-column-is-layout-flow\">\n<div class=\"wp-block-image\"><figure class=\"aligncenter size-large is-resized\"><a href=\"https:\/\/www.facebook.com\/TrueItalianTasteFrance\/\" target=\"_blank\" rel=\"noopener noreferrer\"><img decoding=\"async\" src=\"https:\/\/ccielyon.com\/wp-content\/uploads\/2021\/12\/formation-facebook-complete.png\" alt=\"\" class=\"wp-image-3359\" width=\"70\" height=\"70\" srcset=\"https:\/\/ccielyon.com\/wp-content\/uploads\/2021\/12\/formation-facebook-complete.png 512w, https:\/\/ccielyon.com\/wp-content\/uploads\/2021\/12\/formation-facebook-complete-300x300.png 300w, https:\/\/ccielyon.com\/wp-content\/uploads\/2021\/12\/formation-facebook-complete-150x150.png 150w\" sizes=\"(max-width: 70px) 100vw, 70px\" \/><\/a><\/figure><\/div>\n<\/div>\n\n\n\n<div class=\"wp-block-column is-layout-flow wp-block-column-is-layout-flow\">\n<p class=\"has-text-align-center has-medium-font-size\"><img decoding=\"async\" class=\"wp-image-1198\" style=\"width: 32px;\" src=\"https:\/\/ccielyon.com\/wp-content\/uploads\/2020\/07\/social_youtube_circle.png\" alt=\"\"><br><strong><a rel=\"noreferrer noopener\" href=\"https:\/\/www.youtube.com\/watch?v=_i1zpDpNxbM\" target=\"_blank\">Video<\/a><\/strong><\/p>\n<\/div>\n\n\n\n<div class=\"wp-block-column is-layout-flow wp-block-column-is-layout-flow\">\n<p class=\"has-text-align-center has-medium-font-size\"><img decoding=\"async\" class=\"wp-image-1194\" style=\"width: 32px;\" src=\"https:\/\/ccielyon.com\/wp-content\/uploads\/2020\/07\/icon_info.png\" alt=\"\"><br><a rel=\"noreferrer noopener\" href=\"https:\/\/trueitaliantaste.com\/\" target=\"_blank\"><strong>Trueitaliantaste.com<\/strong><\/a><\/p>\n<\/div>\n<\/div>\n\n\n\n<h2 class=\"has-text-align-center wp-block-heading\">Si vous partagez la passion pour la cuisine italienne authentique&nbsp;<\/h2>\n\n\n\n<h2 class=\"has-text-align-center wp-block-heading\">et vous voulez participer \u00e0 la campagne True Italian Taste&nbsp;<\/h2>\n\n\n\n<h2 class=\"has-text-align-center wp-block-heading\">contactez- nous en cliquant sur le lien ci-dessous<\/h2>\n\n\n\n<div class=\"wp-block-buttons is-content-justification-center is-layout-flex wp-container-core-buttons-is-layout-16018d1d wp-block-buttons-is-layout-flex\">\n<div class=\"wp-block-button\"><a class=\"wp-block-button__link wp-element-button\" href=\"https:\/\/ccielyon.com\/fr\/contatti\/\" style=\"border-radius:5px\">Contact<\/a><\/div>\n<\/div>\n\n\n\n<hr class=\"wp-block-separator has-text-color has-background has-cyan-bluish-gray-background-color has-cyan-bluish-gray-color\"\/>\n\n\n\n<h1 class=\"has-text-align-center wp-block-heading\"><strong><strong>\u00c9v\u00e9nements True Italian Taste<\/strong><\/strong><\/h1>\n\n\n\n<div style=\"height:20px\" aria-hidden=\"true\" class=\"wp-block-spacer\"><\/div>\n\n\n<style>.wp-show-posts-columns#wpsp-820 {margin-left: -2em; }.wp-show-posts-columns#wpsp-820 .wp-show-posts-inner {margin: 0 0 2em 2em; }<\/style><section id=\"wpsp-820\" class=\" wp-show-posts-columns wp-show-posts\" style=\"\"><article class=\" wp-show-posts-single post-313175 post type-post status-publish format-standard has-post-thumbnail hentry category-evenement-general category-evenements-true-italian-taste category-eventi-passione-italiana-fr category-news-generale-fr tag-export-fr tag-francia-fr tag-trueitaliantaste-2-fr wpsp-col-4\" itemtype=\"http:\/\/schema.org\/CreativeWork\" itemscope><div class=\"wp-show-posts-inner\" style=\"\">\t\t<div class=\"wp-show-posts-image  wpsp-image-center \">\n\t\t\t<a href=\"https:\/\/ccielyon.com\/fr\/la-ccif-lione-riceve-il-prestigioso-riconoscimento-di-ambasciatore-delle-eccellenze-italiane\/\"  title=\"Le CCIF Lyon re\u00e7oit le prestigieux prix \u00ab\u00a0Ambassadeur de l&rsquo;excellence italienne\u00a0\u00bb\"><img decoding=\"async\" width=\"1300\" height=\"600\" src=\"https:\/\/ccielyon.com\/wp-content\/uploads\/2023\/11\/foto4.png\" class=\"attachment-full size-full wp-post-image\" alt=\"\" itemprop=\"image\" srcset=\"https:\/\/ccielyon.com\/wp-content\/uploads\/2023\/11\/foto4.png 1300w, https:\/\/ccielyon.com\/wp-content\/uploads\/2023\/11\/foto4-300x138.png 300w, https:\/\/ccielyon.com\/wp-content\/uploads\/2023\/11\/foto4-1024x473.png 1024w, https:\/\/ccielyon.com\/wp-content\/uploads\/2023\/11\/foto4-768x354.png 768w\" sizes=\"(max-width: 1300px) 100vw, 1300px\" \/><\/a>\t\t<\/div>\n\t\t\t\t\t\t\t\t<header class=\"wp-show-posts-entry-header\">\n\t\t\t\t\t\t\t<h2 class=\"wp-show-posts-entry-title\" itemprop=\"headline\"><a href=\"https:\/\/ccielyon.com\/fr\/la-ccif-lione-riceve-il-prestigioso-riconoscimento-di-ambasciatore-delle-eccellenze-italiane\/\" rel=\"bookmark\">Le CCIF Lyon re\u00e7oit le prestigieux prix \u00ab\u00a0Ambassadeur de l&rsquo;excellence italienne\u00a0\u00bb<\/a><\/h2>\t\t\t\t\t\t<\/header><!-- .entry-header -->\n\t\t\t\t\t\t\t\t\t\t\t<div class=\"wp-show-posts-entry-summary\" itemprop=\"text\">\n\t\t\t\t\t\t\t<p>La Chambre de commerce italienne pour la France \u00e0 Lyon a re\u00e7u la prestigieuse distinction d&rsquo;\u00a0\u00bbAmbassadeur de l&rsquo;excellence italienne en France\u00a0\u00bb des mains du Ministre de l&rsquo;Agriculture, de la Souverainet\u00e9&#8230;<\/p>\n\t\t\t\t\t\t<\/div><!-- .entry-summary -->\n\t\t\t\t\t<\/div><!-- wp-show-posts-inner --><\/article><article class=\" wp-show-posts-single post-281584 post type-post status-publish format-standard has-post-thumbnail hentry category-autres-news category-evenement-general category-evenements-true-italian-taste tag-extraordinaryitaliantaste-2 tag-iffoodcouldtalk-2 tag-trueitaliantaste wpsp-col-4\" itemtype=\"http:\/\/schema.org\/CreativeWork\" itemscope><div class=\"wp-show-posts-inner\" style=\"\">\t\t<div class=\"wp-show-posts-image  wpsp-image-center \">\n\t\t\t<a href=\"https:\/\/ccielyon.com\/fr\/soiree-dolce-vita\/\"  title=\"Soir\u00e9e Dolce Vita\"><img decoding=\"async\" width=\"1600\" height=\"1107\" src=\"https:\/\/ccielyon.com\/wp-content\/uploads\/2023\/10\/dolce-vita-1.jpg\" class=\"attachment-full size-full wp-post-image\" alt=\"\" itemprop=\"image\" srcset=\"https:\/\/ccielyon.com\/wp-content\/uploads\/2023\/10\/dolce-vita-1.jpg 1600w, https:\/\/ccielyon.com\/wp-content\/uploads\/2023\/10\/dolce-vita-1-300x208.jpg 300w, https:\/\/ccielyon.com\/wp-content\/uploads\/2023\/10\/dolce-vita-1-1024x708.jpg 1024w, https:\/\/ccielyon.com\/wp-content\/uploads\/2023\/10\/dolce-vita-1-768x531.jpg 768w, https:\/\/ccielyon.com\/wp-content\/uploads\/2023\/10\/dolce-vita-1-1536x1063.jpg 1536w\" sizes=\"(max-width: 1600px) 100vw, 1600px\" \/><\/a>\t\t<\/div>\n\t\t\t\t\t\t\t\t<header class=\"wp-show-posts-entry-header\">\n\t\t\t\t\t\t\t<h2 class=\"wp-show-posts-entry-title\" itemprop=\"headline\"><a href=\"https:\/\/ccielyon.com\/fr\/soiree-dolce-vita\/\" rel=\"bookmark\">Soir\u00e9e Dolce Vita<\/a><\/h2>\t\t\t\t\t\t<\/header><!-- .entry-header -->\n\t\t\t\t\t\t\t\t\t\t\t<div class=\"wp-show-posts-entry-summary\" itemprop=\"text\">\n\t\t\t\t\t\t\t<p>Soir\u00e9e Dolce Vita au Mirtillo Lyon 2\u00e8me organis\u00e9e par la Chambre de Commerce Italienne de Lyon et le Cr\u00e9dit Agricole Centre-Est. Plus de 50 amis de l&rsquo;Italie ont particip\u00e9 \u00e0&#8230;<\/p>\n\t\t\t\t\t\t<\/div><!-- .entry-summary -->\n\t\t\t\t\t<\/div><!-- wp-show-posts-inner --><\/article><article class=\" wp-show-posts-single post-3958 post type-post status-publish format-standard has-post-thumbnail hentry category-autres-news category-evenements-true-italian-taste category-news-projets-speciaux wpsp-col-4\" itemtype=\"http:\/\/schema.org\/CreativeWork\" itemscope><div class=\"wp-show-posts-inner\" style=\"\">\t\t<div class=\"wp-show-posts-image  wpsp-image-center \">\n\t\t\t<a href=\"https:\/\/ccielyon.com\/fr\/mamma-mia-que-cest-bio\/\"  title=\"Mamma mia, que c&rsquo;est bio !\"><img decoding=\"async\" width=\"2031\" height=\"938\" src=\"https:\/\/ccielyon.com\/wp-content\/uploads\/2022\/05\/Authentic-Italian-Table-BIO_LYON_2022.jpg\" class=\"attachment-full size-full wp-post-image\" alt=\"\" itemprop=\"image\" srcset=\"https:\/\/ccielyon.com\/wp-content\/uploads\/2022\/05\/Authentic-Italian-Table-BIO_LYON_2022.jpg 2031w, https:\/\/ccielyon.com\/wp-content\/uploads\/2022\/05\/Authentic-Italian-Table-BIO_LYON_2022-300x139.jpg 300w, https:\/\/ccielyon.com\/wp-content\/uploads\/2022\/05\/Authentic-Italian-Table-BIO_LYON_2022-1024x473.jpg 1024w, https:\/\/ccielyon.com\/wp-content\/uploads\/2022\/05\/Authentic-Italian-Table-BIO_LYON_2022-768x355.jpg 768w, https:\/\/ccielyon.com\/wp-content\/uploads\/2022\/05\/Authentic-Italian-Table-BIO_LYON_2022-1536x709.jpg 1536w\" sizes=\"(max-width: 2031px) 100vw, 2031px\" \/><\/a>\t\t<\/div>\n\t\t\t\t\t\t\t\t<header class=\"wp-show-posts-entry-header\">\n\t\t\t\t\t\t\t<h2 class=\"wp-show-posts-entry-title\" itemprop=\"headline\"><a href=\"https:\/\/ccielyon.com\/fr\/mamma-mia-que-cest-bio\/\" rel=\"bookmark\">Mamma mia, que c&rsquo;est bio !<\/a><\/h2>\t\t\t\t\t\t<\/header><!-- .entry-header -->\n\t\t\t\t\t\t\t\t\t\t\t<div class=\"wp-show-posts-entry-summary\" itemprop=\"text\">\n\t\t\t\t\t\t\t<p>Mamma mia, que c&rsquo;est bio ! est le prochain \u00e9v\u00e9nement Table Authentique Italienne True Italian Taste qui aura lieu le lundi 13 juin 2022 \u00e0 l&rsquo;Atelier gastronomique LelloLab de Lyon&#8230;.<\/p>\n\t\t\t\t\t\t<\/div><!-- .entry-summary -->\n\t\t\t\t\t<\/div><!-- wp-show-posts-inner --><\/article><article class=\" wp-show-posts-single post-66402 post type-post status-publish format-standard has-post-thumbnail hentry category-autres-news category-evenements-true-italian-taste category-news-projets-speciaux tag-extraordinaryitaliantaste-2 tag-iffoodcouldtalk-2 tag-trueitalianfrance-2 tag-trueitaliantaste wpsp-col-4\" itemtype=\"http:\/\/schema.org\/CreativeWork\" itemscope><div class=\"wp-show-posts-inner\" style=\"\">\t\t<div class=\"wp-show-posts-image  wpsp-image-center \">\n\t\t\t<a href=\"https:\/\/ccielyon.com\/fr\/showcooking-degustation-lasagna-divina\/\"  title=\"Showcooking &#038; d\u00e9gustation : Lasagna divina\"><img decoding=\"async\" width=\"650\" height=\"750\" src=\"https:\/\/ccielyon.com\/wp-content\/uploads\/2022\/09\/lasagna_divina-1.png\" class=\"attachment-full size-full wp-post-image\" alt=\"\" itemprop=\"image\" srcset=\"https:\/\/ccielyon.com\/wp-content\/uploads\/2022\/09\/lasagna_divina-1.png 650w, https:\/\/ccielyon.com\/wp-content\/uploads\/2022\/09\/lasagna_divina-1-260x300.png 260w\" sizes=\"(max-width: 650px) 100vw, 650px\" \/><\/a>\t\t<\/div>\n\t\t\t\t\t\t\t\t<header class=\"wp-show-posts-entry-header\">\n\t\t\t\t\t\t\t<h2 class=\"wp-show-posts-entry-title\" itemprop=\"headline\"><a href=\"https:\/\/ccielyon.com\/fr\/showcooking-degustation-lasagna-divina\/\" rel=\"bookmark\">Showcooking &#038; d\u00e9gustation : Lasagna divina<\/a><\/h2>\t\t\t\t\t\t<\/header><!-- .entry-header -->\n\t\t\t\t\t\t\t\t\t\t\t<div class=\"wp-show-posts-entry-summary\" itemprop=\"text\">\n\t\t\t\t\t\t\t<p>Le 30 avril, \u00e0 partir de 11h00, vous avez un rendez-vous \u00e0 l\u2019\u00e9picerie italienne PANINO DIVINO. Le chef Pasquale Ravaioli nous fera go\u00fbter une recette prepar\u00e9e uniquement avec des produits&#8230;<\/p>\n\t\t\t\t\t\t<\/div><!-- .entry-summary -->\n\t\t\t\t\t<\/div><!-- wp-show-posts-inner --><\/article><article class=\" wp-show-posts-single post-3089 post type-post status-publish format-standard has-post-thumbnail hentry category-evenements-true-italian-taste category-eventi-missioni-e-workshop category-news-fr wpsp-col-4\" itemtype=\"http:\/\/schema.org\/CreativeWork\" itemscope><div class=\"wp-show-posts-inner\" style=\"\">\t\t<div class=\"wp-show-posts-image  wpsp-image-center \">\n\t\t\t<a href=\"https:\/\/ccielyon.com\/fr\/lolio-doliva-extra-vergine-dauno-conquista-la-francia\/\"  title=\"L&rsquo;huile d&rsquo;olive extra vierge Dauno conquiert la France\"><img decoding=\"async\" width=\"492\" height=\"367\" src=\"https:\/\/ccielyon.com\/wp-content\/uploads\/2021\/11\/24ccilione.jpg\" class=\"attachment-full size-full wp-post-image\" alt=\"\" itemprop=\"image\" srcset=\"https:\/\/ccielyon.com\/wp-content\/uploads\/2021\/11\/24ccilione.jpg 492w, https:\/\/ccielyon.com\/wp-content\/uploads\/2021\/11\/24ccilione-300x224.jpg 300w\" sizes=\"(max-width: 492px) 100vw, 492px\" \/><\/a>\t\t<\/div>\n\t\t\t\t\t\t\t\t<header class=\"wp-show-posts-entry-header\">\n\t\t\t\t\t\t\t<h2 class=\"wp-show-posts-entry-title\" itemprop=\"headline\"><a href=\"https:\/\/ccielyon.com\/fr\/lolio-doliva-extra-vergine-dauno-conquista-la-francia\/\" rel=\"bookmark\">L&rsquo;huile d&rsquo;olive extra vierge Dauno conquiert la France<\/a><\/h2>\t\t\t\t\t\t<\/header><!-- .entry-header -->\n\t\t\t\t\t\t\t\t\t\t\t<div class=\"wp-show-posts-entry-summary\" itemprop=\"text\">\n\t\t\t\t\t\t\t<p>L&rsquo;\u00e9v\u00e9nement, promu par la Chambre de commerce de Foggia, en collaboration avec la Chambre de commerce italienne pour la France \u00e0 Lyon, a \u00e9t\u00e9 con\u00e7u comme une combinaison savoureuse de&#8230;<\/p>\n\t\t\t\t\t\t<\/div><!-- .entry-summary -->\n\t\t\t\t\t<\/div><!-- wp-show-posts-inner --><\/article><article class=\" wp-show-posts-single post-2834 post type-post status-publish format-standard has-post-thumbnail hentry category-evenement-general category-evenements-true-italian-taste category-news-fr wpsp-col-4\" itemtype=\"http:\/\/schema.org\/CreativeWork\" itemscope><div class=\"wp-show-posts-inner\" style=\"\">\t\t<div class=\"wp-show-posts-image  wpsp-image-center \">\n\t\t\t<a href=\"https:\/\/ccielyon.com\/fr\/al-via-alla-vi-settimana-della-cucina-italiana-nel-mondo\/\"  title=\"D\u00e9but de la 6\u00e8me Semaine de la Cuisine Italienne dans le Monde 2021 ! \ud83c\uddee\ud83c\uddf9\"><img decoding=\"async\" width=\"720\" height=\"511\" src=\"https:\/\/ccielyon.com\/wp-content\/uploads\/2021\/11\/260186683_4745204978835021_2543205430549433193_n.jpg\" class=\"attachment-full size-full wp-post-image\" alt=\"\" itemprop=\"image\" srcset=\"https:\/\/ccielyon.com\/wp-content\/uploads\/2021\/11\/260186683_4745204978835021_2543205430549433193_n.jpg 720w, https:\/\/ccielyon.com\/wp-content\/uploads\/2021\/11\/260186683_4745204978835021_2543205430549433193_n-300x213.jpg 300w\" sizes=\"(max-width: 720px) 100vw, 720px\" \/><\/a>\t\t<\/div>\n\t\t\t\t\t\t\t\t<header class=\"wp-show-posts-entry-header\">\n\t\t\t\t\t\t\t<h2 class=\"wp-show-posts-entry-title\" itemprop=\"headline\"><a href=\"https:\/\/ccielyon.com\/fr\/al-via-alla-vi-settimana-della-cucina-italiana-nel-mondo\/\" rel=\"bookmark\">D\u00e9but de la 6\u00e8me Semaine de la Cuisine Italienne dans le Monde 2021 ! \ud83c\uddee\ud83c\uddf9<\/a><\/h2>\t\t\t\t\t\t<\/header><!-- .entry-header -->\n\t\t\t\t\t\t\t\t\t\t\t<div class=\"wp-show-posts-entry-summary\" itemprop=\"text\">\n\t\t\t\t\t\t\t<p>La Masterclass Immersion dans la cuisine italienne, lance la 6\u00e8me \u00e9dition de la Semaine de la Cuisine Italienne dans le monde. Une le\u00e7on de haute cuisine et de p\u00e2tisserie italienne&#8230;<\/p>\n\t\t\t\t\t\t<\/div><!-- .entry-summary -->\n\t\t\t\t\t<\/div><!-- wp-show-posts-inner --><\/article><div class=\"wpsp-clear\"><\/div><\/section><!-- .wp-show-posts --><div class=\"wpsp-load-more\"><span aria-current=\"page\" class=\"page-numbers current\">1<\/span>\n<a class=\"page-numbers\" href=\"https:\/\/ccielyon.com\/fr\/wp-json\/wp\/v2\/pages\/2227\/page\/2\/\">2<\/a>\n<span class=\"page-numbers dots\">\u2026<\/span>\n<a class=\"page-numbers\" href=\"https:\/\/ccielyon.com\/fr\/wp-json\/wp\/v2\/pages\/2227\/page\/5\/\">5<\/a>\n<a class=\"next page-numbers\" href=\"https:\/\/ccielyon.com\/fr\/wp-json\/wp\/v2\/pages\/2227\/page\/2\/\">Next &rarr;<\/a><\/div>\n\n\n\n<hr class=\"wp-block-separator\"\/>\n\n\n\n<div class=\"wp-block-columns are-vertically-aligned-bottom is-layout-flex wp-container-core-columns-is-layout-9d6595d7 wp-block-columns-is-layout-flex\">\n<div class=\"wp-block-column is-vertically-aligned-bottom is-layout-flow wp-block-column-is-layout-flow\">\n<div class=\"wp-block-image\"><figure class=\"aligncenter size-large is-resized\"><img decoding=\"async\" src=\"https:\/\/ccielyon.com\/wp-content\/uploads\/2020\/07\/True-Italian-Taste-01.jpg\" alt=\"\" class=\"wp-image-620\" width=\"151\" height=\"152\" srcset=\"https:\/\/ccielyon.com\/wp-content\/uploads\/2020\/07\/True-Italian-Taste-01.jpg 966w, https:\/\/ccielyon.com\/wp-content\/uploads\/2020\/07\/True-Italian-Taste-01-298x300.jpg 298w, https:\/\/ccielyon.com\/wp-content\/uploads\/2020\/07\/True-Italian-Taste-01-150x150.jpg 150w, https:\/\/ccielyon.com\/wp-content\/uploads\/2020\/07\/True-Italian-Taste-01-768x774.jpg 768w\" sizes=\"(max-width: 151px) 100vw, 151px\" \/><\/figure><\/div>\n<\/div>\n\n\n\n<div class=\"wp-block-column is-vertically-aligned-bottom is-layout-flow wp-block-column-is-layout-flow\">\n<div class=\"wp-block-image\"><figure class=\"aligncenter size-large is-resized\"><img decoding=\"async\" src=\"https:\/\/ccielyon.com\/wp-content\/uploads\/2020\/07\/MAECI-marchio-V-IT-01-1.png\" alt=\"\" class=\"wp-image-608\" width=\"192\" height=\"135\" srcset=\"https:\/\/ccielyon.com\/wp-content\/uploads\/2020\/07\/MAECI-marchio-V-IT-01-1.png 679w, https:\/\/ccielyon.com\/wp-content\/uploads\/2020\/07\/MAECI-marchio-V-IT-01-1-300x211.png 300w\" sizes=\"(max-width: 192px) 100vw, 192px\" \/><\/figure><\/div>\n<\/div>\n\n\n\n<div class=\"wp-block-column is-vertically-aligned-bottom is-layout-flow wp-block-column-is-layout-flow\">\n<div class=\"wp-block-image\"><figure class=\"aligncenter size-large is-resized\"><img decoding=\"async\" src=\"https:\/\/ccielyon.com\/wp-content\/uploads\/2020\/07\/Assocamerestero-testo-1024x216.jpg\" alt=\"\" class=\"wp-image-615\" width=\"219\" height=\"46\" srcset=\"https:\/\/ccielyon.com\/wp-content\/uploads\/2020\/07\/Assocamerestero-testo-1024x216.jpg 1024w, https:\/\/ccielyon.com\/wp-content\/uploads\/2020\/07\/Assocamerestero-testo-300x63.jpg 300w, https:\/\/ccielyon.com\/wp-content\/uploads\/2020\/07\/Assocamerestero-testo-768x162.jpg 768w, https:\/\/ccielyon.com\/wp-content\/uploads\/2020\/07\/Assocamerestero-testo.jpg 1303w\" sizes=\"(max-width: 219px) 100vw, 219px\" \/><\/figure><\/div>\n<\/div>\n<\/div>\n\n\n\n<p class=\"has-small-font-size\"><em>Il progetto True Italian Taste \u00e8 promosso e finanziato dal Ministero degli Affari Esteri e della Cooperazione Internazionale e realizzato da Assocamerestero in collaborazione con le Camere di Commercio italiane all\u2019estero, per valorizzare e salvaguardare il prodotto agroalimentare autentico italiano. True Italian Taste \u00e8 parte del programma \u201cThe Extraordinary Italian Taste\u201d.<\/em><\/p>\n","protected":false},"excerpt":{"rendered":"<p>Projet de valorisation des produits agroalimentaires italiens authentiques Accro\u00eetre la connaissance des produits agroalimentaires italiens authentiques sur le march\u00e9 fran\u00e7ais, \u00e0 travers des campagnes de sensibilisation du consommateur finalis\u00e9es \u00e0 une prise de conscience leur permettant de reconna\u00eetre les caract\u00e9ristiques qualitatives et de production pour distinguer les vrais produits italiens des faux, qui abusent du &#8230; <a title=\"D\u00e9but de la 6\u00e8me Semaine de la Cuisine Italienne dans le Monde 2021 ! \ud83c\uddee\ud83c\uddf9\" class=\"read-more\" href=\"https:\/\/ccielyon.com\/fr\/al-via-alla-vi-settimana-della-cucina-italiana-nel-mondo\/\" aria-label=\"En savoir plus sur D\u00e9but de la 6\u00e8me Semaine de la Cuisine Italienne dans le Monde 2021 ! \ud83c\uddee\ud83c\uddf9\">(+)<\/a><\/p>\n","protected":false},"author":5,"featured_media":0,"parent":0,"menu_order":0,"comment_status":"closed","ping_status":"closed","template":"","meta":{"footnotes":""},"class_list":["post-2227","page","type-page","status-publish","hentry","generate-columns","tablet-grid-50","mobile-grid-100","grid-parent","grid-33"],"_links":{"self":[{"href":"https:\/\/ccielyon.com\/fr\/wp-json\/wp\/v2\/pages\/2227","targetHints":{"allow":["GET"]}}],"collection":[{"href":"https:\/\/ccielyon.com\/fr\/wp-json\/wp\/v2\/pages"}],"about":[{"href":"https:\/\/ccielyon.com\/fr\/wp-json\/wp\/v2\/types\/page"}],"author":[{"embeddable":true,"href":"https:\/\/ccielyon.com\/fr\/wp-json\/wp\/v2\/users\/5"}],"replies":[{"embeddable":true,"href":"https:\/\/ccielyon.com\/fr\/wp-json\/wp\/v2\/comments?post=2227"}],"version-history":[{"count":0,"href":"https:\/\/ccielyon.com\/fr\/wp-json\/wp\/v2\/pages\/2227\/revisions"}],"wp:attachment":[{"href":"https:\/\/ccielyon.com\/fr\/wp-json\/wp\/v2\/media?parent=2227"}],"curies":[{"name":"wp","href":"https:\/\/api.w.org\/{rel}","templated":true}]}}