{"id":2225,"date":"2021-11-20T17:28:28","date_gmt":"2021-11-20T16:28:28","guid":{"rendered":"http:\/\/ccielyon.com\/?page_id=2225"},"modified":"2023-05-17T08:41:23","modified_gmt":"2023-05-17T06:41:23","slug":"carte-de-service","status":"publish","type":"page","link":"https:\/\/ccielyon.com\/fr\/carte-de-service\/","title":{"rendered":"Charte de service"},"content":{"rendered":"\n<div class=\"wp-block-cover alignfull is-light\" style=\"min-height:300px;aspect-ratio:unset;\"><span aria-hidden=\"true\" class=\"wp-block-cover__background has-background-dim\"><\/span><img decoding=\"async\" width=\"2500\" height=\"600\" class=\"wp-block-cover__image-background wp-image-1010\" alt=\"\" src=\"https:\/\/ccielyon.com\/wp-content\/uploads\/2020\/07\/Carta-servizi-2500x600-1.jpg\" data-object-fit=\"cover\" srcset=\"https:\/\/ccielyon.com\/wp-content\/uploads\/2020\/07\/Carta-servizi-2500x600-1.jpg 2500w, https:\/\/ccielyon.com\/wp-content\/uploads\/2020\/07\/Carta-servizi-2500x600-1-300x72.jpg 300w, https:\/\/ccielyon.com\/wp-content\/uploads\/2020\/07\/Carta-servizi-2500x600-1-1024x246.jpg 1024w, https:\/\/ccielyon.com\/wp-content\/uploads\/2020\/07\/Carta-servizi-2500x600-1-768x184.jpg 768w, https:\/\/ccielyon.com\/wp-content\/uploads\/2020\/07\/Carta-servizi-2500x600-1-1536x369.jpg 1536w, https:\/\/ccielyon.com\/wp-content\/uploads\/2020\/07\/Carta-servizi-2500x600-1-2048x492.jpg 2048w\" sizes=\"(max-width: 2500px) 100vw, 2500px\" \/><div class=\"wp-block-cover__inner-container is-layout-flow wp-block-cover-is-layout-flow\">\n<h1 class=\"wp-block-heading has-text-align-center has-base-3-color has-text-color\">CHARTE DE SERVICE<\/h1>\n<\/div><\/div>\n\n\n\n<p>La Charte des services de la Chambre de commerce italienne de Lyon favorise l&rsquo;\u00e9tablissement de relations entre la Chambre et ses clients (entreprises, administrations publiques) sur la base de crit\u00e8res clairs et transparents.<\/p>\n\n\n\n<p>Bien que non exhaustif, le catalogue des services offre aux entreprises et aux administrations publiques une vision des prestations offertes et de leurs co\u00fbts, tout en d\u00e9finissant les principes de gestion et d\u2019ex\u00e9cution.&nbsp;<\/p>\n\n\n\n<p>Les co\u00fbts des services, indiqu\u00e9s dans notre Charte des Services, sont \u00e0 consid\u00e9rer comme des valeurs moyennes de r\u00e9f\u00e9rence et ne peuvent aucunement remplacer les devis sp\u00e9cifiques qui seront \u00e9tablis au moment de la demande du service.<\/p>\n\n\n\n<p><img decoding=\"async\" width=\"25\" height=\"25\" class=\"wp-image-650\" style=\"width: 25px;\" src=\"https:\/\/ccielyon.com\/wp-content\/uploads\/2020\/07\/icon_documents-verd-25x25-1.png\" alt=\"\"> <strong><a href=\"https:\/\/ccielyon.com\/wp-content\/uploads\/2023\/05\/Catalogo_Servizi_CCIE_LIONE_2023.pdf\" target=\"_blank\" rel=\"noreferrer noopener\">Cliquez ici pour ouvrir la Charte des services<\/a>\u00a0<\/strong><br>      CI-JOINT VOUS TROUVEREZ LA CHARTE DES SERVICES EN ITALIEN SEULEMENT<\/p>\n","protected":false},"excerpt":{"rendered":"<p>La Charte des services de la Chambre de commerce italienne de Lyon favorise l&rsquo;\u00e9tablissement de relations entre la Chambre et ses clients (entreprises, administrations publiques) sur la base de crit\u00e8res clairs et transparents. Bien que non exhaustif, le catalogue des services offre aux entreprises et aux administrations publiques une vision des prestations offertes et de &#8230; <a title=\"Charte de service\" class=\"read-more\" href=\"https:\/\/ccielyon.com\/fr\/carte-de-service\/\" aria-label=\"En savoir plus sur Charte de service\">(+)<\/a><\/p>\n","protected":false},"author":5,"featured_media":0,"parent":0,"menu_order":0,"comment_status":"closed","ping_status":"closed","template":"","meta":{"footnotes":""},"class_list":["post-2225","page","type-page","status-publish"],"_links":{"self":[{"href":"https:\/\/ccielyon.com\/fr\/wp-json\/wp\/v2\/pages\/2225","targetHints":{"allow":["GET"]}}],"collection":[{"href":"https:\/\/ccielyon.com\/fr\/wp-json\/wp\/v2\/pages"}],"about":[{"href":"https:\/\/ccielyon.com\/fr\/wp-json\/wp\/v2\/types\/page"}],"author":[{"embeddable":true,"href":"https:\/\/ccielyon.com\/fr\/wp-json\/wp\/v2\/users\/5"}],"replies":[{"embeddable":true,"href":"https:\/\/ccielyon.com\/fr\/wp-json\/wp\/v2\/comments?post=2225"}],"version-history":[{"count":0,"href":"https:\/\/ccielyon.com\/fr\/wp-json\/wp\/v2\/pages\/2225\/revisions"}],"wp:attachment":[{"href":"https:\/\/ccielyon.com\/fr\/wp-json\/wp\/v2\/media?parent=2225"}],"curies":[{"name":"wp","href":"https:\/\/api.w.org\/{rel}","templated":true}]}}