{"id":2223,"date":"2021-11-20T17:27:24","date_gmt":"2021-11-20T16:27:24","guid":{"rendered":"http:\/\/ccielyon.com\/?page_id=2223"},"modified":"2023-07-18T13:43:27","modified_gmt":"2023-07-18T11:43:27","slug":"formation","status":"publish","type":"page","link":"https:\/\/ccielyon.com\/fr\/formation\/","title":{"rendered":"Formation"},"content":{"rendered":"\n<div class=\"wp-block-cover alignfull is-light\" style=\"min-height:300px;aspect-ratio:unset;\"><span aria-hidden=\"true\" class=\"wp-block-cover__background has-background-dim\"><\/span><img decoding=\"async\" width=\"2500\" height=\"600\" class=\"wp-block-cover__image-background wp-image-974\" src=\"https:\/\/ccielyon.com\/wp-content\/uploads\/2020\/07\/Formacion-2500x600-1.jpg\" data-object-fit=\"cover\" srcset=\"https:\/\/ccielyon.com\/wp-content\/uploads\/2020\/07\/Formacion-2500x600-1.jpg 2500w, https:\/\/ccielyon.com\/wp-content\/uploads\/2020\/07\/Formacion-2500x600-1-300x72.jpg 300w, https:\/\/ccielyon.com\/wp-content\/uploads\/2020\/07\/Formacion-2500x600-1-1024x246.jpg 1024w, https:\/\/ccielyon.com\/wp-content\/uploads\/2020\/07\/Formacion-2500x600-1-768x184.jpg 768w, https:\/\/ccielyon.com\/wp-content\/uploads\/2020\/07\/Formacion-2500x600-1-1536x369.jpg 1536w, https:\/\/ccielyon.com\/wp-content\/uploads\/2020\/07\/Formacion-2500x600-1-2048x492.jpg 2048w\" sizes=\"(max-width: 2500px) 100vw, 2500px\" \/><div class=\"wp-block-cover__inner-container is-layout-flow wp-block-cover-is-layout-flow\">\n<h1 class=\"wp-block-heading has-text-align-center has-base-3-color has-text-color\">SERVICE DE FORMATION<\/h1>\n<\/div><\/div>\n\n\n\n<h2 class=\"wp-block-heading\"><strong><strong>Formation professionnelle<\/strong><\/strong><\/h2>\n\n\n\n<p>La CCIF de Lyon est un partenaire actif depuis plusieurs ann\u00e9es dans le cadre du programme ERASMUS+ de l\u2019Union Europ\u00e9enne d\u00e9di\u00e9 \u00e0 l\u2019\u00e9ducation, la formation, la jeunesse et le sport, en participant \u00e0 des projets dans le domaine de la formation professionnelle.&nbsp;<\/p>\n\n\n\n<p>En participant \u00e0 des projets de formation professionnelle la CCIE de Lyon soutient activement le programme Europ\u00e9en ERASMUS+, consacr\u00e9 depuis plusieurs ann\u00e9es \u00e0 l\u2019\u00e9ducation, \u00e0 la formation, \u00e0 la jeunesse et au sport.<\/p>\n\n\n\n<h2 class=\"wp-block-heading\"><strong><strong>Alternance<\/strong><\/strong><\/h2>\n\n\n\n<p>Nous aidons les \u00e9coles et les \u00e9tudiants italiens avec des actions de tutorat pour la conception et l\u2019organisation d\u2019exp\u00e9riences de formation professionnelle en France.<\/p>\n\n\n\n<h2 class=\"wp-block-heading\"><strong><strong>Stage de formation pour \u00e9tudiants universitaires<\/strong><\/strong><\/h2>\n\n\n\n<p>Gr\u00e2ce aux conventions sign\u00e9es avec plusieurs universit\u00e9s italiennes, nous offrons aux \u00e9tudiants la possibilit\u00e9 d\u2019effectuer une exp\u00e9rience de formation professionnelle dans nos bureaux, dans de diff\u00e9rents domaines en ad\u00e9quation \u00e0 leur curriculum vitae et \u00e0 leurs ambitions personnelles.<\/p>\n\n\n\n<hr class=\"wp-block-separator has-text-color has-cyan-bluish-gray-color has-css-opacity has-cyan-bluish-gray-background-color has-background\"\/>\n\n\n\n<h1 class=\"wp-block-heading has-text-align-center\"><strong><strong>\u00c9v\u00e9nements de formation<\/strong><\/strong><\/h1>\n\n\n\n<div style=\"height:20px\" aria-hidden=\"true\" class=\"wp-block-spacer\"><\/div>\n\n\n<style>.wp-show-posts-columns#wpsp-1053 {margin-left: -2em; }.wp-show-posts-columns#wpsp-1053 .wp-show-posts-inner {margin: 0 0 2em 2em; }<\/style><section id=\"wpsp-1053\" class=\" wp-show-posts-columns wp-show-posts\" style=\"\"><article class=\" wp-show-posts-single post-3033 post type-post status-publish format-standard has-post-thumbnail hentry category-guichet-europe category-evenement-formation category-news-formazioni category-news-projets-speciaux wpsp-col-4\" itemtype=\"http:\/\/schema.org\/CreativeWork\" itemscope><div class=\"wp-show-posts-inner\" style=\"\">\t\t<div class=\"wp-show-posts-image  wpsp-image-center \">\n\t\t\t<a href=\"https:\/\/ccielyon.com\/fr\/challenging-the-future-managing-innovation\/\"  title=\"Challenging the future, managing innovation!\"><img decoding=\"async\" width=\"1300\" height=\"600\" src=\"https:\/\/ccielyon.com\/wp-content\/uploads\/2021\/11\/eqwood-final-conference.jpg\" class=\"attachment-full size-full wp-post-image\" alt=\"\" itemprop=\"image\" srcset=\"https:\/\/ccielyon.com\/wp-content\/uploads\/2021\/11\/eqwood-final-conference.jpg 1300w, https:\/\/ccielyon.com\/wp-content\/uploads\/2021\/11\/eqwood-final-conference-300x138.jpg 300w, https:\/\/ccielyon.com\/wp-content\/uploads\/2021\/11\/eqwood-final-conference-1024x473.jpg 1024w, https:\/\/ccielyon.com\/wp-content\/uploads\/2021\/11\/eqwood-final-conference-768x354.jpg 768w\" sizes=\"(max-width: 1300px) 100vw, 1300px\" \/><\/a>\t\t<\/div>\n\t\t\t\t\t\t\t\t<header class=\"wp-show-posts-entry-header\">\n\t\t\t\t\t\t\t<h2 class=\"wp-show-posts-entry-title\" itemprop=\"headline\"><a href=\"https:\/\/ccielyon.com\/fr\/challenging-the-future-managing-innovation\/\" rel=\"bookmark\">Challenging the future, managing innovation!<\/a><\/h2>\t\t\t\t\t\t<\/header><!-- .entry-header -->\n\t\t\t\t\t\t\t\t\t\t\t<div class=\"wp-show-posts-entry-summary\" itemprop=\"text\">\n\t\t\t\t\t\t\t<p>Nous avons le plaisir de vous convier \u00e0 la conf\u00e9rence internationale en ligne \u00ab&nbsp;Challenging the future, managing innovation&nbsp;!&nbsp;\u00bb organis\u00e9e par le Consortium europ\u00e9en EQ-WOOD dirig\u00e9 par Federlegno. Jeudi&nbsp;25&nbsp;mars&nbsp;2021, 10h00-12h30 L\u2019\u00e9v\u00e9nement&#8230;<\/p>\n\t\t\t\t\t\t<\/div><!-- .entry-summary -->\n\t\t\t\t\t<\/div><!-- wp-show-posts-inner --><\/article><article class=\" wp-show-posts-single post-2493 post type-post status-publish format-standard has-post-thumbnail hentry category-guichet-europe category-evenement-formation category-news-formation-fr category-news-projets-speciaux wpsp-col-4\" itemtype=\"http:\/\/schema.org\/CreativeWork\" itemscope><div class=\"wp-show-posts-inner\" style=\"\">\t\t<div class=\"wp-show-posts-image  wpsp-image-center \">\n\t\t\t<a href=\"https:\/\/ccielyon.com\/fr\/webinaire-linnovation-et-la-competitivite-de-lindustrie-du-bois-et-de-lameublement\/\"  title=\"Webinaire : l\u2019innovation et la comp\u00e9titivit\u00e9 de l\u2019Industrie du bois et de l\u2019ameublement\"><img decoding=\"async\" width=\"1300\" height=\"600\" src=\"https:\/\/ccielyon.com\/wp-content\/uploads\/2021\/11\/banner-web-CCIL_FR.png\" class=\"attachment-full size-full wp-post-image\" alt=\"\" itemprop=\"image\" srcset=\"https:\/\/ccielyon.com\/wp-content\/uploads\/2021\/11\/banner-web-CCIL_FR.png 1300w, https:\/\/ccielyon.com\/wp-content\/uploads\/2021\/11\/banner-web-CCIL_FR-300x138.png 300w, https:\/\/ccielyon.com\/wp-content\/uploads\/2021\/11\/banner-web-CCIL_FR-1024x473.png 1024w, https:\/\/ccielyon.com\/wp-content\/uploads\/2021\/11\/banner-web-CCIL_FR-768x354.png 768w\" sizes=\"(max-width: 1300px) 100vw, 1300px\" \/><\/a>\t\t<\/div>\n\t\t\t\t\t\t\t\t<header class=\"wp-show-posts-entry-header\">\n\t\t\t\t\t\t\t<h2 class=\"wp-show-posts-entry-title\" itemprop=\"headline\"><a href=\"https:\/\/ccielyon.com\/fr\/webinaire-linnovation-et-la-competitivite-de-lindustrie-du-bois-et-de-lameublement\/\" rel=\"bookmark\">Webinaire : l\u2019innovation et la comp\u00e9titivit\u00e9 de l\u2019Industrie du bois et de l\u2019ameublement<\/a><\/h2>\t\t\t\t\t\t<\/header><!-- .entry-header -->\n\t\t\t\t\t\t\t\t\t\t\t<div class=\"wp-show-posts-entry-summary\" itemprop=\"text\">\n\t\t\t\t\t\t\t<p>La Chambre de Commerce Italienne pour la France de Lyon \u2013 CCIF Lyon, en collaboration avec le MEDEF Auvergne-Rh\u00f4ne-Alpes vous convie au webinaire d\u00e9di\u00e9 \u00e0&nbsp; \u00ab&nbsp;L\u2019innovation et la comp\u00e9titivit\u00e9 de&#8230;<\/p>\n\t\t\t\t\t\t<\/div><!-- .entry-summary -->\n\t\t\t\t\t<\/div><!-- wp-show-posts-inner --><\/article><article class=\" wp-show-posts-single post-3039 post type-post status-publish format-standard has-post-thumbnail hentry category-guichet-europe category-evenement-formation category-news-formation-fr wpsp-col-4\" itemtype=\"http:\/\/schema.org\/CreativeWork\" itemscope><div class=\"wp-show-posts-inner\" style=\"\">\t\t<div class=\"wp-show-posts-image  wpsp-image-center \">\n\t\t\t<a href=\"https:\/\/ccielyon.com\/fr\/fondi-europei-2021-2027-un-webinar-per-spiegare-opportunita-per-imprese-e-cittadini\/\"  title=\"Fonds europ\u00e9ens 2021-2027 : un webinaire explique les opportunit\u00e9s pour les entreprises et les citoyens\"><img decoding=\"async\" width=\"1600\" height=\"1176\" src=\"https:\/\/ccielyon.com\/wp-content\/uploads\/2020\/10\/Evento-EDic_Fondi-Europei-2021-2027.jpeg\" class=\"attachment-full size-full wp-post-image\" alt=\"\" itemprop=\"image\" srcset=\"https:\/\/ccielyon.com\/wp-content\/uploads\/2020\/10\/Evento-EDic_Fondi-Europei-2021-2027.jpeg 1600w, https:\/\/ccielyon.com\/wp-content\/uploads\/2020\/10\/Evento-EDic_Fondi-Europei-2021-2027-300x221.jpeg 300w, https:\/\/ccielyon.com\/wp-content\/uploads\/2020\/10\/Evento-EDic_Fondi-Europei-2021-2027-1024x753.jpeg 1024w, https:\/\/ccielyon.com\/wp-content\/uploads\/2020\/10\/Evento-EDic_Fondi-Europei-2021-2027-768x564.jpeg 768w, https:\/\/ccielyon.com\/wp-content\/uploads\/2020\/10\/Evento-EDic_Fondi-Europei-2021-2027-1536x1129.jpeg 1536w\" sizes=\"(max-width: 1600px) 100vw, 1600px\" \/><\/a>\t\t<\/div>\n\t\t\t\t\t\t\t\t<header class=\"wp-show-posts-entry-header\">\n\t\t\t\t\t\t\t<h2 class=\"wp-show-posts-entry-title\" itemprop=\"headline\"><a href=\"https:\/\/ccielyon.com\/fr\/fondi-europei-2021-2027-un-webinar-per-spiegare-opportunita-per-imprese-e-cittadini\/\" rel=\"bookmark\">Fonds europ\u00e9ens 2021-2027 : un webinaire explique les opportunit\u00e9s pour les entreprises et les citoyens<\/a><\/h2>\t\t\t\t\t\t<\/header><!-- .entry-header -->\n\t\t\t\t\t\t\t\t\t\t\t<div class=\"wp-show-posts-entry-summary\" itemprop=\"text\">\n\t\t\t\t\t\t\t<p>Le Centre Europe Direct de Matera et le R\u00e9seau Entreprise Europe de la Chambre de Commerce de Basilicate organisent un s\u00e9minaire d&rsquo;information en ligne sur la nouvelle programmation europ\u00e9enne 2021&#8230;<\/p>\n\t\t\t\t\t\t<\/div><!-- .entry-summary -->\n\t\t\t\t\t<\/div><!-- wp-show-posts-inner --><\/article><article class=\" wp-show-posts-single post-3059 post type-post status-publish format-standard has-post-thumbnail hentry category-guichet-europe category-evenement-formation category-news-formation-fr wpsp-col-4\" itemtype=\"http:\/\/schema.org\/CreativeWork\" itemscope><div class=\"wp-show-posts-inner\" style=\"\">\t\t<div class=\"wp-show-posts-image  wpsp-image-center \">\n\t\t\t<a href=\"https:\/\/ccielyon.com\/fr\/a-lione-il-partner-meeting-del-progetto-eq-wood\/\"  title=\"R\u00e9union des partenaires du projet EQ-WOOD \u00e0 Lyon\"><img decoding=\"async\" width=\"1300\" height=\"600\" src=\"https:\/\/ccielyon.com\/wp-content\/uploads\/2019\/11\/meeting-EQWOOD-Lyon.jpg\" class=\"attachment-full size-full wp-post-image\" alt=\"\" itemprop=\"image\" srcset=\"https:\/\/ccielyon.com\/wp-content\/uploads\/2019\/11\/meeting-EQWOOD-Lyon.jpg 1300w, https:\/\/ccielyon.com\/wp-content\/uploads\/2019\/11\/meeting-EQWOOD-Lyon-300x138.jpg 300w, https:\/\/ccielyon.com\/wp-content\/uploads\/2019\/11\/meeting-EQWOOD-Lyon-1024x473.jpg 1024w, https:\/\/ccielyon.com\/wp-content\/uploads\/2019\/11\/meeting-EQWOOD-Lyon-768x354.jpg 768w\" sizes=\"(max-width: 1300px) 100vw, 1300px\" \/><\/a>\t\t<\/div>\n\t\t\t\t\t\t\t\t<header class=\"wp-show-posts-entry-header\">\n\t\t\t\t\t\t\t<h2 class=\"wp-show-posts-entry-title\" itemprop=\"headline\"><a href=\"https:\/\/ccielyon.com\/fr\/a-lione-il-partner-meeting-del-progetto-eq-wood\/\" rel=\"bookmark\">R\u00e9union des partenaires du projet EQ-WOOD \u00e0 Lyon<\/a><\/h2>\t\t\t\t\t\t<\/header><!-- .entry-header -->\n\t\t\t\t\t\t\t\t\t\t\t<div class=\"wp-show-posts-entry-summary\" itemprop=\"text\">\n\t\t\t\t\t\t\t<p>La quatri\u00e8me r\u00e9union du consortium europ\u00e9en du projet EQ-WOOD a eu lieu les 26 et 27 novembre \u00e0 Lyon, accueillie par les partenaires fran\u00e7ais MEDEF Auvergne-Rh\u00f4ne-Alpes et CCIE Lyon. La&#8230;<\/p>\n\t\t\t\t\t\t<\/div><!-- .entry-summary -->\n\t\t\t\t\t<\/div><!-- wp-show-posts-inner --><\/article><article class=\" wp-show-posts-single post-2471 post type-post status-publish format-standard has-post-thumbnail hentry category-evenement-formation category-news-formation-fr wpsp-col-4\" itemtype=\"http:\/\/schema.org\/CreativeWork\" itemscope><div class=\"wp-show-posts-inner\" style=\"\">\t\t<div class=\"wp-show-posts-image  wpsp-image-center \">\n\t\t\t<a href=\"https:\/\/ccielyon.com\/fr\/fiera-didacta-le-camere-di-commercio-italiane-ed-estere-per-la-formazione\/\"  title=\"Foire p\u00e9dagogique \u201cL\u2019engagement des Chambres de Commerce italiennes et \u00e9trang\u00e8res dans la formation\u201d\"><img decoding=\"async\" width=\"960\" height=\"466\" src=\"https:\/\/ccielyon.com\/wp-content\/uploads\/2021\/11\/Fiere-Didacta.jpg\" class=\"attachment-full size-full wp-post-image\" alt=\"\" itemprop=\"image\" srcset=\"https:\/\/ccielyon.com\/wp-content\/uploads\/2021\/11\/Fiere-Didacta.jpg 960w, https:\/\/ccielyon.com\/wp-content\/uploads\/2021\/11\/Fiere-Didacta-300x146.jpg 300w, https:\/\/ccielyon.com\/wp-content\/uploads\/2021\/11\/Fiere-Didacta-768x373.jpg 768w\" sizes=\"(max-width: 960px) 100vw, 960px\" \/><\/a>\t\t<\/div>\n\t\t\t\t\t\t\t\t<header class=\"wp-show-posts-entry-header\">\n\t\t\t\t\t\t\t<h2 class=\"wp-show-posts-entry-title\" itemprop=\"headline\"><a href=\"https:\/\/ccielyon.com\/fr\/fiera-didacta-le-camere-di-commercio-italiane-ed-estere-per-la-formazione\/\" rel=\"bookmark\">Foire p\u00e9dagogique \u201cL\u2019engagement des Chambres de Commerce italiennes et \u00e9trang\u00e8res dans la formation\u201d<\/a><\/h2>\t\t\t\t\t\t<\/header><!-- .entry-header -->\n\t\t\t\t\t\t\t\t\t\t\t<div class=\"wp-show-posts-entry-summary\" itemprop=\"text\">\n\t\t\t\t\t\t\t<p>Du 9 au 11 octobre 2019, Florence accueillera la troisi\u00e8me \u00e9dition de la&nbsp;Fiera Didattica Italia, le principal salon d\u00e9di\u00e9 au monde de l\u2019\u00e9ducation en Italie, adress\u00e9 \u00e0 tous les acteurs&#8230;<\/p>\n\t\t\t\t\t\t<\/div><!-- .entry-summary -->\n\t\t\t\t\t<\/div><!-- wp-show-posts-inner --><\/article><article class=\" wp-show-posts-single post-2469 post type-post status-publish format-standard has-post-thumbnail hentry category-evenement-formation category-news-formation-fr wpsp-col-4\" itemtype=\"http:\/\/schema.org\/CreativeWork\" itemscope><div class=\"wp-show-posts-inner\" style=\"\">\t\t<div class=\"wp-show-posts-image  wpsp-image-center \">\n\t\t\t<a href=\"https:\/\/ccielyon.com\/fr\/fairemode-italie-france\/\"  title=\"Fairemode Italie-France\"><img decoding=\"async\" width=\"743\" height=\"337\" src=\"https:\/\/ccielyon.com\/wp-content\/uploads\/2019\/06\/FaireMode.png\" class=\"attachment-full size-full wp-post-image\" alt=\"\" itemprop=\"image\" srcset=\"https:\/\/ccielyon.com\/wp-content\/uploads\/2019\/06\/FaireMode.png 743w, https:\/\/ccielyon.com\/wp-content\/uploads\/2019\/06\/FaireMode-300x136.png 300w\" sizes=\"(max-width: 743px) 100vw, 743px\" \/><\/a>\t\t<\/div>\n\t\t\t\t\t\t\t\t<header class=\"wp-show-posts-entry-header\">\n\t\t\t\t\t\t\t<h2 class=\"wp-show-posts-entry-title\" itemprop=\"headline\"><a href=\"https:\/\/ccielyon.com\/fr\/fairemode-italie-france\/\" rel=\"bookmark\">Fairemode Italie-France<\/a><\/h2>\t\t\t\t\t\t<\/header><!-- .entry-header -->\n\t\t\t\t\t\t\t\t\t\t\t<div class=\"wp-show-posts-entry-summary\" itemprop=\"text\">\n\t\t\t\t\t\t\t<p>FAIREMODE est un projet europ\u00e9en d\u2019alternance permettant \u00e0 15 \u00e9tudiantes ESABAC du Lyc\u00e9e des m\u00e9tiers de l\u2019art (fili\u00e8re mode) G. Chierici de Reggio Emilia, de r\u00e9aliser un stage de trois&#8230;<\/p>\n\t\t\t\t\t\t<\/div><!-- .entry-summary -->\n\t\t\t\t\t<\/div><!-- wp-show-posts-inner --><\/article><div class=\"wpsp-clear\"><\/div><\/section><!-- .wp-show-posts --><div class=\"wpsp-load-more\"><span aria-current=\"page\" class=\"page-numbers current\">1<\/span>\n<a class=\"page-numbers\" href=\"https:\/\/ccielyon.com\/fr\/wp-json\/wp\/v2\/pages\/2223\/page\/2\/\">2<\/a>\n<a class=\"next page-numbers\" href=\"https:\/\/ccielyon.com\/fr\/wp-json\/wp\/v2\/pages\/2223\/page\/2\/\">Next &rarr;<\/a><\/div>\n","protected":false},"excerpt":{"rendered":"<p>Formation professionnelle La CCIF de Lyon est un partenaire actif depuis plusieurs ann\u00e9es dans le cadre du programme ERASMUS+ de l\u2019Union Europ\u00e9enne d\u00e9di\u00e9 \u00e0 l\u2019\u00e9ducation, la formation, la jeunesse et le sport, en participant \u00e0 des projets dans le domaine de la formation professionnelle.&nbsp; En participant \u00e0 des projets de formation professionnelle la CCIE de &#8230; <a title=\"Fairemode Italie-France\" class=\"read-more\" href=\"https:\/\/ccielyon.com\/fr\/fairemode-italie-france\/\" aria-label=\"En savoir plus sur Fairemode Italie-France\">(+)<\/a><\/p>\n","protected":false},"author":5,"featured_media":0,"parent":0,"menu_order":0,"comment_status":"closed","ping_status":"closed","template":"","meta":{"footnotes":""},"class_list":["post-2223","page","type-page","status-publish","hentry","generate-columns","tablet-grid-50","mobile-grid-100","grid-parent","grid-33"],"_links":{"self":[{"href":"https:\/\/ccielyon.com\/fr\/wp-json\/wp\/v2\/pages\/2223","targetHints":{"allow":["GET"]}}],"collection":[{"href":"https:\/\/ccielyon.com\/fr\/wp-json\/wp\/v2\/pages"}],"about":[{"href":"https:\/\/ccielyon.com\/fr\/wp-json\/wp\/v2\/types\/page"}],"author":[{"embeddable":true,"href":"https:\/\/ccielyon.com\/fr\/wp-json\/wp\/v2\/users\/5"}],"replies":[{"embeddable":true,"href":"https:\/\/ccielyon.com\/fr\/wp-json\/wp\/v2\/comments?post=2223"}],"version-history":[{"count":0,"href":"https:\/\/ccielyon.com\/fr\/wp-json\/wp\/v2\/pages\/2223\/revisions"}],"wp:attachment":[{"href":"https:\/\/ccielyon.com\/fr\/wp-json\/wp\/v2\/media?parent=2223"}],"curies":[{"name":"wp","href":"https:\/\/api.w.org\/{rel}","templated":true}]}}