{"id":2221,"date":"2021-11-20T17:26:41","date_gmt":"2021-11-20T16:26:41","guid":{"rendered":"http:\/\/ccielyon.com\/?page_id=2221"},"modified":"2021-12-09T14:39:37","modified_gmt":"2021-12-09T13:39:37","slug":"services-de-communication","status":"publish","type":"page","link":"https:\/\/ccielyon.com\/fr\/services-de-communication\/","title":{"rendered":"Services de communication"},"content":{"rendered":"\n<div class=\"wp-block-cover alignfull has-background-dim\" style=\"background-image:url(https:\/\/ccielyon.com\/wp-content\/uploads\/2020\/07\/Servizi-comunicazione-2500x600-1.jpg);min-height:300px;aspect-ratio:unset;\"><div class=\"wp-block-cover__inner-container is-layout-flow wp-block-cover-is-layout-flow\">\n<h1 class=\"has-text-align-center wp-block-heading\">SERVICES DE COMMUNICATION<\/h1>\n<\/div><\/div>\n\n\n\n<h2 class=\"wp-block-heading\"><strong><strong>Espaces publicitaires sur les moyens de communication de la Chambre<\/strong><\/strong><\/h2>\n\n\n\n<p>Publication du logo et\/ou du contenu promotionnel-publicitaire \u00e0 travers les moyens de communication en ligne de la CCIF (site internet, r\u00e9seaux sociaux, newsletter, publications num\u00e9riques, etc.).<\/p>\n\n\n\n<h2 class=\"wp-block-heading\"><strong><strong>Conf\u00e9rences de presse, relations avec les m\u00e9dias<\/strong><\/strong><\/h2>\n\n\n\n<p>Organisation de conf\u00e9rences de presse et gestion des relations avec les m\u00e9dias pour promouvoir la pr\u00e9sence d\u2019une entreprise et communiquer ses int\u00e9r\u00eats pour le march\u00e9 et ses intentions d\u2019investissements.<\/p>\n\n\n\n<h2 class=\"wp-block-heading\"><strong><strong>Campagnes m\u00e9diatiques (communiqu\u00e9s de presse, lancement d\u2019entreprises, marques, produits)<\/strong><\/strong><\/h2>\n\n\n\n<p>D\u00e9finition de campagnes m\u00e9diatiques pour promouvoir la pr\u00e9sence d\u2019une entreprise ou d\u2019un produit sur le march\u00e9 fran\u00e7ais. <\/p>\n\n\n\n<ul class=\"wp-block-list\"><li>D\u00e9finition d\u2019une strat\u00e9gie de communication (d\u00e9lais, modalit\u00e9s, outils) adapt\u00e9e aux sp\u00e9cificit\u00e9s culturelles et au public cibl\u00e9<\/li><li>Mise en \u0153uvre de la strat\u00e9gie de communication (achat d\u2019espaces dans la presse et sur le web, \u00e9missions radio, organisation de conf\u00e9rences de presse)<\/li><li>R\u00e9daction de communiqu\u00e9s de presse<\/li><\/ul>\n\n\n\n<h2 class=\"wp-block-heading\"><strong><strong>R\u00e9seaux sociaux et marketing de contenu<\/strong><\/strong><\/h2>\n\n\n\n<p>La communication digitale est d\u00e9sormais un canal obligatoire pour les entreprises et les organisations engag\u00e9es dans l\u2019internationalisation de leur activit\u00e9. Avec les services de <strong>web marketing <\/strong>on vise \u00e0 augmenter la visibilit\u00e9 d\u2019une entreprise et l\u2019interaction avec les clients et les partenaires commerciaux en utilisant les potentialit\u00e9s du web.<\/p>\n\n\n\n<ul class=\"wp-block-list\"><li>\u00c9valuation et rapport de la visibilit\u00e9 digitale finalis\u00e9e \u00e0 son optimisation<\/li><li>Email marketing : conception graphique et r\u00e9daction des DEM, construction de bases de donn\u00e9es B2B, \u00e9laboration d\u2019un calendrier DEM, reporting, recall des destinataires les plus actifs<\/li><li>SEO: renforcement de la visibilit\u00e9 sur les moteurs de recherche<\/li><li>Campagnes publicitaires digitales : par exemple via Google Ad Words, campagnes publicitaires pay per click, insertion de post sponsoris\u00e9s sur nos r\u00e9seaux sociaux, campagnes publicitaires avec banni\u00e8res ou annonces textuelles<\/li><li>Engagement du client \u00e0 travers la Gamification<\/li><\/ul>\n\n\n\n<p> Le<strong> Social Media Marketing <\/strong>est une branche du marketing visant \u00e0 augmenter la visibilit\u00e9 de l\u2019entreprise et de ses produits sur les r\u00e9seaux sociaux. Nous proposons aux entreprises un service global de gestion des r\u00e9seaux sociaux en fran\u00e7ais, adapt\u00e9 aux sp\u00e9cificit\u00e9s culturelles et au public local cibl\u00e9.. <\/p>\n\n\n\n<h2 class=\"has-text-align-center wp-block-heading\">Pour plus d\u2019informations sur les co\u00fbts, les d\u00e9lais, les conditions et les modalit\u00e9s d\u2019ex\u00e9cution <\/h2>\n\n\n\n<div class=\"wp-block-buttons is-content-justification-center is-layout-flex wp-container-core-buttons-is-layout-16018d1d wp-block-buttons-is-layout-flex\">\n<div class=\"wp-block-button\"><a class=\"wp-block-button__link wp-element-button\" href=\"https:\/\/ccielyon.com\/fr\/contatti\/\" style=\"border-radius:5px\">Contact<\/a><\/div>\n<\/div>\n\n\n\n<p><\/p>\n","protected":false},"excerpt":{"rendered":"<p>Espaces publicitaires sur les moyens de communication de la Chambre Publication du logo et\/ou du contenu promotionnel-publicitaire \u00e0 travers les moyens de communication en ligne de la CCIF (site internet, r\u00e9seaux sociaux, newsletter, publications num\u00e9riques, etc.). Conf\u00e9rences de presse, relations avec les m\u00e9dias Organisation de conf\u00e9rences de presse et gestion des relations avec les m\u00e9dias &#8230; <a title=\"Services de communication\" class=\"read-more\" href=\"https:\/\/ccielyon.com\/fr\/services-de-communication\/\" aria-label=\"En savoir plus sur Services de communication\">(+)<\/a><\/p>\n","protected":false},"author":5,"featured_media":0,"parent":0,"menu_order":0,"comment_status":"closed","ping_status":"closed","template":"","meta":{"footnotes":""},"class_list":["post-2221","page","type-page","status-publish"],"_links":{"self":[{"href":"https:\/\/ccielyon.com\/fr\/wp-json\/wp\/v2\/pages\/2221","targetHints":{"allow":["GET"]}}],"collection":[{"href":"https:\/\/ccielyon.com\/fr\/wp-json\/wp\/v2\/pages"}],"about":[{"href":"https:\/\/ccielyon.com\/fr\/wp-json\/wp\/v2\/types\/page"}],"author":[{"embeddable":true,"href":"https:\/\/ccielyon.com\/fr\/wp-json\/wp\/v2\/users\/5"}],"replies":[{"embeddable":true,"href":"https:\/\/ccielyon.com\/fr\/wp-json\/wp\/v2\/comments?post=2221"}],"version-history":[{"count":0,"href":"https:\/\/ccielyon.com\/fr\/wp-json\/wp\/v2\/pages\/2221\/revisions"}],"wp:attachment":[{"href":"https:\/\/ccielyon.com\/fr\/wp-json\/wp\/v2\/media?parent=2221"}],"curies":[{"name":"wp","href":"https:\/\/api.w.org\/{rel}","templated":true}]}}