{"id":2217,"date":"2021-11-20T17:24:43","date_gmt":"2021-11-20T16:24:43","guid":{"rendered":"http:\/\/ccielyon.com\/?page_id=2217"},"modified":"2021-11-21T15:08:53","modified_gmt":"2021-11-21T14:08:53","slug":"contacts-business","status":"publish","type":"page","link":"https:\/\/ccielyon.com\/fr\/contacts-business\/","title":{"rendered":"Contacts business"},"content":{"rendered":"\n<div class=\"wp-block-cover alignfull has-background-dim\" style=\"background-image:url(https:\/\/ccielyon.com\/wp-content\/uploads\/2020\/07\/Contatti-busines-2500x600-1.jpg);min-height:300px;aspect-ratio:unset;\"><div class=\"wp-block-cover__inner-container is-layout-flow wp-block-cover-is-layout-flow\">\n<h1 class=\"has-text-align-center wp-block-heading\">CONTACTS BUSINESS<\/h1>\n<\/div><\/div>\n\n\n\n<h2 class=\"wp-block-heading\"><strong><strong>Vous voulez consolider votre pr\u00e9sence sur le march\u00e9 fran\u00e7ais?<\/strong><\/strong><\/h2>\n\n\n\n<p>Notre connaissance approfondie du march\u00e9 nous rend le partenaire id\u00e9al pour votre d\u00e9veloppement sur le march\u00e9 fran\u00e7ais.<br>Nous proposons une large gamme de services personnalis\u00e9s et sur mesure. Vous pouvez choisir de nous confier une ou plusieurs phases de votre d\u00e9marche pour l\u2019internationalisation.<\/p>\n\n\n\n<h2 class=\"wp-block-heading\"><strong><strong>Services d\u2019information<\/strong><\/strong><\/h2>\n\n\n\n<ul class=\"wp-block-list\"><li><strong>Analyses du march\u00e9 Pays\/Secteur<\/strong><br>\u00c9tudes de march\u00e9, enqu\u00eates statistiques pour avoir une premi\u00e8re orientation utile et pour \u00e9valuer les possibilit\u00e9s concr\u00e8tes d\u2019importation de produits italiens<\/li><li><strong>IInformations commerciales sur les entreprises fran\u00e7aises et italiennesnformazioni commerciali<\/strong> <br>\u00c9laboration du dossier d\u2019information sur les soci\u00e9t\u00e9s italiennes et fran\u00e7aises inscrites au Registre des entreprises, extraits K-bis \/ statuts\/ bilans<\/li><li><strong>Informations sur les salons et manifestations <\/strong>nationaux et internationaux d\u2019un secteur sp\u00e9cifique<\/li><li><strong>S\u00e9minaires d\u2019information \/ pr\u00e9sentation Pays<\/strong><br>Organisation de s\u00e9minaires d\u2019information th\u00e9matiques ou de pr\u00e9sentation du pays, destin\u00e9s aux entreprises et aux organismes institutionnels.<\/li><\/ul>\n\n\n\n<h2 class=\"wp-block-heading\"><strong><strong>Services commerciaux<\/strong><\/strong><\/h2>\n\n\n\n<ul class=\"wp-block-list\"><li>Recherche de <strong>partenaires\/ contreparties commerciale<\/strong>s (importateurs, distributeurs, fournisseurs) avec ou sans agenda de rendez-vous<\/li><li>Recherche <strong>d\u2019agents<\/strong><\/li><li>Recherche de<strong> partenaires strat\u00e9giques<\/strong> potentiels pour le d\u00e9veloppement d\u2019activit\u00e9s, d\u2019investissement, de transfert technologique<\/li><li>Assistance personnalis\u00e9e pour pr\u00e9parer l\u2019entreprise \u00e0 sa participation \u00e0 un salon en France (services avant et apr\u00e8s salon) : s\u00e9lection du salon, des groupes d\u2019entreprises, support dans l\u2019organisation..<\/li><\/ul>\n\n\n\n<h2 class=\"has-text-align-center wp-block-heading\"><strong>Pour plus d\u2019informations sur les co\u00fbts, les d\u00e9lais et les conditions d\u2019ex\u00e9cution des services<\/strong><\/h2>\n\n\n\n<div class=\"wp-block-buttons is-content-justification-center is-layout-flex wp-container-core-buttons-is-layout-16018d1d wp-block-buttons-is-layout-flex\">\n<div class=\"wp-block-button\"><a class=\"wp-block-button__link wp-element-button\" href=\"https:\/\/ccielyon.com\/fr\/contatti\/\" style=\"border-radius:5px\">Contact<\/a><\/div>\n<\/div>\n","protected":false},"excerpt":{"rendered":"<p>Vous voulez consolider votre pr\u00e9sence sur le march\u00e9 fran\u00e7ais? Notre connaissance approfondie du march\u00e9 nous rend le partenaire id\u00e9al pour votre d\u00e9veloppement sur le march\u00e9 fran\u00e7ais.Nous proposons une large gamme de services personnalis\u00e9s et sur mesure. Vous pouvez choisir de nous confier une ou plusieurs phases de votre d\u00e9marche pour l\u2019internationalisation. Services d\u2019information Analyses du &#8230; <a title=\"Contacts business\" class=\"read-more\" href=\"https:\/\/ccielyon.com\/fr\/contacts-business\/\" aria-label=\"En savoir plus sur Contacts business\">(+)<\/a><\/p>\n","protected":false},"author":5,"featured_media":0,"parent":0,"menu_order":0,"comment_status":"closed","ping_status":"closed","template":"","meta":{"footnotes":""},"class_list":["post-2217","page","type-page","status-publish"],"_links":{"self":[{"href":"https:\/\/ccielyon.com\/fr\/wp-json\/wp\/v2\/pages\/2217","targetHints":{"allow":["GET"]}}],"collection":[{"href":"https:\/\/ccielyon.com\/fr\/wp-json\/wp\/v2\/pages"}],"about":[{"href":"https:\/\/ccielyon.com\/fr\/wp-json\/wp\/v2\/types\/page"}],"author":[{"embeddable":true,"href":"https:\/\/ccielyon.com\/fr\/wp-json\/wp\/v2\/users\/5"}],"replies":[{"embeddable":true,"href":"https:\/\/ccielyon.com\/fr\/wp-json\/wp\/v2\/comments?post=2217"}],"version-history":[{"count":0,"href":"https:\/\/ccielyon.com\/fr\/wp-json\/wp\/v2\/pages\/2217\/revisions"}],"wp:attachment":[{"href":"https:\/\/ccielyon.com\/fr\/wp-json\/wp\/v2\/media?parent=2217"}],"curies":[{"name":"wp","href":"https:\/\/api.w.org\/{rel}","templated":true}]}}