{"id":2215,"date":"2021-11-20T17:22:35","date_gmt":"2021-11-20T16:22:35","guid":{"rendered":"http:\/\/ccielyon.com\/?page_id=2215"},"modified":"2021-12-16T09:09:04","modified_gmt":"2021-12-16T08:09:04","slug":"italiaclub","status":"publish","type":"page","link":"https:\/\/ccielyon.com\/fr\/italiaclub\/","title":{"rendered":"ItaliaClub"},"content":{"rendered":"\n<div class=\"wp-block-cover alignfull has-background-dim\" style=\"background-image:url(https:\/\/ccielyon.com\/wp-content\/uploads\/2020\/07\/Italian-Club3-2500x600-1.jpg);min-height:300px;aspect-ratio:unset;\"><div class=\"wp-block-cover__inner-container is-layout-flow wp-block-cover-is-layout-flow\">\n<h1 class=\"has-text-align-center wp-block-heading\">ITALIA CLUB<\/h1>\n<\/div><\/div>\n\n\n\n<figure class=\"wp-block-image size-large is-resized\"><img decoding=\"async\" src=\"https:\/\/ccielyon.com\/wp-content\/uploads\/2021\/11\/image.jpeg\" alt=\"\" class=\"wp-image-2412\" width=\"276\" height=\"153\"\/><\/figure>\n\n\n\n<p>N\u00e9 et cultiv\u00e9 sur une id\u00e9e originale de la CCIF Lyon,&nbsp;<strong>ITALIA CLUB<\/strong>&nbsp;rassemble&nbsp;<strong>dirigeants, cadres ou entrepreneurs<\/strong> fran\u00e7ais et italiens bas\u00e9s dans notre grande r\u00e9gion tous acteurs ou int\u00e9ress\u00e9s aux \u00e9changes et op\u00e9rations transfrontali\u00e8res.&nbsp;&nbsp;<\/p>\n\n\n\n<p>C\u2019est un club d\u2019affaires exclusif dont les r\u00e9unions \u00e0 l\u2019heure du d\u00e9jeuner permettent en toute convivialit\u00e9 de se retrouver entre pairs pour d\u00e9velopper les contacts, cr\u00e9er des synergies, trouver des opportunit\u00e9s, partager exp\u00e9riences, expertise et pratiques.<\/p>\n\n\n\n<p>Chaque d\u00e9jeuner du club re\u00e7oit \u00e0 sa table une personnalit\u00e9 dont l\u2019intervention traitera d\u2019un sujet d\u2019int\u00e9r\u00eat pour les participants.<\/p>\n\n\n\n<p>L\u2019adh\u00e9sion \u00e0 <strong>ITALIA CLUB<\/strong> est gratuite, seul le repas doit \u00eatre r\u00e9gl\u00e9 au moment de l\u2019inscription \u00e0 nos r\u00e9unions.&nbsp;<\/p>\n\n\n\n<figure class=\"wp-block-image size-large is-resized\"><img decoding=\"async\" src=\"https:\/\/ccielyon.com\/wp-content\/uploads\/2021\/12\/repa.jpg\" alt=\"\" class=\"wp-image-3544\" width=\"703\" height=\"528\" srcset=\"https:\/\/ccielyon.com\/wp-content\/uploads\/2021\/12\/repa.jpg 792w, https:\/\/ccielyon.com\/wp-content\/uploads\/2021\/12\/repa-300x225.jpg 300w, https:\/\/ccielyon.com\/wp-content\/uploads\/2021\/12\/repa-768x576.jpg 768w\" sizes=\"(max-width: 703px) 100vw, 703px\" \/><\/figure>\n\n\n\n<hr class=\"wp-block-separator has-text-color has-background has-cyan-bluish-gray-background-color has-cyan-bluish-gray-color is-style-default\"\/>\n\n\n\n<h1 class=\"has-text-align-center wp-block-heading\"><strong>Evenements Italia Club<\/strong><\/h1>\n\n\n\n<div style=\"height:20px\" aria-hidden=\"true\" class=\"wp-block-spacer\"><\/div>\n\n\n<style>.wp-show-posts-columns#wpsp-1062 {margin-left: -2em; }.wp-show-posts-columns#wpsp-1062 .wp-show-posts-inner {margin: 0 0 2em 2em; }<\/style><section id=\"wpsp-1062\" class=\" wp-show-posts-columns wp-show-posts\" style=\"\"><article class=\" wp-show-posts-single post-281579 post type-post status-publish format-standard has-post-thumbnail hentry category-autres-news category-evenement-general category-evenements-itali-club wpsp-col-4\" itemtype=\"http:\/\/schema.org\/CreativeWork\" itemscope><div class=\"wp-show-posts-inner\" style=\"\">\t\t<div class=\"wp-show-posts-image  wpsp-image-center \">\n\t\t\t<a href=\"https:\/\/ccielyon.com\/fr\/la-coupe-du-monde-de-rugby-a-lyon\/\"  title=\"La Coupe du monde de rugby \u00e0 Lyon\"><img decoding=\"async\" width=\"756\" height=\"755\" src=\"https:\/\/ccielyon.com\/wp-content\/uploads\/2023\/10\/rugby.jpg\" class=\"attachment-full size-full wp-post-image\" alt=\"\" itemprop=\"image\" srcset=\"https:\/\/ccielyon.com\/wp-content\/uploads\/2023\/10\/rugby.jpg 756w, https:\/\/ccielyon.com\/wp-content\/uploads\/2023\/10\/rugby-300x300.jpg 300w, https:\/\/ccielyon.com\/wp-content\/uploads\/2023\/10\/rugby-150x150.jpg 150w\" sizes=\"(max-width: 756px) 100vw, 756px\" \/><\/a>\t\t<\/div>\n\t\t\t\t\t\t\t\t<header class=\"wp-show-posts-entry-header\">\n\t\t\t\t\t\t\t<h2 class=\"wp-show-posts-entry-title\" itemprop=\"headline\"><a href=\"https:\/\/ccielyon.com\/fr\/la-coupe-du-monde-de-rugby-a-lyon\/\" rel=\"bookmark\">La Coupe du monde de rugby \u00e0 Lyon<\/a><\/h2>\t\t\t\t\t\t<\/header><!-- .entry-header -->\n\t\t\t\t\t\t\t\t\t\t\t<div class=\"wp-show-posts-entry-summary\" itemprop=\"text\">\n\t\t\t\t\t\t\t<p>Du 8 septembre au 28 octobre prochain, la France accueillera la 10\u00b0 Coupe du Monde de Rugby\u00a0#Rugby, avec l\u2019Italie qui jouera deux matchs \u00e0 Lyon: le 29 septembre Italie-Nouvelle Z\u00e9lande&#8230;<\/p>\n\t\t\t\t\t\t<\/div><!-- .entry-summary -->\n\t\t\t\t\t<\/div><!-- wp-show-posts-inner --><\/article><article class=\" wp-show-posts-single post-3553 post type-post status-publish format-standard has-post-thumbnail hentry category-evenements-itali-club category-news-partenaires category-news-spazio-affari wpsp-col-4\" itemtype=\"http:\/\/schema.org\/CreativeWork\" itemscope><div class=\"wp-show-posts-inner\" style=\"\">\t\t<div class=\"wp-show-posts-image  wpsp-image-center \">\n\t\t\t<a href=\"https:\/\/ccielyon.com\/fr\/primo-incontro-dellitalaclub\/\"  title=\"Premier d\u00e9jeuner de l\u2019ITALIACLUB\"><img decoding=\"async\" width=\"1300\" height=\"600\" src=\"https:\/\/ccielyon.com\/wp-content\/uploads\/2021\/11\/banner_italiaclub.png\" class=\"attachment-full size-full wp-post-image\" alt=\"\" itemprop=\"image\" srcset=\"https:\/\/ccielyon.com\/wp-content\/uploads\/2021\/11\/banner_italiaclub.png 1300w, https:\/\/ccielyon.com\/wp-content\/uploads\/2021\/11\/banner_italiaclub-300x138.png 300w, https:\/\/ccielyon.com\/wp-content\/uploads\/2021\/11\/banner_italiaclub-1024x473.png 1024w, https:\/\/ccielyon.com\/wp-content\/uploads\/2021\/11\/banner_italiaclub-768x354.png 768w\" sizes=\"(max-width: 1300px) 100vw, 1300px\" \/><\/a>\t\t<\/div>\n\t\t\t\t\t\t\t\t<header class=\"wp-show-posts-entry-header\">\n\t\t\t\t\t\t\t<h2 class=\"wp-show-posts-entry-title\" itemprop=\"headline\"><a href=\"https:\/\/ccielyon.com\/fr\/primo-incontro-dellitalaclub\/\" rel=\"bookmark\">Premier d\u00e9jeuner de l\u2019ITALIACLUB<\/a><\/h2>\t\t\t\t\t\t<\/header><!-- .entry-header -->\n\t\t\t\t\t\t\t\t\t\t\t<div class=\"wp-show-posts-entry-summary\" itemprop=\"text\">\n\t\t\t\t\t\t\t<p>Jeudi 25 novembre a eu lieu au LYINC (Lyon International Club), le premier d\u00e9jeuner de l\u2019ITALIACLUB avec comme h\u00f4te d\u2019honneur le Consul G\u00e9n\u00e9ral d\u2019Italie \u00e0 Lyon, Monsieur Pierangelo Cammarota. N\u00e9&#8230;<\/p>\n\t\t\t\t\t\t<\/div><!-- .entry-summary -->\n\t\t\t\t\t<\/div><!-- wp-show-posts-inner --><\/article><article class=\" wp-show-posts-single post-3265 post type-post status-publish format-standard has-post-thumbnail hentry category-evenement-general category-evenements-itali-club wpsp-col-4\" itemtype=\"http:\/\/schema.org\/CreativeWork\" itemscope><div class=\"wp-show-posts-inner\" style=\"\">\t\t<div class=\"wp-show-posts-image  wpsp-image-center \">\n\t\t\t<a href=\"https:\/\/ccielyon.com\/fr\/investire-incontri-economici-franco-italiani-nel-centre-val-de-loire\/\"  title=\"INVESTIR &#8211; Rencontres \u00e9conomiques franco-italiennes en Centre-Val de Loire\"><img decoding=\"async\" width=\"600\" height=\"343\" src=\"https:\/\/ccielyon.com\/wp-content\/uploads\/2020\/09\/Investire_23.09.2020.png\" class=\"attachment-full size-full wp-post-image\" alt=\"\" itemprop=\"image\" srcset=\"https:\/\/ccielyon.com\/wp-content\/uploads\/2020\/09\/Investire_23.09.2020.png 600w, https:\/\/ccielyon.com\/wp-content\/uploads\/2020\/09\/Investire_23.09.2020-300x172.png 300w\" sizes=\"(max-width: 600px) 100vw, 600px\" \/><\/a>\t\t<\/div>\n\t\t\t\t\t\t\t\t<header class=\"wp-show-posts-entry-header\">\n\t\t\t\t\t\t\t<h2 class=\"wp-show-posts-entry-title\" itemprop=\"headline\"><a href=\"https:\/\/ccielyon.com\/fr\/investire-incontri-economici-franco-italiani-nel-centre-val-de-loire\/\" rel=\"bookmark\">INVESTIR &#8211; Rencontres \u00e9conomiques franco-italiennes en Centre-Val de Loire<\/a><\/h2>\t\t\t\t\t\t<\/header><!-- .entry-header -->\n\t\t\t\t\t\t\t\t\t\t\t<div class=\"wp-show-posts-entry-summary\" itemprop=\"text\">\n\t\t\t\t\t\t\t<p>MERCREDI 23 SEPTEMBRE 2020, de 18 \u00e0 20 heures. Nouveau rendez-vous d&rsquo;INVESTIRE, un cycle de vid\u00e9oconf\u00e9rences d\u00e9di\u00e9 \u00e0 la mise en valeur du lien \u00e9troit entre la r\u00e9gion Centre-Val de&#8230;<\/p>\n\t\t\t\t\t\t<\/div><!-- .entry-summary -->\n\t\t\t\t\t<\/div><!-- wp-show-posts-inner --><\/article><article class=\" wp-show-posts-single post-2462 post type-post status-publish format-standard has-post-thumbnail hentry category-evenements-itali-club category-news-partenaires wpsp-col-4\" itemtype=\"http:\/\/schema.org\/CreativeWork\" itemscope><div class=\"wp-show-posts-inner\" style=\"\">\t\t<div class=\"wp-show-posts-image  wpsp-image-center \">\n\t\t\t<a href=\"https:\/\/ccielyon.com\/fr\/m-in-d-marketing-internationalization-development\/\"  title=\"Webinaires sur les sous-traitances publiques et priv\u00e9s\"><img decoding=\"async\" width=\"808\" height=\"225\" src=\"https:\/\/ccielyon.com\/wp-content\/uploads\/2020\/05\/Asea-ritagliata.jpg\" class=\"attachment-full size-full wp-post-image\" alt=\"\" itemprop=\"image\" srcset=\"https:\/\/ccielyon.com\/wp-content\/uploads\/2020\/05\/Asea-ritagliata.jpg 808w, https:\/\/ccielyon.com\/wp-content\/uploads\/2020\/05\/Asea-ritagliata-300x84.jpg 300w, https:\/\/ccielyon.com\/wp-content\/uploads\/2020\/05\/Asea-ritagliata-768x214.jpg 768w\" sizes=\"(max-width: 808px) 100vw, 808px\" \/><\/a>\t\t<\/div>\n\t\t\t\t\t\t\t\t<header class=\"wp-show-posts-entry-header\">\n\t\t\t\t\t\t\t<h2 class=\"wp-show-posts-entry-title\" itemprop=\"headline\"><a href=\"https:\/\/ccielyon.com\/fr\/m-in-d-marketing-internationalization-development\/\" rel=\"bookmark\">Webinaires sur les sous-traitances publiques et priv\u00e9s<\/a><\/h2>\t\t\t\t\t\t<\/header><!-- .entry-header -->\n\t\t\t\t\t\t\t\t\t\t\t<div class=\"wp-show-posts-entry-summary\" itemprop=\"text\">\n\t\t\t\t\t\t\t<p>La CCIL vous invite \u00e0 participer au prochain webinaire organis\u00e9 par nos partenaires du Cabinet ASEA\u00a0asea-avocats.com La prochaine r\u00e9union virtuelle portera sur les march\u00e9s de travaux publics et priv\u00e9s :&#8230;<\/p>\n\t\t\t\t\t\t<\/div><!-- .entry-summary -->\n\t\t\t\t\t<\/div><!-- wp-show-posts-inner --><\/article><article class=\" wp-show-posts-single post-2457 post type-post status-publish format-standard has-post-thumbnail hentry category-evenements-itali-club category-news-partenaires wpsp-col-4\" itemtype=\"http:\/\/schema.org\/CreativeWork\" itemscope><div class=\"wp-show-posts-inner\" style=\"\">\t\t<div class=\"wp-show-posts-image  wpsp-image-center \">\n\t\t\t<a href=\"https:\/\/ccielyon.com\/fr\/mollit-anim-id-est-laborum\/\"  title=\"Invest in Italy Day\"><img decoding=\"async\" width=\"960\" height=\"384\" src=\"https:\/\/ccielyon.com\/wp-content\/uploads\/2019\/11\/Invest-itali-day01-ritagliata.jpg\" class=\"attachment-full size-full wp-post-image\" alt=\"\" itemprop=\"image\" srcset=\"https:\/\/ccielyon.com\/wp-content\/uploads\/2019\/11\/Invest-itali-day01-ritagliata.jpg 960w, https:\/\/ccielyon.com\/wp-content\/uploads\/2019\/11\/Invest-itali-day01-ritagliata-300x120.jpg 300w, https:\/\/ccielyon.com\/wp-content\/uploads\/2019\/11\/Invest-itali-day01-ritagliata-768x307.jpg 768w\" sizes=\"(max-width: 960px) 100vw, 960px\" \/><\/a>\t\t<\/div>\n\t\t\t\t\t\t\t\t<header class=\"wp-show-posts-entry-header\">\n\t\t\t\t\t\t\t<h2 class=\"wp-show-posts-entry-title\" itemprop=\"headline\"><a href=\"https:\/\/ccielyon.com\/fr\/mollit-anim-id-est-laborum\/\" rel=\"bookmark\">Invest in Italy Day<\/a><\/h2>\t\t\t\t\t\t<\/header><!-- .entry-header -->\n\t\t\t\t\t\t\t\t\t\t\t<div class=\"wp-show-posts-entry-summary\" itemprop=\"text\">\n\t\t\t\t\t\t\t<p>Invest in Italy Day, un seminario organizzato dallo Studio Legale CASTALDI PARTNERS, Altios International, CCIE Lione, Credit Agricole Centre-Est e Christophe Gonnet Audit &amp; Consulting. #italianbusinesscommunity<\/p>\n\t\t\t\t\t\t<\/div><!-- .entry-summary -->\n\t\t\t\t\t<\/div><!-- wp-show-posts-inner --><\/article><div class=\"wpsp-clear\"><\/div><\/section><!-- .wp-show-posts -->\n","protected":false},"excerpt":{"rendered":"<p>N\u00e9 et cultiv\u00e9 sur une id\u00e9e originale de la CCIF Lyon,&nbsp;ITALIA CLUB&nbsp;rassemble&nbsp;dirigeants, cadres ou entrepreneurs fran\u00e7ais et italiens bas\u00e9s dans notre grande r\u00e9gion tous acteurs ou int\u00e9ress\u00e9s aux \u00e9changes et op\u00e9rations transfrontali\u00e8res.&nbsp;&nbsp; C\u2019est un club d\u2019affaires exclusif dont les r\u00e9unions \u00e0 l\u2019heure du d\u00e9jeuner permettent en toute convivialit\u00e9 de se retrouver entre pairs pour d\u00e9velopper &#8230; <a title=\"Invest in Italy Day\" class=\"read-more\" href=\"https:\/\/ccielyon.com\/fr\/mollit-anim-id-est-laborum\/\" aria-label=\"En savoir plus sur Invest in Italy Day\">(+)<\/a><\/p>\n","protected":false},"author":5,"featured_media":0,"parent":0,"menu_order":0,"comment_status":"closed","ping_status":"closed","template":"","meta":{"footnotes":""},"class_list":["post-2215","page","type-page","status-publish","hentry","generate-columns","tablet-grid-50","mobile-grid-100","grid-parent","grid-33"],"_links":{"self":[{"href":"https:\/\/ccielyon.com\/fr\/wp-json\/wp\/v2\/pages\/2215","targetHints":{"allow":["GET"]}}],"collection":[{"href":"https:\/\/ccielyon.com\/fr\/wp-json\/wp\/v2\/pages"}],"about":[{"href":"https:\/\/ccielyon.com\/fr\/wp-json\/wp\/v2\/types\/page"}],"author":[{"embeddable":true,"href":"https:\/\/ccielyon.com\/fr\/wp-json\/wp\/v2\/users\/5"}],"replies":[{"embeddable":true,"href":"https:\/\/ccielyon.com\/fr\/wp-json\/wp\/v2\/comments?post=2215"}],"version-history":[{"count":0,"href":"https:\/\/ccielyon.com\/fr\/wp-json\/wp\/v2\/pages\/2215\/revisions"}],"wp:attachment":[{"href":"https:\/\/ccielyon.com\/fr\/wp-json\/wp\/v2\/media?parent=2215"}],"curies":[{"name":"wp","href":"https:\/\/api.w.org\/{rel}","templated":true}]}}