{"id":2213,"date":"2021-11-20T17:21:50","date_gmt":"2021-11-20T16:21:50","guid":{"rendered":"http:\/\/ccielyon.com\/?page_id=2213"},"modified":"2021-12-09T14:21:55","modified_gmt":"2021-12-09T13:21:55","slug":"missions-et-ateliers","status":"publish","type":"page","link":"https:\/\/ccielyon.com\/fr\/missions-et-ateliers\/","title":{"rendered":"Missions et ateliers"},"content":{"rendered":"\n<div class=\"wp-block-cover alignfull has-background-dim\" style=\"background-image:url(https:\/\/ccielyon.com\/wp-content\/uploads\/2020\/07\/Workshop2-2500x600-1.jpg);min-height:300px;aspect-ratio:unset;\"><div class=\"wp-block-cover__inner-container is-layout-flow wp-block-cover-is-layout-flow\">\n<h1 class=\"has-text-align-center wp-block-heading\">MISSIONS ET WORKSHOP<\/h1>\n<\/div><\/div>\n\n\n\n<h2 class=\"wp-block-heading\"><strong><strong>Nous amenons l\u2019Italie en France et vice versa<\/strong><\/strong><\/h2>\n\n\n\n<p>Le d\u00e9veloppement des \u00e9changes et le partage des comp\u00e9tences entre la France et l\u2019Italie est notre mission.<br>Notre connaissance approfondie des syst\u00e8mes \u00e9conomiques fran\u00e7ais et italien et leurs march\u00e9s respectifs nous permet d\u2019\u00e9laborer des projets personnalis\u00e9s.<br>Gr\u00e2ce \u00e0 notre concept de d\u00e9veloppement, \u00e0 notre \u00e9ventail de comp\u00e9tences, \u00e0 notre savoir-faire innovant et \u00e0 la solidit\u00e9 de notre structure, nous pourrons vous pr\u00e9senter des projets r\u00e9pondant \u00e0 vos attentes et valoriser au mieux vos ressources.<\/p>\n\n\n\n<p>Dans ce but nous organisons des missions outgoing et incoming dans tous les secteurs d\u2019activit\u00e9, afin d\u2019amener les entreprises italiennes en France et amener les entreprises fran\u00e7aises au c\u0153ur des grandes r\u00e9alit\u00e9s de l\u2019entreprenariat italien.<br>Un service \u201ccl\u00e9 en main\u201d allant de la s\u00e9lection des contacts, \u00e0 l\u2019organisation de la logistique, \u00e0 la gestion des suivis.<\/p>\n\n\n\n<p><span style=\"text-decoration: underline;\">Quelques exemples:<\/span><\/p>\n\n\n\n<ul class=\"wp-block-list\"><li>Workshop dans les secteurs du textile et de l\u2019habillement, de l\u2019agroalimentaire, de la sous-traitance, etc.\u2026<\/li><li>Rencontres d\u2019affaires \u00e0 l\u2019occasion des salons en France et en Italie (MIDEST, SIRHA, AUTUNNO PAVESE\u2026)<\/li><li>Rencontres institutionnelles th\u00e9matiques ou missions d\u2019entreprises en collaboration avec les organismes locaux, les associations professionnelles ou les entrepreneurs, les chambres de commerce\u2026<\/li><li>Visites de salons et de manifestations professionnelles<\/li><li>Pr\u00e9sentation des march\u00e9s fran\u00e7ais et italien (secteur agroalimentaire, ameublement\u2026), des territoires (marketing du territoire) et des projets (secteur de la formation)<\/li><\/ul>\n\n\n\n<p>Notre \u00e9quipe est \u00e0 votre service pour \u00e9tudier vos id\u00e9es, vous proposer une collaboration globale et cibl\u00e9e, g\u00e9rer la mise en \u0153uvre.<\/p>\n\n\n\n<hr class=\"wp-block-separator has-text-color has-background has-cyan-bluish-gray-background-color has-cyan-bluish-gray-color\"\/>\n\n\n\n<h1 class=\"has-text-align-center wp-block-heading\"><strong><strong>\u00c9v\u00e9nements, Missions et Workshop<\/strong><\/strong><\/h1>\n\n\n\n<div style=\"height:20px\" aria-hidden=\"true\" class=\"wp-block-spacer\"><\/div>\n\n\n<style>.wp-show-posts-columns#wpsp-1060 {margin-left: -2em; }.wp-show-posts-columns#wpsp-1060 .wp-show-posts-inner {margin: 0 0 2em 2em; }<\/style><section id=\"wpsp-1060\" class=\" wp-show-posts-columns wp-show-posts\" style=\"\"><article class=\" wp-show-posts-single post-2441 post type-post status-publish format-standard has-post-thumbnail hentry category-news-missions-et-workshop category-news-fr wpsp-col-4\" itemtype=\"http:\/\/schema.org\/CreativeWork\" itemscope><div class=\"wp-show-posts-inner\" style=\"\">\t\t<div class=\"wp-show-posts-image  wpsp-image-center \">\n\t\t\t<a href=\"https:\/\/ccielyon.com\/fr\/lhuile-de-qualite-de-la-region-des-marches-a-la-conquete-de-la-france\/\"  title=\"L\u2019huile de qualit\u00e9 de la r\u00e9gion des Marches \u00e0 la conqu\u00eate de la France\"><img decoding=\"async\" width=\"1300\" height=\"600\" src=\"https:\/\/ccielyon.com\/wp-content\/uploads\/2021\/06\/Invitation-Huile-dOlive-Marche.jpg\" class=\"attachment-full size-full wp-post-image\" alt=\"\" itemprop=\"image\" srcset=\"https:\/\/ccielyon.com\/wp-content\/uploads\/2021\/06\/Invitation-Huile-dOlive-Marche.jpg 1300w, https:\/\/ccielyon.com\/wp-content\/uploads\/2021\/06\/Invitation-Huile-dOlive-Marche-300x138.jpg 300w, https:\/\/ccielyon.com\/wp-content\/uploads\/2021\/06\/Invitation-Huile-dOlive-Marche-1024x473.jpg 1024w, https:\/\/ccielyon.com\/wp-content\/uploads\/2021\/06\/Invitation-Huile-dOlive-Marche-768x354.jpg 768w\" sizes=\"(max-width: 1300px) 100vw, 1300px\" \/><\/a>\t\t<\/div>\n\t\t\t\t\t\t\t\t<header class=\"wp-show-posts-entry-header\">\n\t\t\t\t\t\t\t<h2 class=\"wp-show-posts-entry-title\" itemprop=\"headline\"><a href=\"https:\/\/ccielyon.com\/fr\/lhuile-de-qualite-de-la-region-des-marches-a-la-conquete-de-la-france\/\" rel=\"bookmark\">L\u2019huile de qualit\u00e9 de la r\u00e9gion des Marches \u00e0 la conqu\u00eate de la France<\/a><\/h2>\t\t\t\t\t\t<\/header><!-- .entry-header -->\n\t\t\t\t\t\t\t\t\t\t\t<div class=\"wp-show-posts-entry-summary\" itemprop=\"text\">\n\t\t\t\t\t\t\t<p>La d\u00e9gustation professionnelle \u00ab&nbsp;Les Huiles d\u2019Olive Extra Vierge des Marches&nbsp;\u00bb pr\u00e9sente 6 huiles monovari\u00e9tales d\u2019excellence et le lien tr\u00e8s \u00e9troit entre les caract\u00e9ristiques organoleptiques de l\u2019huile et le territoire de&#8230;<\/p>\n\t\t\t\t\t\t<\/div><!-- .entry-summary -->\n\t\t\t\t\t<\/div><!-- wp-show-posts-inner --><\/article><article class=\" wp-show-posts-single post-3263 post type-post status-publish format-standard has-post-thumbnail hentry category-news-missions-et-workshop category-news-fr wpsp-col-4\" itemtype=\"http:\/\/schema.org\/CreativeWork\" itemscope><div class=\"wp-show-posts-inner\" style=\"\">\t\t<div class=\"wp-show-posts-image  wpsp-image-center \">\n\t\t\t<a href=\"https:\/\/ccielyon.com\/fr\/investi-in-piemonte\/\"  title=\"Opportunit\u00e9s d&rsquo;investissement dans le Pi\u00e9mont\"><img decoding=\"async\" width=\"1300\" height=\"600\" src=\"https:\/\/ccielyon.com\/wp-content\/uploads\/2021\/04\/webinar-CEIP.gif\" class=\"attachment-full size-full wp-post-image\" alt=\"\" itemprop=\"image\" \/><\/a>\t\t<\/div>\n\t\t\t\t\t\t\t\t<header class=\"wp-show-posts-entry-header\">\n\t\t\t\t\t\t\t<h2 class=\"wp-show-posts-entry-title\" itemprop=\"headline\"><a href=\"https:\/\/ccielyon.com\/fr\/investi-in-piemonte\/\" rel=\"bookmark\">Opportunit\u00e9s d&rsquo;investissement dans le Pi\u00e9mont<\/a><\/h2>\t\t\t\t\t\t<\/header><!-- .entry-header -->\n\t\t\t\t\t\t\t\t\t\t\t<div class=\"wp-show-posts-entry-summary\" itemprop=\"text\">\n\t\t\t\t\t\t\t<p>Notre Chambre de Commerce, avec sa chambre s\u0153ur de Marseille, en collaboration avec le Centre Ext\u00e9rieur d&rsquo;Internationalisation de la R\u00e9gion Pi\u00e9mont, a organis\u00e9 un webinaire consacr\u00e9 aux opportunit\u00e9s d&rsquo;investissement pour&#8230;<\/p>\n\t\t\t\t\t\t<\/div><!-- .entry-summary -->\n\t\t\t\t\t<\/div><!-- wp-show-posts-inner --><\/article><article class=\" wp-show-posts-single post-2897 post type-post status-publish format-standard has-post-thumbnail hentry category-news-missions-et-workshop category-news-fr wpsp-col-4\" itemtype=\"http:\/\/schema.org\/CreativeWork\" itemscope><div class=\"wp-show-posts-inner\" style=\"\">\t\t<div class=\"wp-show-posts-image  wpsp-image-center \">\n\t\t\t<a href=\"https:\/\/ccielyon.com\/fr\/showcooking-le-marche-a-tavola\/\"  title=\"Showcooking Le Marche \u00e0 table\"><img decoding=\"async\" width=\"1300\" height=\"600\" src=\"https:\/\/ccielyon.com\/wp-content\/uploads\/2020\/11\/Le-Marche-a-tavola.jpg\" class=\"attachment-full size-full wp-post-image\" alt=\"\" itemprop=\"image\" srcset=\"https:\/\/ccielyon.com\/wp-content\/uploads\/2020\/11\/Le-Marche-a-tavola.jpg 1300w, https:\/\/ccielyon.com\/wp-content\/uploads\/2020\/11\/Le-Marche-a-tavola-300x138.jpg 300w, https:\/\/ccielyon.com\/wp-content\/uploads\/2020\/11\/Le-Marche-a-tavola-1024x473.jpg 1024w, https:\/\/ccielyon.com\/wp-content\/uploads\/2020\/11\/Le-Marche-a-tavola-768x354.jpg 768w\" sizes=\"(max-width: 1300px) 100vw, 1300px\" \/><\/a>\t\t<\/div>\n\t\t\t\t\t\t\t\t<header class=\"wp-show-posts-entry-header\">\n\t\t\t\t\t\t\t<h2 class=\"wp-show-posts-entry-title\" itemprop=\"headline\"><a href=\"https:\/\/ccielyon.com\/fr\/showcooking-le-marche-a-tavola\/\" rel=\"bookmark\">Showcooking Le Marche \u00e0 table<\/a><\/h2>\t\t\t\t\t\t<\/header><!-- .entry-header -->\n\t\t\t\t\t\t\t\t\t\t\t<div class=\"wp-show-posts-entry-summary\" itemprop=\"text\">\n\t\t\t\t\t\t\t<p>Lors de la 5\u00e8me \u00e9dition de la Settimana della Cucina Italiana nel Mondo (Semaine de la cuisine italienne dans le monde), un showcooking sp\u00e9cial d\u00e9di\u00e9 \u00e0 la cuisine r\u00e9gionale des&#8230;<\/p>\n\t\t\t\t\t\t<\/div><!-- .entry-summary -->\n\t\t\t\t\t<\/div><!-- wp-show-posts-inner --><\/article><article class=\" wp-show-posts-single post-2586 post type-post status-publish format-standard has-post-thumbnail hentry category-evenements-true-italian-taste category-news-missions-et-workshop wpsp-col-4\" itemtype=\"http:\/\/schema.org\/CreativeWork\" itemscope><div class=\"wp-show-posts-inner\" style=\"\">\t\t<div class=\"wp-show-posts-image  wpsp-image-center \">\n\t\t\t<a href=\"https:\/\/ccielyon.com\/fr\/buyfood-toscana-2020\/\"  title=\"BuyFood Toscana 2020\"><img decoding=\"async\" width=\"1200\" height=\"300\" src=\"https:\/\/ccielyon.com\/wp-content\/uploads\/2020\/09\/Banner-buyfood2020.jpg\" class=\"attachment-full size-full wp-post-image\" alt=\"\" itemprop=\"image\" srcset=\"https:\/\/ccielyon.com\/wp-content\/uploads\/2020\/09\/Banner-buyfood2020.jpg 1200w, https:\/\/ccielyon.com\/wp-content\/uploads\/2020\/09\/Banner-buyfood2020-300x75.jpg 300w, https:\/\/ccielyon.com\/wp-content\/uploads\/2020\/09\/Banner-buyfood2020-1024x256.jpg 1024w, https:\/\/ccielyon.com\/wp-content\/uploads\/2020\/09\/Banner-buyfood2020-768x192.jpg 768w\" sizes=\"(max-width: 1200px) 100vw, 1200px\" \/><\/a>\t\t<\/div>\n\t\t\t\t\t\t\t\t<header class=\"wp-show-posts-entry-header\">\n\t\t\t\t\t\t\t<h2 class=\"wp-show-posts-entry-title\" itemprop=\"headline\"><a href=\"https:\/\/ccielyon.com\/fr\/buyfood-toscana-2020\/\" rel=\"bookmark\">BuyFood Toscana 2020<\/a><\/h2>\t\t\t\t\t\t<\/header><!-- .entry-header -->\n\t\t\t\t\t\t\t\t\t\t\t<div class=\"wp-show-posts-entry-summary\" itemprop=\"text\">\n\t\t\t\t\t\t\t<p>BuyFood Toscana 2020 est un \u00e9v\u00e9nement organis\u00e9 par la\u00a0Regione Toscana\u00a0et\u00a0Camera di Commercio di Firenze\u00a0\u2013\u00a0PromoFirenze \u2013 Azienda Speciale della CCIAA di Firenze, organis\u00e9 par la\u00a0Fondazione Sistema Toscana\u00a0avec la collaboration de la\u00a0Comune&#8230;<\/p>\n\t\t\t\t\t\t<\/div><!-- .entry-summary -->\n\t\t\t\t\t<\/div><!-- wp-show-posts-inner --><\/article><article class=\" wp-show-posts-single post-2385 post type-post status-publish format-standard hentry category-news-missions-et-workshop wpsp-col-4\" itemtype=\"http:\/\/schema.org\/CreativeWork\" itemscope><div class=\"wp-show-posts-inner\" style=\"\">\t\t\t\t\t\t<header class=\"wp-show-posts-entry-header\">\n\t\t\t\t\t\t\t<h2 class=\"wp-show-posts-entry-title\" itemprop=\"headline\"><a href=\"https:\/\/ccielyon.com\/fr\/incontri-daffari-ad-autunno-pavese-2019\/\" rel=\"bookmark\">Rencontres d\u2019affaires \u00e0 l\u2019Autunno Pavese 2019<\/a><\/h2>\t\t\t\t\t\t<\/header><!-- .entry-header -->\n\t\t\t\t\t\t\t\t\t\t\t<div class=\"wp-show-posts-entry-summary\" itemprop=\"text\">\n\t\t\t\t\t\t\t<p>La Chambre de Commerce de Pavia et Pavia Sviluppo, en collaboration avec la CCIL, organisent l\u2019arriv\u00e9e de 26 acheteurs internationaux pour la manifestation&nbsp;Autunno Pavese. Lundi 21 octobre, des importateurs, distributeurs,&#8230;<\/p>\n\t\t\t\t\t\t<\/div><!-- .entry-summary -->\n\t\t\t\t\t<\/div><!-- wp-show-posts-inner --><\/article><article class=\" wp-show-posts-single post-2387 post type-post status-publish format-standard has-post-thumbnail hentry category-news-missions-et-workshop wpsp-col-4\" itemtype=\"http:\/\/schema.org\/CreativeWork\" itemscope><div class=\"wp-show-posts-inner\" style=\"\">\t\t<div class=\"wp-show-posts-image  wpsp-image-center \">\n\t\t\t<a href=\"https:\/\/ccielyon.com\/fr\/visita-business-al-villaggio-coldiretti-bologna\/\"  title=\"Visite d\u2019affaires au Villaggio Coldiretti Bologna\"><img decoding=\"async\" width=\"960\" height=\"498\" src=\"https:\/\/ccielyon.com\/wp-content\/uploads\/2021\/11\/Coldiretti.jpg\" class=\"attachment-full size-full wp-post-image\" alt=\"\" itemprop=\"image\" srcset=\"https:\/\/ccielyon.com\/wp-content\/uploads\/2021\/11\/Coldiretti.jpg 960w, https:\/\/ccielyon.com\/wp-content\/uploads\/2021\/11\/Coldiretti-300x156.jpg 300w, https:\/\/ccielyon.com\/wp-content\/uploads\/2021\/11\/Coldiretti-768x398.jpg 768w\" sizes=\"(max-width: 960px) 100vw, 960px\" \/><\/a>\t\t<\/div>\n\t\t\t\t\t\t\t\t<header class=\"wp-show-posts-entry-header\">\n\t\t\t\t\t\t\t<h2 class=\"wp-show-posts-entry-title\" itemprop=\"headline\"><a href=\"https:\/\/ccielyon.com\/fr\/visita-business-al-villaggio-coldiretti-bologna\/\" rel=\"bookmark\">Visite d\u2019affaires au Villaggio Coldiretti Bologna<\/a><\/h2>\t\t\t\t\t\t<\/header><!-- .entry-header -->\n\t\t\t\t\t\t\t\t\t\t\t<div class=\"wp-show-posts-entry-summary\" itemprop=\"text\">\n\t\t\t\t\t\t\t<p>La Chambre de Commerce Italienne \u00e0 Lyon s\u00e9lectionne et accompagne des acheteurs fran\u00e7ais du secteur alimentaire, \u00e0 des rencontres d\u2019affaires au\u00a0Villaggio Coldiretti, \u00e0 Bologne du 27 au 30 septembre 2019.<\/p>\n\t\t\t\t\t\t<\/div><!-- .entry-summary -->\n\t\t\t\t\t<\/div><!-- wp-show-posts-inner --><\/article><div class=\"wpsp-clear\"><\/div><\/section><!-- .wp-show-posts --><div class=\"wpsp-load-more\"><span aria-current=\"page\" class=\"page-numbers current\">1<\/span>\n<a class=\"page-numbers\" href=\"https:\/\/ccielyon.com\/fr\/wp-json\/wp\/v2\/pages\/2213\/page\/2\/\">2<\/a>\n<a class=\"next page-numbers\" href=\"https:\/\/ccielyon.com\/fr\/wp-json\/wp\/v2\/pages\/2213\/page\/2\/\">Next &rarr;<\/a><\/div>\n","protected":false},"excerpt":{"rendered":"<p>Nous amenons l\u2019Italie en France et vice versa Le d\u00e9veloppement des \u00e9changes et le partage des comp\u00e9tences entre la France et l\u2019Italie est notre mission.Notre connaissance approfondie des syst\u00e8mes \u00e9conomiques fran\u00e7ais et italien et leurs march\u00e9s respectifs nous permet d\u2019\u00e9laborer des projets personnalis\u00e9s.Gr\u00e2ce \u00e0 notre concept de d\u00e9veloppement, \u00e0 notre \u00e9ventail de comp\u00e9tences, \u00e0 notre &#8230; <a title=\"Visite d\u2019affaires au Villaggio Coldiretti Bologna\" class=\"read-more\" href=\"https:\/\/ccielyon.com\/fr\/visita-business-al-villaggio-coldiretti-bologna\/\" aria-label=\"En savoir plus sur Visite d\u2019affaires au Villaggio Coldiretti Bologna\">(+)<\/a><\/p>\n","protected":false},"author":5,"featured_media":0,"parent":0,"menu_order":0,"comment_status":"closed","ping_status":"closed","template":"","meta":{"footnotes":""},"class_list":["post-2213","page","type-page","status-publish","hentry","generate-columns","tablet-grid-50","mobile-grid-100","grid-parent","grid-33"],"_links":{"self":[{"href":"https:\/\/ccielyon.com\/fr\/wp-json\/wp\/v2\/pages\/2213","targetHints":{"allow":["GET"]}}],"collection":[{"href":"https:\/\/ccielyon.com\/fr\/wp-json\/wp\/v2\/pages"}],"about":[{"href":"https:\/\/ccielyon.com\/fr\/wp-json\/wp\/v2\/types\/page"}],"author":[{"embeddable":true,"href":"https:\/\/ccielyon.com\/fr\/wp-json\/wp\/v2\/users\/5"}],"replies":[{"embeddable":true,"href":"https:\/\/ccielyon.com\/fr\/wp-json\/wp\/v2\/comments?post=2213"}],"version-history":[{"count":0,"href":"https:\/\/ccielyon.com\/fr\/wp-json\/wp\/v2\/pages\/2213\/revisions"}],"wp:attachment":[{"href":"https:\/\/ccielyon.com\/fr\/wp-json\/wp\/v2\/media?parent=2213"}],"curies":[{"name":"wp","href":"https:\/\/api.w.org\/{rel}","templated":true}]}}