{"id":2211,"date":"2021-11-20T17:20:42","date_gmt":"2021-11-20T16:20:42","guid":{"rendered":"http:\/\/ccielyon.com\/?page_id=2211"},"modified":"2021-12-09T14:18:59","modified_gmt":"2021-12-09T13:18:59","slug":"foires-et-salons","status":"publish","type":"page","link":"https:\/\/ccielyon.com\/fr\/foires-et-salons\/","title":{"rendered":"Foires et salons"},"content":{"rendered":"\n<div class=\"wp-block-cover alignfull has-background-dim\" style=\"background-image:url(https:\/\/ccielyon.com\/wp-content\/uploads\/2020\/07\/Fiere-saloni-2500x600-1.jpg);min-height:300px;aspect-ratio:unset;\"><div class=\"wp-block-cover__inner-container is-layout-flow wp-block-cover-is-layout-flow\">\n<h1 class=\"has-text-align-center wp-block-heading\">FOIRES &#8211; VILLAGES &#8211; SALONS <\/h1>\n<\/div><\/div>\n\n\n\n<h2 class=\"wp-block-heading\">Saviez-vous que la phase pr\u00e9paratoire d\u2019un salon assure pr\u00e8s de 60% de son succ\u00e8s?<\/h2>\n\n\n\n<p>La CCIF Lyon organise, tout au long de l\u2019ann\u00e9e, des \u00e9v\u00e8nements r\u00e9serv\u00e9s aux professionnels (B2B) et au grand public (B2C) afin de promouvoir le meilleur du <strong>Made in Italy.<\/strong> B\u00e9n\u00e9ficiez de notre exp\u00e9rience pour la planification et la gestion de votre participation aux foires, salons et villages en France.<\/p>\n\n\n\n<p>Les<strong> VILLAGES ITALIENS<\/strong> <strong>en<\/strong> <strong>FRANCE<\/strong> sont des \u00e9v\u00e9nements organis\u00e9s en plein air, d\u2019une dur\u00e9e moyenne de 4 jours. Install\u00e9s dans les centres-villes, les visiteurs peuvent se promener entre des stands color\u00e9s et des animations culinaires et musicales \u201c\u00e0 l\u2019italienne\u201d et acheter des produits italiens authentiques provenant de diverses r\u00e9gions d\u2019Italie. Une opportunit\u00e9 unique permettant aux producteurs italiens de se faire conna\u00eetre et vendre leurs produits directement au public fran\u00e7ais.<\/p>\n\n\n\n<p>Les <strong>FOIRES et SALONS<\/strong> sont des \u00e9v\u00e9nements ayant lieu dans des espaces clos. La CCIF Lyon s\u2019occupe de l\u2019organisation et la gestion de l\u2019Espace Italie et\/ou le suivi d\u2019un ou de plusieurs exposants italiens.<\/p>\n\n\n\n<p>La CCIF Lyon s\u2019occupe de l\u2019organisation et la gestion de l\u2019Espace Italie et\/ou le suivi d\u2019un ou de plusieurs exposants italiens.<\/p>\n\n\n\n<p>La CCIF Lyon peut vous aider pour les phases suivantes :<\/p>\n\n\n\n<h3 class=\"wp-block-heading\"><strong>Pr\u00e9paration <\/strong><\/h3>\n\n\n\n<ul class=\"wp-block-list\"><li>Conception et agencement de votre stand<\/li><li>Traduction de la documentation commerciale \u00e0 distribuer aux visiteurs<\/li><li>Organisation de services logistiques, techniques et administratifs <\/li><li>S\u00e9lection du personnel (h\u00f4tesses bilingues, etc.).<\/li><li>Accompagnement et assistance sur place.<\/li><\/ul>\n\n\n\n<h3 class=\"wp-block-heading\"><strong>PROMOTION<\/strong><\/h3>\n\n\n\n<ul class=\"wp-block-list\"><li>Relations publiques et \u00e9v\u00e9nements promotionnels avant et pendant la manifestation<\/li><li>Mailing cibl\u00e9 et envoi d\u2019invitations gratuites \u00e0 un publique cibl\u00e9<\/li><li>Offres sp\u00e9ciales r\u00e9serv\u00e9es aux acheteurs<\/li><\/ul>\n\n\n\n<h3 class=\"wp-block-heading\"><strong>Communication<\/strong><\/h3>\n\n\n\n<ul class=\"wp-block-list\"><li>Promotion \u00e0 travers nos r\u00e9seaux de communication<\/li><li>Partenariats avec la presse sp\u00e9cialis\u00e9e et cr\u00e9ation de dossiers de presse<\/li><li>Gestion du bureau de presse<\/li><\/ul>\n\n\n\n<hr class=\"wp-block-separator has-text-color has-background has-cyan-bluish-gray-background-color has-cyan-bluish-gray-color\"\/>\n\n\n\n<h1 class=\"has-text-align-center wp-block-heading\"><strong><strong>\u00c9v\u00e9nements Foires et Salons<\/strong><\/strong><\/h1>\n\n\n\n<div style=\"height:20px\" aria-hidden=\"true\" class=\"wp-block-spacer\"><\/div>\n\n\n<style>.wp-show-posts-columns#wpsp-1058 {margin-left: -2em; }.wp-show-posts-columns#wpsp-1058 .wp-show-posts-inner {margin: 0 0 2em 2em; }<\/style><section id=\"wpsp-1058\" class=\" wp-show-posts-columns wp-show-posts\" style=\"\"><article class=\" wp-show-posts-single post-197007 post type-post status-publish format-standard has-post-thumbnail hentry category-evenements-foires-salon category-news-fiere-e-saloni-fr tag-artigianato-fr tag-food-fr tag-moda-2 wpsp-col-4\" itemtype=\"http:\/\/schema.org\/CreativeWork\" itemscope><div class=\"wp-show-posts-inner\" style=\"\">\t\t<div class=\"wp-show-posts-image  wpsp-image-center \">\n\t\t\t<a href=\"https:\/\/ccielyon.com\/fr\/torna-il-villaggio-italiano-a-chambery\/\"  title=\"LE VILLAGE ITALIEN REVIENT \u00c0 CHAMB\u00c9RY\"><img decoding=\"async\" width=\"4913\" height=\"2268\" src=\"https:\/\/ccielyon.com\/wp-content\/uploads\/2023\/05\/Villaggio-Chambery-2023.png\" class=\"attachment-full size-full wp-post-image\" alt=\"\" itemprop=\"image\" srcset=\"https:\/\/ccielyon.com\/wp-content\/uploads\/2023\/05\/Villaggio-Chambery-2023.png 4913w, https:\/\/ccielyon.com\/wp-content\/uploads\/2023\/05\/Villaggio-Chambery-2023-300x138.png 300w, https:\/\/ccielyon.com\/wp-content\/uploads\/2023\/05\/Villaggio-Chambery-2023-1024x473.png 1024w, https:\/\/ccielyon.com\/wp-content\/uploads\/2023\/05\/Villaggio-Chambery-2023-768x355.png 768w, https:\/\/ccielyon.com\/wp-content\/uploads\/2023\/05\/Villaggio-Chambery-2023-1536x709.png 1536w, https:\/\/ccielyon.com\/wp-content\/uploads\/2023\/05\/Villaggio-Chambery-2023-2048x945.png 2048w\" sizes=\"(max-width: 4913px) 100vw, 4913px\" \/><\/a>\t\t<\/div>\n\t\t\t\t\t\t\t\t<header class=\"wp-show-posts-entry-header\">\n\t\t\t\t\t\t\t<h2 class=\"wp-show-posts-entry-title\" itemprop=\"headline\"><a href=\"https:\/\/ccielyon.com\/fr\/torna-il-villaggio-italiano-a-chambery\/\" rel=\"bookmark\">LE VILLAGE ITALIEN REVIENT \u00c0 CHAMB\u00c9RY<\/a><\/h2>\t\t\t\t\t\t<\/header><!-- .entry-header -->\n\t\t\t\t\t\t\t\t\t\t\t<div class=\"wp-show-posts-entry-summary\" itemprop=\"text\">\n\t\t\t\t\t\t\t<p>Le \u00ab\u00a0Village Passione Italiana\u00a0\u00bb de Chamb\u00e9ry aura lieu du 30 ao\u00fbt au 3 septembre sur la place Saint-L\u00e9ger. Avec plus de 120 000 habitants, Chamb\u00e9ry est une ville cosmopolite, parfois&#8230;<\/p>\n\t\t\t\t\t\t<\/div><!-- .entry-summary -->\n\t\t\t\t\t<\/div><!-- wp-show-posts-inner --><\/article><article class=\" wp-show-posts-single post-197000 post type-post status-publish format-standard has-post-thumbnail hentry category-evenements-foires-salon category-news-fiere-e-saloni-fr tag-artigianato-fr tag-food-fr tag-moda-fr wpsp-col-4\" itemtype=\"http:\/\/schema.org\/CreativeWork\" itemscope><div class=\"wp-show-posts-inner\" style=\"\">\t\t<div class=\"wp-show-posts-image  wpsp-image-center \">\n\t\t\t<a href=\"https:\/\/ccielyon.com\/fr\/villaggio-italiano-a-reims\/\"  title=\"Villaggio italiano a Reims\"><img decoding=\"async\" width=\"940\" height=\"788\" src=\"https:\/\/ccielyon.com\/wp-content\/uploads\/2023\/05\/Villaggio-Reims.png\" class=\"attachment-full size-full wp-post-image\" alt=\"\" itemprop=\"image\" srcset=\"https:\/\/ccielyon.com\/wp-content\/uploads\/2023\/05\/Villaggio-Reims.png 940w, https:\/\/ccielyon.com\/wp-content\/uploads\/2023\/05\/Villaggio-Reims-300x251.png 300w, https:\/\/ccielyon.com\/wp-content\/uploads\/2023\/05\/Villaggio-Reims-768x644.png 768w\" sizes=\"(max-width: 940px) 100vw, 940px\" \/><\/a>\t\t<\/div>\n\t\t\t\t\t\t\t\t<header class=\"wp-show-posts-entry-header\">\n\t\t\t\t\t\t\t<h2 class=\"wp-show-posts-entry-title\" itemprop=\"headline\"><a href=\"https:\/\/ccielyon.com\/fr\/villaggio-italiano-a-reims\/\" rel=\"bookmark\">Villaggio italiano a Reims<\/a><\/h2>\t\t\t\t\t\t<\/header><!-- .entry-header -->\n\t\t\t\t\t\t\t\t\t\t\t<div class=\"wp-show-posts-entry-summary\" itemprop=\"text\">\n\t\t\t\t\t\t\t<p>Dal 3 all&rsquo;8 maggio 2023, la\u00a0piazza d&rsquo;Erlon, nel pieno centro storico di\u00a0Reims\u00a0, sar\u00e0 di nuovo animata con i colori del Villaggio Passione Italiana.<\/p>\n\t\t\t\t\t\t<\/div><!-- .entry-summary -->\n\t\t\t\t\t<\/div><!-- wp-show-posts-inner --><\/article><article class=\" wp-show-posts-single post-197042 post type-post status-publish format-standard has-post-thumbnail hentry category-evenements-foires-salon category-news-fiere-e-saloni-fr tag-turismo-fr tag-viaggi-fr wpsp-col-4\" itemtype=\"http:\/\/schema.org\/CreativeWork\" itemscope><div class=\"wp-show-posts-inner\" style=\"\">\t\t<div class=\"wp-show-posts-image  wpsp-image-center \">\n\t\t\t<a href=\"https:\/\/ccielyon.com\/fr\/a-parigi-il-salone-mondiale-del-turismo\/\"  title=\"Salon mondial du tourisme \u00e0 Paris\"><img decoding=\"async\" width=\"2560\" height=\"1182\" src=\"https:\/\/ccielyon.com\/wp-content\/uploads\/2023\/04\/Mondial-Tourisme-Paris-2024-scaled.jpg\" class=\"attachment-full size-full wp-post-image\" alt=\"\" itemprop=\"image\" srcset=\"https:\/\/ccielyon.com\/wp-content\/uploads\/2023\/04\/Mondial-Tourisme-Paris-2024-scaled.jpg 2560w, https:\/\/ccielyon.com\/wp-content\/uploads\/2023\/04\/Mondial-Tourisme-Paris-2024-300x138.jpg 300w, https:\/\/ccielyon.com\/wp-content\/uploads\/2023\/04\/Mondial-Tourisme-Paris-2024-1024x473.jpg 1024w, https:\/\/ccielyon.com\/wp-content\/uploads\/2023\/04\/Mondial-Tourisme-Paris-2024-768x355.jpg 768w, https:\/\/ccielyon.com\/wp-content\/uploads\/2023\/04\/Mondial-Tourisme-Paris-2024-1536x709.jpg 1536w, https:\/\/ccielyon.com\/wp-content\/uploads\/2023\/04\/Mondial-Tourisme-Paris-2024-2048x945.jpg 2048w\" sizes=\"(max-width: 2560px) 100vw, 2560px\" \/><\/a>\t\t<\/div>\n\t\t\t\t\t\t\t\t<header class=\"wp-show-posts-entry-header\">\n\t\t\t\t\t\t\t<h2 class=\"wp-show-posts-entry-title\" itemprop=\"headline\"><a href=\"https:\/\/ccielyon.com\/fr\/a-parigi-il-salone-mondiale-del-turismo\/\" rel=\"bookmark\">Salon mondial du tourisme \u00e0 Paris<\/a><\/h2>\t\t\t\t\t\t<\/header><!-- .entry-header -->\n\t\t\t\t\t\t\t\t\t\t\t<div class=\"wp-show-posts-entry-summary\" itemprop=\"text\">\n\t\t\t\t\t\t\t<p>Le Salon Mondial du Tourisme s\u2019est tenu du 16 au 19 mars derniers \u00e0 Paris-Expo Porte de Versailles et a accueilli, durant 4 jours, 66 500 visites et 230 exposants&#8230;<\/p>\n\t\t\t\t\t\t<\/div><!-- .entry-summary -->\n\t\t\t\t\t<\/div><!-- wp-show-posts-inner --><\/article><article class=\" wp-show-posts-single post-4127 post type-post status-publish format-standard has-post-thumbnail hentry category-evenements-foires-salon category-news-fr wpsp-col-4\" itemtype=\"http:\/\/schema.org\/CreativeWork\" itemscope><div class=\"wp-show-posts-inner\" style=\"\">\t\t<div class=\"wp-show-posts-image  wpsp-image-center \">\n\t\t\t<a href=\"https:\/\/ccielyon.com\/fr\/village-italo-bio-a-lyon\/\"  title=\"Village Italo &#038; Bio \u00e0 Lyon\"><img decoding=\"async\" width=\"1300\" height=\"600\" src=\"https:\/\/ccielyon.com\/wp-content\/uploads\/2022\/06\/Village-ItaloBio.png\" class=\"attachment-full size-full wp-post-image\" alt=\"\" itemprop=\"image\" srcset=\"https:\/\/ccielyon.com\/wp-content\/uploads\/2022\/06\/Village-ItaloBio.png 1300w, https:\/\/ccielyon.com\/wp-content\/uploads\/2022\/06\/Village-ItaloBio-300x138.png 300w, https:\/\/ccielyon.com\/wp-content\/uploads\/2022\/06\/Village-ItaloBio-1024x473.png 1024w, https:\/\/ccielyon.com\/wp-content\/uploads\/2022\/06\/Village-ItaloBio-768x354.png 768w\" sizes=\"(max-width: 1300px) 100vw, 1300px\" \/><\/a>\t\t<\/div>\n\t\t\t\t\t\t\t\t<header class=\"wp-show-posts-entry-header\">\n\t\t\t\t\t\t\t<h2 class=\"wp-show-posts-entry-title\" itemprop=\"headline\"><a href=\"https:\/\/ccielyon.com\/fr\/village-italo-bio-a-lyon\/\" rel=\"bookmark\">Village Italo &#038; Bio \u00e0 Lyon<\/a><\/h2>\t\t\t\t\t\t<\/header><!-- .entry-header -->\n\t\t\t\t\t\t\t\t\t\t\t<div class=\"wp-show-posts-entry-summary\" itemprop=\"text\">\n\t\t\t\t\t\t\t<p>Du jeudi 23 au dimanche 26 juin, sur la place Saint Jean (Lyon 5\u00e8me) vous attend le village Italo &amp; Bio. Ne perdez pas l&rsquo;opportunit\u00e9 de d\u00e9couvrir toute la meilleure&#8230;<\/p>\n\t\t\t\t\t\t<\/div><!-- .entry-summary -->\n\t\t\t\t\t<\/div><!-- wp-show-posts-inner --><\/article><article class=\" wp-show-posts-single post-4076 post type-post status-publish format-standard has-post-thumbnail hentry category-autres-news category-evenements-foires-salon wpsp-col-4\" itemtype=\"http:\/\/schema.org\/CreativeWork\" itemscope><div class=\"wp-show-posts-inner\" style=\"\">\t\t<div class=\"wp-show-posts-image  wpsp-image-center \">\n\t\t\t<a href=\"https:\/\/ccielyon.com\/fr\/la-toscane-invitee-dhonneur-de-la-foire-de-moulins-2022\/\"  title=\"La Toscane invit\u00e9e d&rsquo;honneur de la Foire de Moulins 2022\"><img decoding=\"async\" width=\"1300\" height=\"600\" src=\"https:\/\/ccielyon.com\/wp-content\/uploads\/2022\/05\/FoiredeMoulins_banner.png\" class=\"attachment-full size-full wp-post-image\" alt=\"\" itemprop=\"image\" srcset=\"https:\/\/ccielyon.com\/wp-content\/uploads\/2022\/05\/FoiredeMoulins_banner.png 1300w, https:\/\/ccielyon.com\/wp-content\/uploads\/2022\/05\/FoiredeMoulins_banner-300x138.png 300w, https:\/\/ccielyon.com\/wp-content\/uploads\/2022\/05\/FoiredeMoulins_banner-1024x473.png 1024w, https:\/\/ccielyon.com\/wp-content\/uploads\/2022\/05\/FoiredeMoulins_banner-768x354.png 768w\" sizes=\"(max-width: 1300px) 100vw, 1300px\" \/><\/a>\t\t<\/div>\n\t\t\t\t\t\t\t\t<header class=\"wp-show-posts-entry-header\">\n\t\t\t\t\t\t\t<h2 class=\"wp-show-posts-entry-title\" itemprop=\"headline\"><a href=\"https:\/\/ccielyon.com\/fr\/la-toscane-invitee-dhonneur-de-la-foire-de-moulins-2022\/\" rel=\"bookmark\">La Toscane invit\u00e9e d&rsquo;honneur de la Foire de Moulins 2022<\/a><\/h2>\t\t\t\t\t\t<\/header><!-- .entry-header -->\n\t\t\t\t\t\t\t\t\t\t\t<div class=\"wp-show-posts-entry-summary\" itemprop=\"text\">\n\t\t\t\t\t\t\t<p>Jusqu\u2019\u00e0 dimanche 15 mai, les couleurs et les saveurs de la Toscane vous attendent \u00e0 la Foire de Moulins gr\u00e2ce aux nombreaux stands des producteurs et artisans qui vous feront&#8230;<\/p>\n\t\t\t\t\t\t<\/div><!-- .entry-summary -->\n\t\t\t\t\t<\/div><!-- wp-show-posts-inner --><\/article><article class=\" wp-show-posts-single post-3187 post type-post status-publish format-standard has-post-thumbnail hentry category-autres-news category-evenements-foires-salon category-eventi-generali category-news-fr wpsp-col-4\" itemtype=\"http:\/\/schema.org\/CreativeWork\" itemscope><div class=\"wp-show-posts-inner\" style=\"\">\t\t<div class=\"wp-show-posts-image  wpsp-image-center \">\n\t\t\t<a href=\"https:\/\/ccielyon.com\/fr\/la-gastronomia-italiana-invade-lione-per-5-giorni\/\"  title=\"Villaggio Passione Italiana, le plus grand march\u00e9 italien de Lyon\"><img decoding=\"async\" width=\"4913\" height=\"2268\" src=\"https:\/\/ccielyon.com\/wp-content\/uploads\/2021\/11\/Village-italien-Lyon.png\" class=\"attachment-full size-full wp-post-image\" alt=\"\" itemprop=\"image\" srcset=\"https:\/\/ccielyon.com\/wp-content\/uploads\/2021\/11\/Village-italien-Lyon.png 4913w, https:\/\/ccielyon.com\/wp-content\/uploads\/2021\/11\/Village-italien-Lyon-300x138.png 300w, https:\/\/ccielyon.com\/wp-content\/uploads\/2021\/11\/Village-italien-Lyon-1024x473.png 1024w, https:\/\/ccielyon.com\/wp-content\/uploads\/2021\/11\/Village-italien-Lyon-768x355.png 768w, https:\/\/ccielyon.com\/wp-content\/uploads\/2021\/11\/Village-italien-Lyon-1536x709.png 1536w, https:\/\/ccielyon.com\/wp-content\/uploads\/2021\/11\/Village-italien-Lyon-2048x945.png 2048w\" sizes=\"(max-width: 4913px) 100vw, 4913px\" \/><\/a>\t\t<\/div>\n\t\t\t\t\t\t\t\t<header class=\"wp-show-posts-entry-header\">\n\t\t\t\t\t\t\t<h2 class=\"wp-show-posts-entry-title\" itemprop=\"headline\"><a href=\"https:\/\/ccielyon.com\/fr\/la-gastronomia-italiana-invade-lione-per-5-giorni\/\" rel=\"bookmark\">Villaggio Passione Italiana, le plus grand march\u00e9 italien de Lyon<\/a><\/h2>\t\t\t\t\t\t<\/header><!-- .entry-header -->\n\t\t\t\t\t\t\t\t\t\t\t<div class=\"wp-show-posts-entry-summary\" itemprop=\"text\">\n\t\t\t\t\t\t\t<p>Du 22 au 26 septembre, la Place de la R\u00e9publique accueillera la 11\u00e8me \u00e9dition du Villaggio Passione Italiana \u2026 et la dolce vita envahira \u00e0 nouveau Lyon ! Plus de&#8230;<\/p>\n\t\t\t\t\t\t<\/div><!-- .entry-summary -->\n\t\t\t\t\t<\/div><!-- wp-show-posts-inner --><\/article><div class=\"wpsp-clear\"><\/div><\/section><!-- .wp-show-posts --><div class=\"wpsp-load-more\"><span aria-current=\"page\" class=\"page-numbers current\">1<\/span>\n<a class=\"page-numbers\" href=\"https:\/\/ccielyon.com\/fr\/wp-json\/wp\/v2\/pages\/2211\/page\/2\/\">2<\/a>\n<a class=\"page-numbers\" href=\"https:\/\/ccielyon.com\/fr\/wp-json\/wp\/v2\/pages\/2211\/page\/3\/\">3<\/a>\n<a class=\"next page-numbers\" href=\"https:\/\/ccielyon.com\/fr\/wp-json\/wp\/v2\/pages\/2211\/page\/2\/\">Next &rarr;<\/a><\/div>\n","protected":false},"excerpt":{"rendered":"<p>Saviez-vous que la phase pr\u00e9paratoire d\u2019un salon assure pr\u00e8s de 60% de son succ\u00e8s? La CCIF Lyon organise, tout au long de l\u2019ann\u00e9e, des \u00e9v\u00e8nements r\u00e9serv\u00e9s aux professionnels (B2B) et au grand public (B2C) afin de promouvoir le meilleur du Made in Italy. B\u00e9n\u00e9ficiez de notre exp\u00e9rience pour la planification et la gestion de votre &#8230; <a title=\"Villaggio Passione Italiana, le plus grand march\u00e9 italien de Lyon\" class=\"read-more\" href=\"https:\/\/ccielyon.com\/fr\/la-gastronomia-italiana-invade-lione-per-5-giorni\/\" aria-label=\"En savoir plus sur Villaggio Passione Italiana, le plus grand march\u00e9 italien de Lyon\">(+)<\/a><\/p>\n","protected":false},"author":5,"featured_media":0,"parent":0,"menu_order":0,"comment_status":"closed","ping_status":"closed","template":"","meta":{"footnotes":""},"class_list":["post-2211","page","type-page","status-publish","hentry","generate-columns","tablet-grid-50","mobile-grid-100","grid-parent","grid-33"],"_links":{"self":[{"href":"https:\/\/ccielyon.com\/fr\/wp-json\/wp\/v2\/pages\/2211","targetHints":{"allow":["GET"]}}],"collection":[{"href":"https:\/\/ccielyon.com\/fr\/wp-json\/wp\/v2\/pages"}],"about":[{"href":"https:\/\/ccielyon.com\/fr\/wp-json\/wp\/v2\/types\/page"}],"author":[{"embeddable":true,"href":"https:\/\/ccielyon.com\/fr\/wp-json\/wp\/v2\/users\/5"}],"replies":[{"embeddable":true,"href":"https:\/\/ccielyon.com\/fr\/wp-json\/wp\/v2\/comments?post=2211"}],"version-history":[{"count":0,"href":"https:\/\/ccielyon.com\/fr\/wp-json\/wp\/v2\/pages\/2211\/revisions"}],"wp:attachment":[{"href":"https:\/\/ccielyon.com\/fr\/wp-json\/wp\/v2\/media?parent=2211"}],"curies":[{"name":"wp","href":"https:\/\/api.w.org\/{rel}","templated":true}]}}