{"id":2209,"date":"2021-11-20T17:17:48","date_gmt":"2021-11-20T16:17:48","guid":{"rendered":"http:\/\/ccielyon.com\/?page_id=2209"},"modified":"2024-03-21T11:10:01","modified_gmt":"2024-03-21T10:10:01","slug":"evenements","status":"publish","type":"page","link":"https:\/\/ccielyon.com\/fr\/evenements\/","title":{"rendered":"\u00c9v\u00e9nements"},"content":{"rendered":"\n<div class=\"wp-block-cover alignfull is-light\" style=\"min-height:300px;aspect-ratio:unset;\"><span aria-hidden=\"true\" class=\"wp-block-cover__background has-background-dim\"><\/span><img decoding=\"async\" width=\"2500\" height=\"600\" class=\"wp-block-cover__image-background wp-image-972\" alt=\"\" src=\"https:\/\/ccielyon.com\/wp-content\/uploads\/2020\/07\/Eventi-2500x600-1.jpg\" data-object-fit=\"cover\" srcset=\"https:\/\/ccielyon.com\/wp-content\/uploads\/2020\/07\/Eventi-2500x600-1.jpg 2500w, https:\/\/ccielyon.com\/wp-content\/uploads\/2020\/07\/Eventi-2500x600-1-300x72.jpg 300w, https:\/\/ccielyon.com\/wp-content\/uploads\/2020\/07\/Eventi-2500x600-1-1024x246.jpg 1024w, https:\/\/ccielyon.com\/wp-content\/uploads\/2020\/07\/Eventi-2500x600-1-768x184.jpg 768w, https:\/\/ccielyon.com\/wp-content\/uploads\/2020\/07\/Eventi-2500x600-1-1536x369.jpg 1536w, https:\/\/ccielyon.com\/wp-content\/uploads\/2020\/07\/Eventi-2500x600-1-2048x492.jpg 2048w\" sizes=\"(max-width: 2500px) 100vw, 2500px\" \/><div class=\"wp-block-cover__inner-container is-layout-flow wp-block-cover-is-layout-flow\">\n<h1 class=\"wp-block-heading has-text-align-center has-base-3-color has-text-color has-link-color wp-elements-ce9fb3ca98d2be505374382897617bab\"><strong>\u00c9V<strong>\u00c9<\/strong>NEMENTS<\/strong><\/h1>\n<\/div><\/div>\n\n\n\n<p>Notre connaissance approfondie des march\u00e9s, de la soci\u00e9t\u00e9 italienne et fran\u00e7aise, ainsi que notre exp\u00e9rience en mati\u00e8re d\u2019organisation d\u2019\u00e9v\u00e9nements, seront \u00e0 votre disposition afin d\u2019assurer la r\u00e9ussite de vos projets. Une promotion bien cibl\u00e9e est la cl\u00e9 de votre succ\u00e8s sur les march\u00e9s \u00e9trangers.<\/p>\n\n\n\n<p>Nous vous aiderons \u00e0 renforcer votre r\u00e9putation, \u00e0 accro\u00eetre votre visibilit\u00e9 et vos contacts \u00e0 travers l\u2019organisation d\u2019un large \u00e9ventail d\u2019\u00e9v\u00e9nements et de manifestations.<\/p>\n\n\n\n<p>&nbsp;&nbsp;&nbsp;&nbsp;&nbsp;&nbsp;&nbsp;&nbsp;&nbsp;&nbsp;&nbsp;&nbsp;\u2022&nbsp;&nbsp;&nbsp;&nbsp;&nbsp;&nbsp;&nbsp;&nbsp;&nbsp;&nbsp;\u00c9v\u00e9nements promotionnels (pr\u00e9sentations, campagnes itin\u00e9rantes, d\u00e9gustations, master class, salons, etc.)<\/p>\n\n\n\n<p>&nbsp;&nbsp;&nbsp;&nbsp;&nbsp;&nbsp;&nbsp;&nbsp;&nbsp;&nbsp;&nbsp;&nbsp;\u2022&nbsp;&nbsp;&nbsp;&nbsp;&nbsp;&nbsp;&nbsp;&nbsp;&nbsp;&nbsp;Activit\u00e9s de r\u00e9seautage (repas d\u2019affaires, d\u00eeners de gala\u2026)<\/p>\n\n\n\n<p>&nbsp;&nbsp;&nbsp;&nbsp;&nbsp;&nbsp;&nbsp;&nbsp;&nbsp;&nbsp;&nbsp;&nbsp;\u2022&nbsp;&nbsp;&nbsp;&nbsp;&nbsp;&nbsp;&nbsp;&nbsp;&nbsp;&nbsp;Campagnes de promotion aupr\u00e8s de la petite et moyenne distribution fran\u00e7aise<\/p>\n\n\n\n<p>&nbsp;&nbsp;&nbsp;&nbsp;&nbsp;&nbsp;&nbsp;&nbsp;&nbsp;&nbsp;&nbsp;&nbsp;\u2022&nbsp;&nbsp;&nbsp;&nbsp;&nbsp;&nbsp;&nbsp;&nbsp;&nbsp;&nbsp;Educational tour et study visit (voyages pour la presse, voyages d\u2019affaires\u2026)<\/p>\n\n\n\n<p>Nous sommes en mesure de g\u00e9rer toutes les phases de l\u2019organisation des \u00e9v\u00e9nements : de la s\u00e9lection et contact des clients potentiels, \u00e0 la gestion et coordination logistique. Notre \u00e9quipe est \u00e0 votre service afin d\u2019analyser votre projet et vous proposer une collaboration visant la promotion d\u2019un produit \/ service \/ territoire. Nous favorisons la mise en r\u00e9seau pour vous aider \u00e0 acqu\u00e9rir de nouveaux contacts professionnels et \u00e0 am\u00e9liorer votre r\u00e9putation sur le march\u00e9 fran\u00e7ais.<\/p>\n\n\n\n<hr class=\"wp-block-separator has-text-color has-cyan-bluish-gray-color has-css-opacity has-cyan-bluish-gray-background-color has-background\"\/>\n\n\n\n<h1 class=\"wp-block-heading has-text-align-center\"><strong>\u00c9V\u00c8NEMENTS<\/strong><\/h1>\n\n\n\n<p><\/p>\n\n\n\n<div style=\"height:20px\" aria-hidden=\"true\" class=\"wp-block-spacer\"><\/div>\n\n\n<style>.wp-show-posts-columns#wpsp-952 {margin-left: -2em; }.wp-show-posts-columns#wpsp-952 .wp-show-posts-inner {margin: 0 0 2em 2em; }<\/style><section id=\"wpsp-952\" class=\" wp-show-posts-columns wp-show-posts\" style=\"\"><article class=\" wp-show-posts-single post-313175 post type-post status-publish format-standard has-post-thumbnail hentry category-evenement-general category-evenements-true-italian-taste category-eventi-passione-italiana-fr category-news-generale-fr tag-export-fr tag-francia-fr tag-trueitaliantaste-2-fr wpsp-col-4\" itemtype=\"http:\/\/schema.org\/CreativeWork\" itemscope><div class=\"wp-show-posts-inner\" style=\"\">\t\t<div class=\"wp-show-posts-image  wpsp-image-center \">\n\t\t\t<a href=\"https:\/\/ccielyon.com\/fr\/la-ccif-lione-riceve-il-prestigioso-riconoscimento-di-ambasciatore-delle-eccellenze-italiane\/\"  title=\"Le CCIF Lyon re\u00e7oit le prestigieux prix \u00ab\u00a0Ambassadeur de l&rsquo;excellence italienne\u00a0\u00bb\"><img decoding=\"async\" width=\"1300\" height=\"600\" src=\"https:\/\/ccielyon.com\/wp-content\/uploads\/2023\/11\/foto4.png\" class=\"attachment-full size-full wp-post-image\" alt=\"\" itemprop=\"image\" srcset=\"https:\/\/ccielyon.com\/wp-content\/uploads\/2023\/11\/foto4.png 1300w, https:\/\/ccielyon.com\/wp-content\/uploads\/2023\/11\/foto4-300x138.png 300w, https:\/\/ccielyon.com\/wp-content\/uploads\/2023\/11\/foto4-1024x473.png 1024w, https:\/\/ccielyon.com\/wp-content\/uploads\/2023\/11\/foto4-768x354.png 768w\" sizes=\"(max-width: 1300px) 100vw, 1300px\" \/><\/a>\t\t<\/div>\n\t\t\t\t\t\t\t\t<header class=\"wp-show-posts-entry-header\">\n\t\t\t\t\t\t\t<h2 class=\"wp-show-posts-entry-title\" itemprop=\"headline\"><a href=\"https:\/\/ccielyon.com\/fr\/la-ccif-lione-riceve-il-prestigioso-riconoscimento-di-ambasciatore-delle-eccellenze-italiane\/\" rel=\"bookmark\">Le CCIF Lyon re\u00e7oit le prestigieux prix \u00ab\u00a0Ambassadeur de l&rsquo;excellence italienne\u00a0\u00bb<\/a><\/h2><div class=\"wp-show-posts-entry-meta wp-show-posts-entry-meta-below-title post-meta-inline\"><span class=\"wp-show-posts-posted-on wp-show-posts-meta\">\n\t\t\t\t\t<a href=\"https:\/\/ccielyon.com\/fr\/la-ccif-lione-riceve-il-prestigioso-riconoscimento-di-ambasciatore-delle-eccellenze-italiane\/\" title=\"18:44\" rel=\"bookmark\"><time class=\"wp-show-posts-entry-date published\" datetime=\"2023-09-27T18:44:33+02:00\" itemprop=\"datePublished\">27 septembre 2023<\/time><time class=\"wp-show-posts-updated\" datetime=\"2023-11-23T15:09:44+01:00\" itemprop=\"dateModified\">23 novembre 2023<\/time><\/a>\n\t\t\t\t<\/span><\/div>\t\t\t\t\t\t<\/header><!-- .entry-header -->\n\t\t\t\t\t\t\t\t\t\t\t<div class=\"wp-show-posts-entry-summary\" itemprop=\"text\">\n\t\t\t\t\t\t\t<p>La Chambre de commerce italienne pour la France \u00e0 Lyon a re\u00e7u la prestigieuse distinction d&rsquo;\u00a0\u00bbAmbassadeur de l&rsquo;excellence italienne en France\u00a0\u00bb des mains du Ministre de l&rsquo;Agriculture, de la Souverainet\u00e9&#8230;<\/p>\n\t\t\t\t\t\t<\/div><!-- .entry-summary -->\n\t\t\t\t\t<\/div><!-- wp-show-posts-inner --><\/article><article class=\" wp-show-posts-single post-281579 post type-post status-publish format-standard has-post-thumbnail hentry category-autres-news category-evenement-general category-evenements-itali-club wpsp-col-4\" itemtype=\"http:\/\/schema.org\/CreativeWork\" itemscope><div class=\"wp-show-posts-inner\" style=\"\">\t\t<div class=\"wp-show-posts-image  wpsp-image-center \">\n\t\t\t<a href=\"https:\/\/ccielyon.com\/fr\/la-coupe-du-monde-de-rugby-a-lyon\/\"  title=\"La Coupe du monde de rugby \u00e0 Lyon\"><img decoding=\"async\" width=\"756\" height=\"755\" src=\"https:\/\/ccielyon.com\/wp-content\/uploads\/2023\/10\/rugby.jpg\" class=\"attachment-full size-full wp-post-image\" alt=\"\" itemprop=\"image\" srcset=\"https:\/\/ccielyon.com\/wp-content\/uploads\/2023\/10\/rugby.jpg 756w, https:\/\/ccielyon.com\/wp-content\/uploads\/2023\/10\/rugby-300x300.jpg 300w, https:\/\/ccielyon.com\/wp-content\/uploads\/2023\/10\/rugby-150x150.jpg 150w\" sizes=\"(max-width: 756px) 100vw, 756px\" \/><\/a>\t\t<\/div>\n\t\t\t\t\t\t\t\t<header class=\"wp-show-posts-entry-header\">\n\t\t\t\t\t\t\t<h2 class=\"wp-show-posts-entry-title\" itemprop=\"headline\"><a href=\"https:\/\/ccielyon.com\/fr\/la-coupe-du-monde-de-rugby-a-lyon\/\" rel=\"bookmark\">La Coupe du monde de rugby \u00e0 Lyon<\/a><\/h2><div class=\"wp-show-posts-entry-meta wp-show-posts-entry-meta-below-title post-meta-inline\"><span class=\"wp-show-posts-posted-on wp-show-posts-meta\">\n\t\t\t\t\t<a href=\"https:\/\/ccielyon.com\/fr\/la-coupe-du-monde-de-rugby-a-lyon\/\" title=\"13:28\" rel=\"bookmark\"><time class=\"wp-show-posts-entry-date published\" datetime=\"2023-07-31T13:28:02+02:00\" itemprop=\"datePublished\">31 juillet 2023<\/time><time class=\"wp-show-posts-updated\" datetime=\"2023-10-05T13:30:52+02:00\" itemprop=\"dateModified\">5 octobre 2023<\/time><\/a>\n\t\t\t\t<\/span><\/div>\t\t\t\t\t\t<\/header><!-- .entry-header -->\n\t\t\t\t\t\t\t\t\t\t\t<div class=\"wp-show-posts-entry-summary\" itemprop=\"text\">\n\t\t\t\t\t\t\t<p>Du 8 septembre au 28 octobre prochain, la France accueillera la 10\u00b0 Coupe du Monde de Rugby\u00a0#Rugby, avec l\u2019Italie qui jouera deux matchs \u00e0 Lyon: le 29 septembre Italie-Nouvelle Z\u00e9lande&#8230;<\/p>\n\t\t\t\t\t\t<\/div><!-- .entry-summary -->\n\t\t\t\t\t<\/div><!-- wp-show-posts-inner --><\/article><article class=\" wp-show-posts-single post-281584 post type-post status-publish format-standard has-post-thumbnail hentry category-autres-news category-evenement-general category-evenements-true-italian-taste tag-extraordinaryitaliantaste-2 tag-iffoodcouldtalk-2 tag-trueitaliantaste wpsp-col-4\" itemtype=\"http:\/\/schema.org\/CreativeWork\" itemscope><div class=\"wp-show-posts-inner\" style=\"\">\t\t<div class=\"wp-show-posts-image  wpsp-image-center \">\n\t\t\t<a href=\"https:\/\/ccielyon.com\/fr\/soiree-dolce-vita\/\"  title=\"Soir\u00e9e Dolce Vita\"><img decoding=\"async\" width=\"1600\" height=\"1107\" src=\"https:\/\/ccielyon.com\/wp-content\/uploads\/2023\/10\/dolce-vita-1.jpg\" class=\"attachment-full size-full wp-post-image\" alt=\"\" itemprop=\"image\" srcset=\"https:\/\/ccielyon.com\/wp-content\/uploads\/2023\/10\/dolce-vita-1.jpg 1600w, https:\/\/ccielyon.com\/wp-content\/uploads\/2023\/10\/dolce-vita-1-300x208.jpg 300w, https:\/\/ccielyon.com\/wp-content\/uploads\/2023\/10\/dolce-vita-1-1024x708.jpg 1024w, https:\/\/ccielyon.com\/wp-content\/uploads\/2023\/10\/dolce-vita-1-768x531.jpg 768w, https:\/\/ccielyon.com\/wp-content\/uploads\/2023\/10\/dolce-vita-1-1536x1063.jpg 1536w\" sizes=\"(max-width: 1600px) 100vw, 1600px\" \/><\/a>\t\t<\/div>\n\t\t\t\t\t\t\t\t<header class=\"wp-show-posts-entry-header\">\n\t\t\t\t\t\t\t<h2 class=\"wp-show-posts-entry-title\" itemprop=\"headline\"><a href=\"https:\/\/ccielyon.com\/fr\/soiree-dolce-vita\/\" rel=\"bookmark\">Soir\u00e9e Dolce Vita<\/a><\/h2><div class=\"wp-show-posts-entry-meta wp-show-posts-entry-meta-below-title post-meta-inline\"><span class=\"wp-show-posts-posted-on wp-show-posts-meta\">\n\t\t\t\t\t<a href=\"https:\/\/ccielyon.com\/fr\/soiree-dolce-vita\/\" title=\"13:33\" rel=\"bookmark\"><time class=\"wp-show-posts-entry-date published\" datetime=\"2023-07-13T13:33:00+02:00\" itemprop=\"datePublished\">13 juillet 2023<\/time><time class=\"wp-show-posts-updated\" datetime=\"2023-10-05T16:21:51+02:00\" itemprop=\"dateModified\">5 octobre 2023<\/time><\/a>\n\t\t\t\t<\/span><\/div>\t\t\t\t\t\t<\/header><!-- .entry-header -->\n\t\t\t\t\t\t\t\t\t\t\t<div class=\"wp-show-posts-entry-summary\" itemprop=\"text\">\n\t\t\t\t\t\t\t<p>Soir\u00e9e Dolce Vita au Mirtillo Lyon 2\u00e8me organis\u00e9e par la Chambre de Commerce Italienne de Lyon et le Cr\u00e9dit Agricole Centre-Est. Plus de 50 amis de l&rsquo;Italie ont particip\u00e9 \u00e0&#8230;<\/p>\n\t\t\t\t\t\t<\/div><!-- .entry-summary -->\n\t\t\t\t\t<\/div><!-- wp-show-posts-inner --><\/article><article class=\" wp-show-posts-single post-4104 post type-post status-publish format-standard has-post-thumbnail hentry category-autres-news category-news-espace-affaires category-evenement-general category-news-partenaires wpsp-col-4\" itemtype=\"http:\/\/schema.org\/CreativeWork\" itemscope><div class=\"wp-show-posts-inner\" style=\"\">\t\t<div class=\"wp-show-posts-image  wpsp-image-center \">\n\t\t\t<a href=\"https:\/\/ccielyon.com\/fr\/limmobilier-de-prestige-en-italie\/\"  title=\"L&rsquo;immobilier de prestige en Italie\"><img decoding=\"async\" width=\"1300\" height=\"600\" src=\"https:\/\/ccielyon.com\/wp-content\/uploads\/2022\/06\/Sotheby_banner.png\" class=\"attachment-full size-full wp-post-image\" alt=\"\" itemprop=\"image\" srcset=\"https:\/\/ccielyon.com\/wp-content\/uploads\/2022\/06\/Sotheby_banner.png 1300w, https:\/\/ccielyon.com\/wp-content\/uploads\/2022\/06\/Sotheby_banner-300x138.png 300w, https:\/\/ccielyon.com\/wp-content\/uploads\/2022\/06\/Sotheby_banner-1024x473.png 1024w, https:\/\/ccielyon.com\/wp-content\/uploads\/2022\/06\/Sotheby_banner-768x354.png 768w\" sizes=\"(max-width: 1300px) 100vw, 1300px\" \/><\/a>\t\t<\/div>\n\t\t\t\t\t\t\t\t<header class=\"wp-show-posts-entry-header\">\n\t\t\t\t\t\t\t<h2 class=\"wp-show-posts-entry-title\" itemprop=\"headline\"><a href=\"https:\/\/ccielyon.com\/fr\/limmobilier-de-prestige-en-italie\/\" rel=\"bookmark\">L&rsquo;immobilier de prestige en Italie<\/a><\/h2><div class=\"wp-show-posts-entry-meta wp-show-posts-entry-meta-below-title post-meta-inline\"><span class=\"wp-show-posts-posted-on wp-show-posts-meta\">\n\t\t\t\t\t<a href=\"https:\/\/ccielyon.com\/fr\/limmobilier-de-prestige-en-italie\/\" title=\"15:00\" rel=\"bookmark\"><time class=\"wp-show-posts-entry-date published\" datetime=\"2022-05-18T15:00:00+02:00\" itemprop=\"datePublished\">18 mai 2022<\/time><time class=\"wp-show-posts-updated\" datetime=\"2022-07-24T20:12:10+02:00\" itemprop=\"dateModified\">24 juillet 2022<\/time><\/a>\n\t\t\t\t<\/span><\/div>\t\t\t\t\t\t<\/header><!-- .entry-header -->\n\t\t\t\t\t\t\t\t\t\t\t<div class=\"wp-show-posts-entry-summary\" itemprop=\"text\">\n\t\t\t\t\t\t\t<p>B\u00e2ti sur des si\u00e8cles de tradition et d\u00e9di\u00e9 \u00e0 l\u2019innovation du secteur immobilier du luxe, Sotheby&rsquo;s International Realty en collaboration avec la Chambre de Commerce Italienne pour la France de&#8230;<\/p>\n\t\t\t\t\t\t<\/div><!-- .entry-summary -->\n\t\t\t\t\t<\/div><!-- wp-show-posts-inner --><\/article><article class=\" wp-show-posts-single post-3933 post type-post status-publish format-standard has-post-thumbnail hentry category-evenement-general category-news-fr tag-trueitaliantaste wpsp-col-4\" itemtype=\"http:\/\/schema.org\/CreativeWork\" itemscope><div class=\"wp-show-posts-inner\" style=\"\">\t\t<div class=\"wp-show-posts-image  wpsp-image-center \">\n\t\t\t<a href=\"https:\/\/ccielyon.com\/fr\/table-ronde-jamais-sans-sauce\/\"  title=\"Table ronde \u00ab Jamais sans sauce \u00bb\"><img decoding=\"async\" width=\"904\" height=\"475\" src=\"https:\/\/ccielyon.com\/wp-content\/uploads\/2022\/05\/mai-senza-salsa.png\" class=\"attachment-full size-full wp-post-image\" alt=\"\" itemprop=\"image\" srcset=\"https:\/\/ccielyon.com\/wp-content\/uploads\/2022\/05\/mai-senza-salsa.png 904w, https:\/\/ccielyon.com\/wp-content\/uploads\/2022\/05\/mai-senza-salsa-300x158.png 300w, https:\/\/ccielyon.com\/wp-content\/uploads\/2022\/05\/mai-senza-salsa-768x404.png 768w\" sizes=\"(max-width: 904px) 100vw, 904px\" \/><\/a>\t\t<\/div>\n\t\t\t\t\t\t\t\t<header class=\"wp-show-posts-entry-header\">\n\t\t\t\t\t\t\t<h2 class=\"wp-show-posts-entry-title\" itemprop=\"headline\"><a href=\"https:\/\/ccielyon.com\/fr\/table-ronde-jamais-sans-sauce\/\" rel=\"bookmark\">Table ronde \u00ab Jamais sans sauce \u00bb<\/a><\/h2><div class=\"wp-show-posts-entry-meta wp-show-posts-entry-meta-below-title post-meta-inline\"><span class=\"wp-show-posts-posted-on wp-show-posts-meta\">\n\t\t\t\t\t<a href=\"https:\/\/ccielyon.com\/fr\/table-ronde-jamais-sans-sauce\/\" title=\"20:46\" rel=\"bookmark\"><time class=\"wp-show-posts-entry-date published\" datetime=\"2022-05-12T20:46:00+02:00\" itemprop=\"datePublished\">12 mai 2022<\/time><time class=\"wp-show-posts-updated\" datetime=\"2022-07-24T20:12:11+02:00\" itemprop=\"dateModified\">24 juillet 2022<\/time><\/a>\n\t\t\t\t<\/span><\/div>\t\t\t\t\t\t<\/header><!-- .entry-header -->\n\t\t\t\t\t\t\t\t\t\t\t<div class=\"wp-show-posts-entry-summary\" itemprop=\"text\">\n\t\t\t\t\t\t\t<p>La Chambre de Commerce italienne pour la France \u00e0 Lyon en partenariat avec le Consulat G\u00e9n\u00e9ral d\u2019Italie \u00e0 Paris et l\u2019association IEP-Italian Executives in Paris, organise \u00ab Jamais sans sauce&#8230;<\/p>\n\t\t\t\t\t\t<\/div><!-- .entry-summary -->\n\t\t\t\t\t<\/div><!-- wp-show-posts-inner --><\/article><article class=\" wp-show-posts-single post-2834 post type-post status-publish format-standard has-post-thumbnail hentry category-evenement-general category-evenements-true-italian-taste category-news-fr wpsp-col-4\" itemtype=\"http:\/\/schema.org\/CreativeWork\" itemscope><div class=\"wp-show-posts-inner\" style=\"\">\t\t<div class=\"wp-show-posts-image  wpsp-image-center \">\n\t\t\t<a href=\"https:\/\/ccielyon.com\/fr\/al-via-alla-vi-settimana-della-cucina-italiana-nel-mondo\/\"  title=\"D\u00e9but de la 6\u00e8me Semaine de la Cuisine Italienne dans le Monde 2021 ! \ud83c\uddee\ud83c\uddf9\"><img decoding=\"async\" width=\"720\" height=\"511\" src=\"https:\/\/ccielyon.com\/wp-content\/uploads\/2021\/11\/260186683_4745204978835021_2543205430549433193_n.jpg\" class=\"attachment-full size-full wp-post-image\" alt=\"\" itemprop=\"image\" srcset=\"https:\/\/ccielyon.com\/wp-content\/uploads\/2021\/11\/260186683_4745204978835021_2543205430549433193_n.jpg 720w, https:\/\/ccielyon.com\/wp-content\/uploads\/2021\/11\/260186683_4745204978835021_2543205430549433193_n-300x213.jpg 300w\" sizes=\"(max-width: 720px) 100vw, 720px\" \/><\/a>\t\t<\/div>\n\t\t\t\t\t\t\t\t<header class=\"wp-show-posts-entry-header\">\n\t\t\t\t\t\t\t<h2 class=\"wp-show-posts-entry-title\" itemprop=\"headline\"><a href=\"https:\/\/ccielyon.com\/fr\/al-via-alla-vi-settimana-della-cucina-italiana-nel-mondo\/\" rel=\"bookmark\">D\u00e9but de la 6\u00e8me Semaine de la Cuisine Italienne dans le Monde 2021 ! \ud83c\uddee\ud83c\uddf9<\/a><\/h2><div class=\"wp-show-posts-entry-meta wp-show-posts-entry-meta-below-title post-meta-inline\"><span class=\"wp-show-posts-posted-on wp-show-posts-meta\">\n\t\t\t\t\t<a href=\"https:\/\/ccielyon.com\/fr\/al-via-alla-vi-settimana-della-cucina-italiana-nel-mondo\/\" title=\"10:44\" rel=\"bookmark\"><time class=\"wp-show-posts-entry-date published\" datetime=\"2021-11-22T10:44:49+01:00\" itemprop=\"datePublished\">22 novembre 2021<\/time><time class=\"wp-show-posts-updated\" datetime=\"2022-07-24T20:12:14+02:00\" itemprop=\"dateModified\">24 juillet 2022<\/time><\/a>\n\t\t\t\t<\/span><\/div>\t\t\t\t\t\t<\/header><!-- .entry-header -->\n\t\t\t\t\t\t\t\t\t\t\t<div class=\"wp-show-posts-entry-summary\" itemprop=\"text\">\n\t\t\t\t\t\t\t<p>La Masterclass Immersion dans la cuisine italienne, lance la 6\u00e8me \u00e9dition de la Semaine de la Cuisine Italienne dans le monde. Une le\u00e7on de haute cuisine et de p\u00e2tisserie italienne&#8230;<\/p>\n\t\t\t\t\t\t<\/div><!-- .entry-summary -->\n\t\t\t\t\t<\/div><!-- wp-show-posts-inner --><\/article><div class=\"wpsp-clear\"><\/div><\/section><!-- .wp-show-posts --><div class=\"wpsp-load-more\"><span aria-current=\"page\" class=\"page-numbers current\">1<\/span>\n<a class=\"page-numbers\" href=\"https:\/\/ccielyon.com\/fr\/wp-json\/wp\/v2\/pages\/2209\/page\/2\/\">2<\/a>\n<span class=\"page-numbers dots\">\u2026<\/span>\n<a class=\"page-numbers\" href=\"https:\/\/ccielyon.com\/fr\/wp-json\/wp\/v2\/pages\/2209\/page\/4\/\">4<\/a>\n<a class=\"next page-numbers\" href=\"https:\/\/ccielyon.com\/fr\/wp-json\/wp\/v2\/pages\/2209\/page\/2\/\">Next &rarr;<\/a><\/div>\n","protected":false},"excerpt":{"rendered":"<p>Notre connaissance approfondie des march\u00e9s, de la soci\u00e9t\u00e9 italienne et fran\u00e7aise, ainsi que notre exp\u00e9rience en mati\u00e8re d\u2019organisation d\u2019\u00e9v\u00e9nements, seront \u00e0 votre disposition afin d\u2019assurer la r\u00e9ussite de vos projets. Une promotion bien cibl\u00e9e est la cl\u00e9 de votre succ\u00e8s sur les march\u00e9s \u00e9trangers. Nous vous aiderons \u00e0 renforcer votre r\u00e9putation, \u00e0 accro\u00eetre votre visibilit\u00e9 &#8230; <a title=\"D\u00e9but de la 6\u00e8me Semaine de la Cuisine Italienne dans le Monde 2021 ! \ud83c\uddee\ud83c\uddf9\" class=\"read-more\" href=\"https:\/\/ccielyon.com\/fr\/al-via-alla-vi-settimana-della-cucina-italiana-nel-mondo\/\" aria-label=\"En savoir plus sur D\u00e9but de la 6\u00e8me Semaine de la Cuisine Italienne dans le Monde 2021 ! \ud83c\uddee\ud83c\uddf9\">(+)<\/a><\/p>\n","protected":false},"author":5,"featured_media":0,"parent":0,"menu_order":0,"comment_status":"closed","ping_status":"closed","template":"","meta":{"footnotes":""},"class_list":["post-2209","page","type-page","status-publish","hentry","generate-columns","tablet-grid-50","mobile-grid-100","grid-parent","grid-33"],"_links":{"self":[{"href":"https:\/\/ccielyon.com\/fr\/wp-json\/wp\/v2\/pages\/2209","targetHints":{"allow":["GET"]}}],"collection":[{"href":"https:\/\/ccielyon.com\/fr\/wp-json\/wp\/v2\/pages"}],"about":[{"href":"https:\/\/ccielyon.com\/fr\/wp-json\/wp\/v2\/types\/page"}],"author":[{"embeddable":true,"href":"https:\/\/ccielyon.com\/fr\/wp-json\/wp\/v2\/users\/5"}],"replies":[{"embeddable":true,"href":"https:\/\/ccielyon.com\/fr\/wp-json\/wp\/v2\/comments?post=2209"}],"version-history":[{"count":0,"href":"https:\/\/ccielyon.com\/fr\/wp-json\/wp\/v2\/pages\/2209\/revisions"}],"wp:attachment":[{"href":"https:\/\/ccielyon.com\/fr\/wp-json\/wp\/v2\/media?parent=2209"}],"curies":[{"name":"wp","href":"https:\/\/api.w.org\/{rel}","templated":true}]}}