{"id":2206,"date":"2021-11-20T17:15:28","date_gmt":"2021-11-20T16:15:28","guid":{"rendered":"http:\/\/ccielyon.com\/?page_id=2206"},"modified":"2022-05-09T11:29:47","modified_gmt":"2022-05-09T09:29:47","slug":"liens-utiles","status":"publish","type":"page","link":"https:\/\/ccielyon.com\/fr\/liens-utiles\/","title":{"rendered":"Liens utiles"},"content":{"rendered":"\n<div class=\"wp-block-cover alignfull is-light\" style=\"min-height:300px;aspect-ratio:unset;\"><span aria-hidden=\"true\" class=\"wp-block-cover__gradient-background has-background-dim\"><\/span><img decoding=\"async\" width=\"2500\" height=\"600\" class=\"wp-block-cover__image-background wp-image-991\" alt=\"\" src=\"https:\/\/ccielyon.com\/wp-content\/uploads\/2020\/07\/Link-utile-2500x600-1.jpg\" data-object-fit=\"cover\" srcset=\"https:\/\/ccielyon.com\/wp-content\/uploads\/2020\/07\/Link-utile-2500x600-1.jpg 2500w, https:\/\/ccielyon.com\/wp-content\/uploads\/2020\/07\/Link-utile-2500x600-1-300x72.jpg 300w, https:\/\/ccielyon.com\/wp-content\/uploads\/2020\/07\/Link-utile-2500x600-1-1024x246.jpg 1024w, https:\/\/ccielyon.com\/wp-content\/uploads\/2020\/07\/Link-utile-2500x600-1-768x184.jpg 768w, https:\/\/ccielyon.com\/wp-content\/uploads\/2020\/07\/Link-utile-2500x600-1-1536x369.jpg 1536w, https:\/\/ccielyon.com\/wp-content\/uploads\/2020\/07\/Link-utile-2500x600-1-2048x492.jpg 2048w\" sizes=\"(max-width: 2500px) 100vw, 2500px\" \/><div class=\"wp-block-cover__inner-container is-layout-flow wp-block-cover-is-layout-flow\">\n<h1 class=\"has-text-align-center has-base-3-color has-text-color wp-block-heading\">LIENS UTILES<\/h1>\n<\/div><\/div>\n\n\n\n<div class=\"wp-block-columns is-layout-flex wp-container-core-columns-is-layout-9d6595d7 wp-block-columns-is-layout-flex\">\n<div class=\"wp-block-column is-layout-flow wp-block-column-is-layout-flow\">\n<p><a rel=\"noreferrer noopener\" href=\"http:\/\/www.ambparigi.esteri.it\/\" target=\"_blank\">Ambassade d\u2019Italie \u00e0 Paris<\/a><\/p>\n\n\n\n<p><a rel=\"noreferrer noopener\" href=\"http:\/\/www.conslione.esteri.it\/consolato_lione\/it\/\" target=\"_blank\">Consulat G\u00e9n\u00e9ral d\u2019Italie \u00e0 Lyon<\/a><\/p>\n\n\n\n<p><a rel=\"noreferrer noopener\" href=\"http:\/\/www.iiclione.esteri.it\/iic_lione\/it\/\" target=\"_blank\">Institut Culturel Italien de Lyon<\/a><\/p>\n<\/div>\n\n\n\n<div class=\"wp-block-column is-layout-flow wp-block-column-is-layout-flow\">\n<p><a rel=\"noreferrer noopener\" href=\"http:\/\/www.ice.it\/it\/mercati\/francia\/parigi\" target=\"_blank\">Agence ICE \u2013 Paris<\/a><\/p>\n\n\n\n<p><a rel=\"noreferrer noopener\" href=\"http:\/\/www.assocamerestero.it\/\" target=\"_blank\">Assocamerestero<\/a><\/p>\n\n\n\n<p><a rel=\"noreferrer noopener\" href=\"http:\/\/www.dante-lyon.com\/\" target=\"_blank\">Association Dante Alighieri \u2013 Comit\u00e9 de Lyon<\/a><\/p>\n<\/div>\n<\/div>\n\n\n\n<p><\/p>\n","protected":false},"excerpt":{"rendered":"<p>Ambassade d\u2019Italie \u00e0 Paris Consulat G\u00e9n\u00e9ral d\u2019Italie \u00e0 Lyon Institut Culturel Italien de Lyon Agence ICE \u2013 Paris Assocamerestero Association Dante Alighieri \u2013 Comit\u00e9 de Lyon<\/p>\n","protected":false},"author":5,"featured_media":0,"parent":0,"menu_order":0,"comment_status":"closed","ping_status":"closed","template":"","meta":{"footnotes":""},"class_list":["post-2206","page","type-page","status-publish"],"_links":{"self":[{"href":"https:\/\/ccielyon.com\/fr\/wp-json\/wp\/v2\/pages\/2206","targetHints":{"allow":["GET"]}}],"collection":[{"href":"https:\/\/ccielyon.com\/fr\/wp-json\/wp\/v2\/pages"}],"about":[{"href":"https:\/\/ccielyon.com\/fr\/wp-json\/wp\/v2\/types\/page"}],"author":[{"embeddable":true,"href":"https:\/\/ccielyon.com\/fr\/wp-json\/wp\/v2\/users\/5"}],"replies":[{"embeddable":true,"href":"https:\/\/ccielyon.com\/fr\/wp-json\/wp\/v2\/comments?post=2206"}],"version-history":[{"count":0,"href":"https:\/\/ccielyon.com\/fr\/wp-json\/wp\/v2\/pages\/2206\/revisions"}],"wp:attachment":[{"href":"https:\/\/ccielyon.com\/fr\/wp-json\/wp\/v2\/media?parent=2206"}],"curies":[{"name":"wp","href":"https:\/\/api.w.org\/{rel}","templated":true}]}}