{"id":2202,"date":"2021-11-20T17:13:53","date_gmt":"2021-11-20T16:13:53","guid":{"rendered":"http:\/\/ccielyon.com\/?page_id=2202"},"modified":"2025-12-17T09:08:35","modified_gmt":"2025-12-17T08:08:35","slug":"devenir-membre","status":"publish","type":"page","link":"https:\/\/ccielyon.com\/fr\/devenir-membre\/","title":{"rendered":"Devenir membre"},"content":{"rendered":"\n<div class=\"wp-block-cover alignfull is-light\" style=\"min-height:300px;aspect-ratio:unset;\"><img decoding=\"async\" width=\"2500\" height=\"600\" class=\"wp-block-cover__image-background wp-image-984\" alt=\"\" src=\"https:\/\/ccielyon.com\/wp-content\/uploads\/2020\/07\/Chi-Siamo2-2500x600-1.jpg\" data-object-fit=\"cover\" srcset=\"https:\/\/ccielyon.com\/wp-content\/uploads\/2020\/07\/Chi-Siamo2-2500x600-1.jpg 2500w, https:\/\/ccielyon.com\/wp-content\/uploads\/2020\/07\/Chi-Siamo2-2500x600-1-300x72.jpg 300w, https:\/\/ccielyon.com\/wp-content\/uploads\/2020\/07\/Chi-Siamo2-2500x600-1-1024x246.jpg 1024w, https:\/\/ccielyon.com\/wp-content\/uploads\/2020\/07\/Chi-Siamo2-2500x600-1-768x184.jpg 768w, https:\/\/ccielyon.com\/wp-content\/uploads\/2020\/07\/Chi-Siamo2-2500x600-1-1536x369.jpg 1536w, https:\/\/ccielyon.com\/wp-content\/uploads\/2020\/07\/Chi-Siamo2-2500x600-1-2048x492.jpg 2048w\" sizes=\"(max-width: 2500px) 100vw, 2500px\" \/><span aria-hidden=\"true\" class=\"wp-block-cover__background has-background-dim\"><\/span><div class=\"wp-block-cover__inner-container is-layout-flow wp-block-cover-is-layout-flow\">\n<h1 class=\"wp-block-heading has-text-align-center has-base-3-color has-text-color\">DEVENIR MEMBRE<\/h1>\n\n\n\n<p><\/p>\n<\/div><\/div>\n\n\n\n<p>Devenez adh\u00e9rent et entrez dans notre r\u00e9seau d\u2019affaires. &nbsp;L\u2019adh\u00e9sion est ouverte aux personnes physiques et morales de toute nationalit\u00e9s souhaitant contribuer au d\u00e9veloppement des relations entre la France et l\u2019Italie.<\/p>\n\n\n\n<div class=\"wp-block-columns is-layout-flex wp-container-core-columns-is-layout-9d6595d7 wp-block-columns-is-layout-flex\">\n<div class=\"wp-block-column is-layout-flow wp-block-column-is-layout-flow\">\n<h2 class=\"wp-block-heading has-text-align-center\"><strong><strong>RESEAU D\u2019AFFAIRES<\/strong><\/strong><\/h2>\n\n\n\n<p>&nbsp;&nbsp;&nbsp;&nbsp;&nbsp;&nbsp;&nbsp;&nbsp;&nbsp;&nbsp;&nbsp;&nbsp;\u2022&nbsp;&nbsp;&nbsp;&nbsp;&nbsp;&nbsp;&nbsp;&nbsp;&nbsp;&nbsp;Vous pourrez compter sur un partenaire cl\u00e9 pour vous aider \u00e0 faire votre choix sur la meilleure strat\u00e9gie d\u2019entr\u00e9e sur les march\u00e9s fran\u00e7ais et italien<\/p>\n\n\n\n<p>&nbsp;&nbsp;&nbsp;&nbsp;&nbsp;&nbsp;&nbsp;&nbsp;&nbsp;&nbsp;&nbsp;&nbsp;\u2022&nbsp;&nbsp;&nbsp;&nbsp;&nbsp;&nbsp;&nbsp;&nbsp;&nbsp;&nbsp;Vous prendrez part au r\u00e9seau mondial des Chambres de Commerce Italiennes \u00e0 l\u2019\u00e9tranger, pr\u00e9sentes dans 58 pays et recueillant plus de 20.000 associ\u00e9s<\/p>\n\n\n\n<p>&nbsp;&nbsp;&nbsp;&nbsp;&nbsp;&nbsp;&nbsp;&nbsp;&nbsp;&nbsp;&nbsp;&nbsp;\u2022&nbsp;&nbsp;&nbsp;&nbsp;&nbsp;&nbsp;&nbsp;&nbsp;&nbsp;&nbsp;Vous participerez aux \u00e9v\u00e9nements associatifs et vous aurez la possibilit\u00e9 de cr\u00e9er des relations avec des clients et\/ou partenaires potentiels.<\/p>\n<\/div>\n\n\n\n<div class=\"wp-block-column is-layout-flow wp-block-column-is-layout-flow\">\n<h2 class=\"wp-block-heading has-text-align-center\"><strong><strong>PROMOTION<\/strong><\/strong><\/h2>\n\n\n\n<p>&nbsp;&nbsp;&nbsp;&nbsp;&nbsp;&nbsp;&nbsp;&nbsp;&nbsp;&nbsp;&nbsp;&nbsp;\u2022&nbsp;&nbsp;&nbsp;&nbsp;&nbsp;&nbsp;&nbsp;&nbsp;&nbsp;&nbsp;Vous pourrez compter sur l\u2019exp\u00e9rience et la comp\u00e9tence de notre \u00e9quipe pour promouvoir vos activit\u00e9s et vos services<\/p>\n\n\n\n<p>&nbsp;&nbsp;&nbsp;&nbsp;&nbsp;&nbsp;&nbsp;&nbsp;&nbsp;&nbsp;&nbsp;&nbsp;\u2022&nbsp;&nbsp;&nbsp;&nbsp;&nbsp;&nbsp;&nbsp;&nbsp;&nbsp;&nbsp;Vous aurez un espace d\u00e9di\u00e9 sur notre site internet et sur la plateforme Pla.Net des Chambres de Commerce Italiennes \u00e0 l\u2019\u00e9tranger<\/p>\n\n\n\n<p>&nbsp;&nbsp;&nbsp;&nbsp;&nbsp;&nbsp;&nbsp;&nbsp;&nbsp;&nbsp;&nbsp;&nbsp;\u2022&nbsp;&nbsp;&nbsp;&nbsp;&nbsp;&nbsp;&nbsp;&nbsp;&nbsp;&nbsp;Vous serez prioritaires pour sponsoriser les nombreux \u00e9v\u00e9nements organis\u00e9s par la CCIF Lyon<\/p>\n<\/div>\n\n\n\n<div class=\"wp-block-column is-layout-flow wp-block-column-is-layout-flow\">\n<h2 class=\"wp-block-heading has-text-align-center\"><strong><strong>ACC\u00c8S PRIVILIEGIE<\/strong><\/strong><\/h2>\n\n\n\n<p>&nbsp;&nbsp;&nbsp;&nbsp;&nbsp;&nbsp;&nbsp;&nbsp;&nbsp;&nbsp;&nbsp;&nbsp;\u2022&nbsp;&nbsp;&nbsp;&nbsp;&nbsp;&nbsp;&nbsp;&nbsp;&nbsp;Vous aurez acc\u00e8s \u00e0 nos services, \u00e0 titre gratuit ou \u00e0 un prix symbolique&nbsp;;<\/p>\n\n\n\n<p>&nbsp;&nbsp;&nbsp;&nbsp;&nbsp;&nbsp;&nbsp;&nbsp;&nbsp;&nbsp;&nbsp;&nbsp;\u2022&nbsp;&nbsp;&nbsp;&nbsp;&nbsp;&nbsp;&nbsp;&nbsp;&nbsp;&nbsp;Vous pourrez obtenir des informations sur les march\u00e9s fran\u00e7ais et italien, pour d\u00e9velopper au mieux votre business<\/p>\n\n\n\n<p>&nbsp;&nbsp;&nbsp;&nbsp;&nbsp;&nbsp;&nbsp;&nbsp;&nbsp;&nbsp;&nbsp;&nbsp;\u2022&nbsp;&nbsp;&nbsp;&nbsp;&nbsp;&nbsp;&nbsp;&nbsp;&nbsp;&nbsp;Vous serez assist\u00e9s dans la gestion des principales d\u00e9marches n\u00e9cessaires au d\u00e9marrage d\u2019activit\u00e9s \u00e9conomiques sur les deux march\u00e9s.<\/p>\n\n\n\n<p><\/p>\n<\/div>\n<\/div>\n\n\n\n<h2 class=\"wp-block-heading has-text-align-center\"><strong><strong>COTISATION ANNUELLE<\/strong><\/strong><\/h2>\n\n\n\n<div class=\"wp-block-columns is-layout-flex wp-container-core-columns-is-layout-9d6595d7 wp-block-columns-is-layout-flex\">\n<div class=\"wp-block-column is-layout-flow wp-block-column-is-layout-flow\" style=\"flex-basis:30%\">\n<p class=\"has-background\" style=\"background-color:#b1f6be\"><strong>ETUDIANT ET\/OU MOINS DE 25 ANS&nbsp;&nbsp;&nbsp;<\/strong><\/p>\n\n\n\n<p><\/p>\n<\/div>\n\n\n\n<div class=\"wp-block-column is-layout-flow wp-block-column-is-layout-flow\">\n<p class=\"has-background\" style=\"background-color:#e2fde7\"><strong>50 \u20ac + TVA 20 %<\/strong><\/p>\n\n\n\n<p><\/p>\n<\/div>\n<\/div>\n\n\n\n<div class=\"wp-block-columns is-layout-flex wp-container-core-columns-is-layout-9d6595d7 wp-block-columns-is-layout-flex\">\n<div class=\"wp-block-column is-layout-flow wp-block-column-is-layout-flow\">\n<ul class=\"wp-block-list\">\n<li>Visibilit\u00e9 des coordonn\u00e9es et du CV sur le site internet www.ccielyon.com<\/li>\n\n\n\n<li>1 consultation personnalis\u00e9e sur la carri\u00e8re professionnelle en France<\/li>\n<\/ul>\n<\/div>\n\n\n\n<div class=\"wp-block-column is-layout-flow wp-block-column-is-layout-flow\">\n<ul class=\"wp-block-list\">\n<li><span style=\"font-size: inherit;\">Newsletter ITALYON<\/span><\/li>\n<\/ul>\n<\/div>\n<\/div>\n\n\n\n<div class=\"wp-block-columns is-layout-flex wp-container-core-columns-is-layout-9d6595d7 wp-block-columns-is-layout-flex\">\n<div class=\"wp-block-column is-layout-flow wp-block-column-is-layout-flow\" style=\"flex-basis:30%\">\n<p class=\"has-background\" style=\"background-color:#b1f6be\"><strong><strong>PERSONNE PHYSIQUE<\/strong><\/strong><\/p>\n<\/div>\n\n\n\n<div class=\"wp-block-column is-layout-flow wp-block-column-is-layout-flow\">\n<p class=\"has-background\" style=\"background-color:#e2fde7\"><strong><strong>250\u20ac + TVA 20%<\/strong><\/strong><\/p>\n<\/div>\n<\/div>\n\n\n\n<div class=\"wp-block-columns is-layout-flex wp-container-core-columns-is-layout-9d6595d7 wp-block-columns-is-layout-flex\">\n<div class=\"wp-block-column is-layout-flow wp-block-column-is-layout-flow\">\n<ul class=\"wp-block-list\">\n<li>Visibilit\u00e9 des coordonn\u00e9es sur le site internet\u00a0<a href=\"https:\/\/ccielyon.com\/fr\/\" data-type=\"URL\" data-id=\"https:\/\/ccielyon.com\/fr\/\">www.ccielyon.com<\/a><\/li>\n\n\n\n<li>1 consultation commerciale ou juridique gratuite<\/li>\n\n\n\n<li>R\u00e9duction tarifaire sur l&rsquo;ensemble des services de la CCIF Lyon (liste sur demande)<\/li>\n\n\n\n<li>Indication des \u00e9v\u00e9nements relatifs \u00e0 votre domaine d&rsquo;activit\u00e9<\/li>\n<\/ul>\n<\/div>\n\n\n\n<div class=\"wp-block-column is-layout-flow wp-block-column-is-layout-flow\">\n<ul class=\"wp-block-list\">\n<li><span style=\"font-size: inherit;\">Participation gratuite pour une personne aux \u00e9v\u00e9nements organis\u00e9s par la CCI<\/span>F<\/li>\n\n\n\n<li>Newsletter\u00a0<strong>ITALYON<\/strong><\/li>\n<\/ul>\n<\/div>\n<\/div>\n\n\n\n<div class=\"wp-block-columns is-layout-flex wp-container-core-columns-is-layout-9d6595d7 wp-block-columns-is-layout-flex\">\n<div class=\"wp-block-column is-layout-flow wp-block-column-is-layout-flow\" style=\"flex-basis:30%\">\n<p class=\"has-background\" style=\"background-color:#b1f6be\"><strong><strong><strong><strong>SPECIAL EXPOSANT ITALIEN<\/strong><\/strong><\/strong><\/strong><\/p>\n<\/div>\n\n\n\n<div class=\"wp-block-column is-layout-flow wp-block-column-is-layout-flow\">\n<p class=\"has-background\" style=\"background-color:#e2fde7\"><strong><strong>250\u20ac + TVA 20%<\/strong><\/strong><\/p>\n<\/div>\n<\/div>\n\n\n\n<div class=\"wp-block-columns is-layout-flex wp-container-core-columns-is-layout-9d6595d7 wp-block-columns-is-layout-flex\">\n<div class=\"wp-block-column is-layout-flow wp-block-column-is-layout-flow\">\n<ul class=\"wp-block-list\">\n<li>Informations prioritaires sur les Foires et Villages organis\u00e9s par la CCIF Lyon en France<\/li>\n\n\n\n<li>5% de remise sur les co\u00fbts de participation aux villages italiens organis\u00e9s par la CCIF Lyon (\u00e0 partirde la cinqui\u00e8me participation de la m\u00eame ann\u00e9e)<\/li>\n\n\n\n<li>Indication des \u00e9v\u00e9nements relatifs \u00e0 votre domaine d&rsquo;activit\u00e9<\/li>\n<\/ul>\n<\/div>\n\n\n\n<div class=\"wp-block-column is-layout-flow wp-block-column-is-layout-flow\">\n<ul class=\"wp-block-list\">\n<li><span style=\"font-size: inherit;\">R\u00e9duction tarifaire sur l&rsquo;ensemble des services de la CCIF (liste sur demande)<\/span><\/li>\n\n\n\n<li>Visibilit\u00e9 des coordonn\u00e9es sur le site internet\u00a0<a href=\"https:\/\/ccielyon.com\/fr\/\" data-type=\"URL\" data-id=\"https:\/\/ccielyon.com\/fr\/\">www.ccielyon.com<\/a><\/li>\n\n\n\n<li>Newsletter\u00a0<strong>ITALYON<\/strong><\/li>\n<\/ul>\n<\/div>\n<\/div>\n\n\n\n<div class=\"wp-block-columns is-layout-flex wp-container-core-columns-is-layout-9d6595d7 wp-block-columns-is-layout-flex\">\n<div class=\"wp-block-column is-layout-flow wp-block-column-is-layout-flow\" style=\"flex-basis:30%\">\n<p class=\"has-background\" style=\"background-color:#b1f6be\"><strong><strong><strong><strong><strong>SOCIETE<\/strong><\/strong><\/strong><\/strong><\/strong><\/p>\n<\/div>\n\n\n\n<div class=\"wp-block-column is-layout-flow wp-block-column-is-layout-flow\">\n<p class=\"has-background\" style=\"background-color:#e2fde7\"><strong><strong>400\u20ac + IVA 20%<\/strong><\/strong><\/p>\n<\/div>\n<\/div>\n\n\n\n<div class=\"wp-block-columns is-layout-flex wp-container-core-columns-is-layout-9d6595d7 wp-block-columns-is-layout-flex\">\n<div class=\"wp-block-column is-layout-flow wp-block-column-is-layout-flow\">\n<ul class=\"wp-block-list\">\n<li>Visibilit\u00e9 des coordonn\u00e9es sur le site internet\u00a0www.ccielyon.com<\/li>\n\n\n\n<li>1 consultation commerciale ou juridique gratuite<\/li>\n\n\n\n<li>Indication des \u00e9v\u00e9nements relatifs \u00e0 votre domaine d&rsquo;activit\u00e9<\/li>\n\n\n\n<li>R\u00e9duction tarifaire sur l&rsquo;ensemble des services de la CCIF Lyon (liste sur demande)<\/li>\n<\/ul>\n<\/div>\n\n\n\n<div class=\"wp-block-column is-layout-flow wp-block-column-is-layout-flow\">\n<ul class=\"wp-block-list\">\n<li>Participation gratuite pour deux personne aux \u00e9v\u00e9nements organis\u00e9s par la CCIF Lyon<\/li>\n\n\n\n<li>R\u00e9ductions dans les \u00e9tablissements et restaurants partenaires<\/li>\n\n\n\n<li>Newsletter\u00a0<strong>ITALYON<\/strong><\/li>\n<\/ul>\n<\/div>\n<\/div>\n\n\n\n<div class=\"wp-block-columns is-layout-flex wp-container-core-columns-is-layout-9d6595d7 wp-block-columns-is-layout-flex\">\n<div class=\"wp-block-column is-layout-flow wp-block-column-is-layout-flow\" style=\"flex-basis:30%\">\n<p class=\"has-background\" style=\"background-color:#b1f6be\"><strong><strong><strong><strong><strong>SOCIETE PREMIUM -INSTITUTION<\/strong><\/strong><\/strong><\/strong><\/strong><\/p>\n<\/div>\n\n\n\n<div class=\"wp-block-column is-layout-flow wp-block-column-is-layout-flow\">\n<p class=\"has-background\" style=\"background-color:#e2fde7\"><strong><strong>1.500\u20ac + IVA 20%<\/strong><\/strong><\/p>\n<\/div>\n<\/div>\n\n\n\n<div class=\"wp-block-columns is-layout-flex wp-container-core-columns-is-layout-9d6595d7 wp-block-columns-is-layout-flex\">\n<div class=\"wp-block-column is-layout-flow wp-block-column-is-layout-flow\">\n<ul class=\"wp-block-list\">\n<li>Visibilit\u00e9 de votre logo sur la page d&rsquo;accueil de notre site web www.ccielyon.com et dans la newsletter <strong>ITALYON<\/strong><\/li>\n\n\n\n<li>Adh\u00e9sion gratuite au r\u00e9seau\u00a0<strong>ITALIACLUB<\/strong><\/li>\n\n\n\n<li>Participation gratuite pour quatre personnes aux \u00e9v\u00e9nements organis\u00e9s par la CCIF Lyon<\/li>\n<\/ul>\n<\/div>\n\n\n\n<div class=\"wp-block-column is-layout-flow wp-block-column-is-layout-flow\">\n<ul class=\"wp-block-list\">\n<li>Indication des \u00e9v\u00e9nements relatifs \u00e0 votre domaine d&rsquo;activit\u00e9<\/li>\n\n\n\n<li>2 consultations commerciales et juridiques gratuites<\/li>\n\n\n\n<li>R\u00e9duction tarifaire sur l&rsquo;ensemble des services de la CCIF Lyon (liste sur demande)<\/li>\n\n\n\n<li>R\u00e9ductions dans les \u00e9tablissements et restaurants partenaires<\/li>\n\n\n\n<li>Newsletter\u00a0<strong>ITALYON<\/strong><\/li>\n<\/ul>\n<\/div>\n<\/div>\n\n\n\n<div class=\"wp-block-buttons is-content-justification-center is-layout-flex wp-container-core-buttons-is-layout-16018d1d wp-block-buttons-is-layout-flex\">\n<div class=\"wp-block-button\"><a class=\"wp-block-button__link wp-element-button\" href=\"https:\/\/ccielyon.com\/wp-content\/uploads\/2021\/12\/Adhesion_2022_FR-1.pdf\" style=\"border-radius:5px\" target=\"_blank\" rel=\"noreferrer noopener\">DEVENIR MEMBRE<\/a><\/div>\n<\/div>\n\n\n\n<hr class=\"wp-block-separator has-css-opacity\"\/>\n\n\n\n<p class=\"has-text-align-center has-very-light-gray-background-color has-text-color has-background has-huge-font-size\" style=\"color:#0d441f\">Partenaires<\/p>\n\n\n\n<figure class=\"wp-block-gallery aligncenter has-nested-images columns-5 wp-block-gallery-1 is-layout-flex wp-block-gallery-is-layout-flex\">\n<figure class=\"wp-block-image\"><img decoding=\"async\" width=\"391\" height=\"189\" data-id=\"292624\" src=\"https:\/\/ccielyon.com\/wp-content\/uploads\/2023\/10\/CreditAgricole.png\" alt=\"\" class=\"wp-image-292624\" srcset=\"https:\/\/ccielyon.com\/wp-content\/uploads\/2023\/10\/CreditAgricole.png 391w, https:\/\/ccielyon.com\/wp-content\/uploads\/2023\/10\/CreditAgricole-300x145.png 300w\" sizes=\"(max-width: 391px) 100vw, 391px\" \/><\/figure>\n\n\n\n<figure class=\"wp-block-image\"><img decoding=\"async\" width=\"391\" height=\"189\" data-id=\"292626\" src=\"https:\/\/ccielyon.com\/wp-content\/uploads\/2023\/10\/Banque-Palatine.png\" alt=\"\" class=\"wp-image-292626\" srcset=\"https:\/\/ccielyon.com\/wp-content\/uploads\/2023\/10\/Banque-Palatine.png 391w, https:\/\/ccielyon.com\/wp-content\/uploads\/2023\/10\/Banque-Palatine-300x145.png 300w\" sizes=\"(max-width: 391px) 100vw, 391px\" \/><\/figure>\n\n\n\n<figure class=\"wp-block-image\"><img decoding=\"async\" width=\"391\" height=\"189\" data-id=\"292628\" src=\"https:\/\/ccielyon.com\/wp-content\/uploads\/2023\/10\/Banque-Popolare.png\" alt=\"\" class=\"wp-image-292628\" srcset=\"https:\/\/ccielyon.com\/wp-content\/uploads\/2023\/10\/Banque-Popolare.png 391w, https:\/\/ccielyon.com\/wp-content\/uploads\/2023\/10\/Banque-Popolare-300x145.png 300w\" sizes=\"(max-width: 391px) 100vw, 391px\" \/><\/figure>\n\n\n\n<figure class=\"wp-block-image\"><img decoding=\"async\" width=\"391\" height=\"189\" data-id=\"292630\" src=\"https:\/\/ccielyon.com\/wp-content\/uploads\/2023\/10\/unione_industriale_torino.png\" alt=\"\" class=\"wp-image-292630\" srcset=\"https:\/\/ccielyon.com\/wp-content\/uploads\/2023\/10\/unione_industriale_torino.png 391w, https:\/\/ccielyon.com\/wp-content\/uploads\/2023\/10\/unione_industriale_torino-300x145.png 300w\" sizes=\"(max-width: 391px) 100vw, 391px\" \/><\/figure>\n\n\n\n<figure class=\"wp-block-image\"><img decoding=\"async\" width=\"391\" height=\"189\" data-id=\"292632\" src=\"https:\/\/ccielyon.com\/wp-content\/uploads\/2023\/10\/cci-france_italie.png\" alt=\"\" class=\"wp-image-292632\" srcset=\"https:\/\/ccielyon.com\/wp-content\/uploads\/2023\/10\/cci-france_italie.png 391w, https:\/\/ccielyon.com\/wp-content\/uploads\/2023\/10\/cci-france_italie-300x145.png 300w\" sizes=\"(max-width: 391px) 100vw, 391px\" \/><\/figure>\n\n\n\n<figure class=\"wp-block-image\"><img decoding=\"async\" width=\"391\" height=\"189\" data-id=\"292634\" src=\"https:\/\/ccielyon.com\/wp-content\/uploads\/2023\/10\/Transalpine.png\" alt=\"\" class=\"wp-image-292634\" srcset=\"https:\/\/ccielyon.com\/wp-content\/uploads\/2023\/10\/Transalpine.png 391w, https:\/\/ccielyon.com\/wp-content\/uploads\/2023\/10\/Transalpine-300x145.png 300w\" sizes=\"(max-width: 391px) 100vw, 391px\" \/><\/figure>\n\n\n\n<figure class=\"wp-block-image\"><img decoding=\"async\" width=\"391\" height=\"189\" data-id=\"292636\" src=\"https:\/\/ccielyon.com\/wp-content\/uploads\/2023\/10\/Boscolo.png\" alt=\"\" class=\"wp-image-292636\" srcset=\"https:\/\/ccielyon.com\/wp-content\/uploads\/2023\/10\/Boscolo.png 391w, https:\/\/ccielyon.com\/wp-content\/uploads\/2023\/10\/Boscolo-300x145.png 300w\" sizes=\"(max-width: 391px) 100vw, 391px\" \/><\/figure>\n\n\n\n<figure class=\"wp-block-image\"><img decoding=\"async\" width=\"391\" height=\"189\" data-id=\"292638\" src=\"https:\/\/ccielyon.com\/wp-content\/uploads\/2023\/10\/Granarolo.png\" alt=\"\" class=\"wp-image-292638\" srcset=\"https:\/\/ccielyon.com\/wp-content\/uploads\/2023\/10\/Granarolo.png 391w, https:\/\/ccielyon.com\/wp-content\/uploads\/2023\/10\/Granarolo-300x145.png 300w\" sizes=\"(max-width: 391px) 100vw, 391px\" \/><\/figure>\n\n\n\n<figure class=\"wp-block-image\"><img decoding=\"async\" width=\"391\" height=\"189\" data-id=\"292640\" src=\"https:\/\/ccielyon.com\/wp-content\/uploads\/2023\/10\/dimo.png\" alt=\"\" class=\"wp-image-292640\" srcset=\"https:\/\/ccielyon.com\/wp-content\/uploads\/2023\/10\/dimo.png 391w, https:\/\/ccielyon.com\/wp-content\/uploads\/2023\/10\/dimo-300x145.png 300w\" sizes=\"(max-width: 391px) 100vw, 391px\" \/><\/figure>\n\n\n\n<figure class=\"wp-block-image\"><img decoding=\"async\" width=\"391\" height=\"189\" data-id=\"292642\" src=\"https:\/\/ccielyon.com\/wp-content\/uploads\/2023\/10\/Konectik.png\" alt=\"\" class=\"wp-image-292642\" srcset=\"https:\/\/ccielyon.com\/wp-content\/uploads\/2023\/10\/Konectik.png 391w, https:\/\/ccielyon.com\/wp-content\/uploads\/2023\/10\/Konectik-300x145.png 300w\" sizes=\"(max-width: 391px) 100vw, 391px\" \/><\/figure>\n\n\n\n<figure class=\"wp-block-image\"><img decoding=\"async\" width=\"391\" height=\"189\" data-id=\"292644\" src=\"https:\/\/ccielyon.com\/wp-content\/uploads\/2023\/10\/Saone-Valley.png\" alt=\"\" class=\"wp-image-292644\" srcset=\"https:\/\/ccielyon.com\/wp-content\/uploads\/2023\/10\/Saone-Valley.png 391w, https:\/\/ccielyon.com\/wp-content\/uploads\/2023\/10\/Saone-Valley-300x145.png 300w\" sizes=\"(max-width: 391px) 100vw, 391px\" \/><\/figure>\n\n\n\n<figure class=\"wp-block-image\"><img decoding=\"async\" width=\"391\" height=\"189\" data-id=\"292646\" src=\"https:\/\/ccielyon.com\/wp-content\/uploads\/2023\/10\/Inaya.png\" alt=\"\" class=\"wp-image-292646\" srcset=\"https:\/\/ccielyon.com\/wp-content\/uploads\/2023\/10\/Inaya.png 391w, https:\/\/ccielyon.com\/wp-content\/uploads\/2023\/10\/Inaya-300x145.png 300w\" sizes=\"(max-width: 391px) 100vw, 391px\" \/><\/figure>\n\n\n\n<figure class=\"wp-block-image size-full\"><img decoding=\"async\" width=\"391\" height=\"189\" data-id=\"292612\" src=\"https:\/\/ccielyon.com\/wp-content\/uploads\/2023\/10\/Espresso-ditalia.png\" alt=\"\" class=\"wp-image-292612\" srcset=\"https:\/\/ccielyon.com\/wp-content\/uploads\/2023\/10\/Espresso-ditalia.png 391w, https:\/\/ccielyon.com\/wp-content\/uploads\/2023\/10\/Espresso-ditalia-300x145.png 300w\" sizes=\"(max-width: 391px) 100vw, 391px\" \/><\/figure>\n\n\n\n<figure class=\"wp-block-image size-full\"><img decoding=\"async\" width=\"391\" height=\"189\" data-id=\"620241\" src=\"https:\/\/ccielyon.com\/wp-content\/uploads\/2025\/04\/ACI-francia.png\" alt=\"\" class=\"wp-image-620241\" srcset=\"https:\/\/ccielyon.com\/wp-content\/uploads\/2025\/04\/ACI-francia.png 391w, https:\/\/ccielyon.com\/wp-content\/uploads\/2025\/04\/ACI-francia-300x145.png 300w\" sizes=\"(max-width: 391px) 100vw, 391px\" \/><\/figure>\n\n\n\n<figure class=\"wp-block-image\"><img decoding=\"async\" width=\"391\" height=\"189\" data-id=\"292652\" src=\"https:\/\/ccielyon.com\/wp-content\/uploads\/2023\/10\/Fede-Clara.png\" alt=\"\" class=\"wp-image-292652\" srcset=\"https:\/\/ccielyon.com\/wp-content\/uploads\/2023\/10\/Fede-Clara.png 391w, https:\/\/ccielyon.com\/wp-content\/uploads\/2023\/10\/Fede-Clara-300x145.png 300w\" sizes=\"(max-width: 391px) 100vw, 391px\" \/><\/figure>\n\n\n\n<figure class=\"wp-block-image\"><img decoding=\"async\" width=\"391\" height=\"189\" data-id=\"292654\" src=\"https:\/\/ccielyon.com\/wp-content\/uploads\/2023\/10\/gpa.png\" alt=\"\" class=\"wp-image-292654\" srcset=\"https:\/\/ccielyon.com\/wp-content\/uploads\/2023\/10\/gpa.png 391w, https:\/\/ccielyon.com\/wp-content\/uploads\/2023\/10\/gpa-300x145.png 300w\" sizes=\"(max-width: 391px) 100vw, 391px\" \/><\/figure>\n\n\n\n<figure class=\"wp-block-image\"><img decoding=\"async\" width=\"391\" height=\"189\" data-id=\"292656\" src=\"https:\/\/ccielyon.com\/wp-content\/uploads\/2023\/10\/pagina-27dda.png\" alt=\"\" class=\"wp-image-292656\" srcset=\"https:\/\/ccielyon.com\/wp-content\/uploads\/2023\/10\/pagina-27dda.png 391w, https:\/\/ccielyon.com\/wp-content\/uploads\/2023\/10\/pagina-27dda-300x145.png 300w\" sizes=\"(max-width: 391px) 100vw, 391px\" \/><\/figure>\n\n\n\n<figure class=\"wp-block-image\"><img decoding=\"async\" width=\"391\" height=\"189\" data-id=\"292658\" src=\"https:\/\/ccielyon.com\/wp-content\/uploads\/2023\/10\/fidag.png\" alt=\"\" class=\"wp-image-292658\" srcset=\"https:\/\/ccielyon.com\/wp-content\/uploads\/2023\/10\/fidag.png 391w, https:\/\/ccielyon.com\/wp-content\/uploads\/2023\/10\/fidag-300x145.png 300w\" sizes=\"(max-width: 391px) 100vw, 391px\" \/><\/figure>\n\n\n\n<figure class=\"wp-block-image\"><img decoding=\"async\" width=\"391\" height=\"189\" data-id=\"292660\" src=\"https:\/\/ccielyon.com\/wp-content\/uploads\/2023\/10\/STEF.png\" alt=\"\" class=\"wp-image-292660\" srcset=\"https:\/\/ccielyon.com\/wp-content\/uploads\/2023\/10\/STEF.png 391w, https:\/\/ccielyon.com\/wp-content\/uploads\/2023\/10\/STEF-300x145.png 300w\" sizes=\"(max-width: 391px) 100vw, 391px\" \/><\/figure>\n\n\n\n<figure class=\"wp-block-image size-full is-style-default\"><img decoding=\"async\" width=\"391\" height=\"189\" data-id=\"778585\" src=\"https:\/\/ccielyon.com\/wp-content\/uploads\/2025\/12\/Gallo-associes.png\" alt=\"\" class=\"wp-image-778585\" srcset=\"https:\/\/ccielyon.com\/wp-content\/uploads\/2025\/12\/Gallo-associes.png 391w, https:\/\/ccielyon.com\/wp-content\/uploads\/2025\/12\/Gallo-associes-300x145.png 300w\" sizes=\"(max-width: 391px) 100vw, 391px\" \/><\/figure>\n<\/figure>\n","protected":false},"excerpt":{"rendered":"<p>Devenez adh\u00e9rent et entrez dans notre r\u00e9seau d\u2019affaires. &nbsp;L\u2019adh\u00e9sion est ouverte aux personnes physiques et morales de toute nationalit\u00e9s souhaitant contribuer au d\u00e9veloppement des relations entre la France et l\u2019Italie. RESEAU D\u2019AFFAIRES &nbsp;&nbsp;&nbsp;&nbsp;&nbsp;&nbsp;&nbsp;&nbsp;&nbsp;&nbsp;&nbsp;&nbsp;\u2022&nbsp;&nbsp;&nbsp;&nbsp;&nbsp;&nbsp;&nbsp;&nbsp;&nbsp;&nbsp;Vous pourrez compter sur un partenaire cl\u00e9 pour vous aider \u00e0 faire votre choix sur la meilleure strat\u00e9gie d\u2019entr\u00e9e sur les march\u00e9s fran\u00e7ais &#8230; <a title=\"Devenir membre\" class=\"read-more\" href=\"https:\/\/ccielyon.com\/fr\/devenir-membre\/\" aria-label=\"En savoir plus sur Devenir membre\">(+)<\/a><\/p>\n","protected":false},"author":5,"featured_media":0,"parent":0,"menu_order":0,"comment_status":"closed","ping_status":"closed","template":"","meta":{"footnotes":""},"class_list":["post-2202","page","type-page","status-publish"],"_links":{"self":[{"href":"https:\/\/ccielyon.com\/fr\/wp-json\/wp\/v2\/pages\/2202","targetHints":{"allow":["GET"]}}],"collection":[{"href":"https:\/\/ccielyon.com\/fr\/wp-json\/wp\/v2\/pages"}],"about":[{"href":"https:\/\/ccielyon.com\/fr\/wp-json\/wp\/v2\/types\/page"}],"author":[{"embeddable":true,"href":"https:\/\/ccielyon.com\/fr\/wp-json\/wp\/v2\/users\/5"}],"replies":[{"embeddable":true,"href":"https:\/\/ccielyon.com\/fr\/wp-json\/wp\/v2\/comments?post=2202"}],"version-history":[{"count":0,"href":"https:\/\/ccielyon.com\/fr\/wp-json\/wp\/v2\/pages\/2202\/revisions"}],"wp:attachment":[{"href":"https:\/\/ccielyon.com\/fr\/wp-json\/wp\/v2\/media?parent=2202"}],"curies":[{"name":"wp","href":"https:\/\/api.w.org\/{rel}","templated":true}]}}