{"id":2183,"date":"2020-01-28T18:58:43","date_gmt":"2020-01-28T17:58:43","guid":{"rendered":"http:\/\/ccielyon.com\/assistenza-e-consulenza-especialistica\/"},"modified":"2021-11-21T11:10:42","modified_gmt":"2021-11-21T10:10:42","slug":"assistance-et-conseil-specialistes","status":"publish","type":"page","link":"https:\/\/ccielyon.com\/fr\/assistance-et-conseil-specialistes\/","title":{"rendered":"Assistance et conseil d&rsquo;experts"},"content":{"rendered":"\n<div class=\"wp-block-cover alignfull has-background-dim\" style=\"background-image:url(https:\/\/ccielyon.com\/wp-content\/uploads\/2020\/07\/Consulenza-specialistica-2500x600-1.jpg);min-height:300px;aspect-ratio:unset;\"><div class=\"wp-block-cover__inner-container is-layout-flow wp-block-cover-is-layout-flow\">\n<h1 class=\"has-text-align-center wp-block-heading\">ASSISTANCE ET CONSEILS D&rsquo;EXPERTS<\/h1>\n<\/div><\/div>\n\n\n\n<p>Gr\u00e2ce \u00e0 notre connaissance des march\u00e9s italien et fran\u00e7ais et \u00e0 notre exp\u00e9rience dans l&rsquo;accompagnement des entreprises, nous sommes en mesure d&rsquo;offrir des services cibl\u00e9s aux entreprises pour qu&rsquo;elles atteignent leurs objectifs.<\/p>\n\n\n\n<p>Nous utilisons des outils de recherche efficaces et flexibles et nous nous appuyons sur un important r\u00e9seau de professionnels sur les march\u00e9s italien et fran\u00e7ais, ce qui nous permet d&rsquo;offrir une large gamme de services, allant du conseil pour la cr\u00e9ation de soci\u00e9t\u00e9s et l&rsquo;\u00e9change de biens\/services \u00e0 l&rsquo;assistance juridique pour la r\u00e9daction de contrats et l&rsquo;ouverture d&rsquo;activit\u00e9s commerciales.<\/p>\n\n\n\n<p>Quelques-uns de nos services<\/p>\n\n\n\n<ul class=\"wp-block-list\"><li>traduction et l&rsquo;interpr\u00e9tation ;<\/li><li>assistance juridique (contrats, enregistrement de marques et de brevets, etc.) ;<\/li><li>assistance administrative, fiscale et douani\u00e8re ;<\/li><li>aide au d\u00e9tachement de travailleurs en France ;<\/li><li>soutien op\u00e9rationnel dans toutes les phases de la mise en place (\u00e9laboration de strat\u00e9gies d&rsquo;entr\u00e9e, assistance logistique, s\u00e9lection du personnel) ;<\/li><li>Bureau de repr\u00e9sentation, bureau de projet, succursale de la soci\u00e9t\u00e9 italienne ;<\/li><li>domiciliation physique ou virtuelle des soci\u00e9t\u00e9s\/entit\u00e9s ;<\/li><li>une assistance sp\u00e9cialis\u00e9e pour les op\u00e9rations extraordinaires telles que les coentreprises, les acquisitions et les fusions ;<\/li><li>recouvrement extrajudiciaire de cr\u00e9dits ;<\/li><li>la m\u00e9diation et l&rsquo;arbitrage ;<\/li><li>assistance sp\u00e9cialis\u00e9e pour la participation aux appels d&rsquo;offres en France.<\/li><\/ul>\n\n\n\n<h2 class=\"has-text-align-center wp-block-heading\">Envoyez-nous votre demande ou contactez-nous pour consulter la liste des professionnels associ\u00e9s<\/h2>\n\n\n\n<div class=\"wp-block-buttons is-content-justification-center is-layout-flex wp-container-core-buttons-is-layout-16018d1d wp-block-buttons-is-layout-flex\">\n<div class=\"wp-block-button\"><a class=\"wp-block-button__link wp-element-button\" href=\"https:\/\/ccielyon.com\/fr\/contatti\/\" style=\"border-radius:5px\">Contact<\/a><\/div>\n<\/div>\n\n\n\n<p><\/p>\n","protected":false},"excerpt":{"rendered":"<p>Gr\u00e2ce \u00e0 notre connaissance des march\u00e9s italien et fran\u00e7ais et \u00e0 notre exp\u00e9rience dans l&rsquo;accompagnement des entreprises, nous sommes en mesure d&rsquo;offrir des services cibl\u00e9s aux entreprises pour qu&rsquo;elles atteignent leurs objectifs. Nous utilisons des outils de recherche efficaces et flexibles et nous nous appuyons sur un important r\u00e9seau de professionnels sur les march\u00e9s italien &#8230; <a title=\"Assistance et conseil d&rsquo;experts\" class=\"read-more\" href=\"https:\/\/ccielyon.com\/fr\/assistance-et-conseil-specialistes\/\" aria-label=\"En savoir plus sur Assistance et conseil d&rsquo;experts\">(+)<\/a><\/p>\n","protected":false},"author":2,"featured_media":0,"parent":0,"menu_order":0,"comment_status":"closed","ping_status":"closed","template":"","meta":{"footnotes":""},"class_list":["post-2183","page","type-page","status-publish"],"_links":{"self":[{"href":"https:\/\/ccielyon.com\/fr\/wp-json\/wp\/v2\/pages\/2183","targetHints":{"allow":["GET"]}}],"collection":[{"href":"https:\/\/ccielyon.com\/fr\/wp-json\/wp\/v2\/pages"}],"about":[{"href":"https:\/\/ccielyon.com\/fr\/wp-json\/wp\/v2\/types\/page"}],"author":[{"embeddable":true,"href":"https:\/\/ccielyon.com\/fr\/wp-json\/wp\/v2\/users\/2"}],"replies":[{"embeddable":true,"href":"https:\/\/ccielyon.com\/fr\/wp-json\/wp\/v2\/comments?post=2183"}],"version-history":[{"count":0,"href":"https:\/\/ccielyon.com\/fr\/wp-json\/wp\/v2\/pages\/2183\/revisions"}],"wp:attachment":[{"href":"https:\/\/ccielyon.com\/fr\/wp-json\/wp\/v2\/media?parent=2183"}],"curies":[{"name":"wp","href":"https:\/\/api.w.org\/{rel}","templated":true}]}}